{"id":17465,"date":"2026-02-11T12:03:09","date_gmt":"2026-02-11T11:03:09","guid":{"rendered":"https:\/\/rahtek-dz.com\/product\/gants-latex-steriles\/"},"modified":"2026-02-11T12:03:09","modified_gmt":"2026-02-11T11:03:09","slug":"gants-latex-steriles","status":"publish","type":"product","link":"https:\/\/rahtek-dz.com\/ar\/product\/gants-latex-steriles\/","title":{"rendered":"Gants latex st\u00e9riles"},"content":{"rendered":"<p>Les gants st\u00e9riles en latex sont des gants d&rsquo;examen en latex et non poudr\u00e9s destin\u00e9s \u00e0 un usage unique. Pourquoi utiliser des gants st\u00e9riles ? Nos mains sont de v\u00e9ritables vecteurs de transmission (virus,\u00a0bact\u00e9ries, etc.). En effet, elles transportent au quotidien des millions de bact\u00e9ries et c&rsquo;est ainsi que les maladies se transmettent. C&rsquo;est pourquoi l&rsquo;utilisation de gants st\u00e9riles peut se r\u00e9v\u00e9ler utile voire obligatoire dans certaines situations. Par exemple, l&rsquo;usage de gants st\u00e9riles peut \u00eatre obligatoire pour les soins d&rsquo;un patient, pour la d\u00e9sinfection de plaies, pour l&rsquo;administration d&rsquo;un traitement, pour la chirurgie, etc. Usage et caract\u00e9ristiques des gants st\u00e9riles en latex Thermofina Les gants d&rsquo;examen st\u00e9riles en latex sont r\u00e9serv\u00e9s aux situations n\u00e9cessitant des mesures d&rsquo; asepsie .\u00a0Ces gants st\u00e9riles non r\u00e9utilisables sont reconnus comme des \u00ab\u00a0dispositifs m\u00e9dicaux \u00e0 usage invasif \u00e0 court terme\u00a0\u00bb : ils permettent de prot\u00e9ger le patient ainsi que le praticien de tout risque infectieux. Ils sont ambidextres et garantissent une libert\u00e9 de mouvement et des gestes tr\u00e8s pr\u00e9cis. Les gants st\u00e9riles en latex Thermofina\u00a0ont \u00e9t\u00e9 formul\u00e9s \u00e0 partir de caoutchouc naturel et d&rsquo;additifs chimiques.\u00a0La couleur de ces gants est cr\u00e8me, la manchette \u00e0 bord roul\u00e9 affiche une longueur de 240mm et leur surface est micro-textur\u00e9e. Les gants d&rsquo;examen st\u00e9riles en latex sont disponibles en taille 8.5 sur la Pharmacie des Drakkars, ce qui \u00e9quivaut \u00e0 une taille L. Conditionnement propos\u00e9 par votre pharmacie en ligne : 1 paire de gants d&rsquo;examen st\u00e9riles en latex. Avis du \t\t\t\t\t\t\t                                                                                pharmacien \t\t\t\t\t\t\t                                                                                sur Gants latex st\u00e9riles Une fois l&rsquo;utilisation de vos gants st\u00e9riles terminez, suivant la proc\u00e9dure suivante pour enlever vos gants en toute s\u00e9curit\u00e9 : Prendre et pincer le gant au niveau de la manchette c\u00f4t\u00e9 paume de la main. Enlever le gant en le retournant en un seul geste. Conserver le gant enlev\u00e9 en boule dans l&rsquo;autre main. Saisir le gant restant par la manchette et le retourner d&rsquo;un seul geste. Jeter la paire de gants utilis\u00e9e avant de se laver les mains \u00e0 l&rsquo;eau savonneuse. Pr\u00e9cautions d&rsquo;utilisation : Choisir une taille de gants adapt\u00e9e pour plus de confort. Ne pas porter de bagues ni de faux-ongles pour \u00e9viter de craquer les gants. Portez des gants st\u00e9riles sur des mains propres et s\u00e8ches. Changer r\u00e9guli\u00e8rement de gants, environ toutes les 20 minutes. Enfiler les gants de mani\u00e8re d\u00e9licate. Marque Thermofina R\u00e9f\u00e9rence(s) 2000090021099 Partie du corps Mains Pour qui ? Hommes &#8211; Femmes Mis \u00e0 jour le : 16\/07\/2025<\/p>","protected":false},"excerpt":{"rendered":"<p>Les gants st\u00e9riles en latex sont des gants d&rsquo;examen en latex et non poudr\u00e9s destin\u00e9s \u00e0 un usage unique. Pourquoi<\/p>","protected":false},"featured_media":17464,"comment_status":"open","ping_status":"closed","template":"","meta":{"_acf_changed":false},"product_brand":[],"product_cat":[275],"product_tag":[],"class_list":{"0":"post-17465","1":"product","2":"type-product","3":"status-publish","4":"has-post-thumbnail","6":"product_cat-aide-technique","8":"first","9":"instock","10":"shipping-taxable","11":"product-type-simple"},"acf":[],"df_price":"","df_sale_price":"","df_regular_price":"","df_image_link":"https:\/\/rahtek-dz.com\/wp-content\/uploads\/2026\/02\/w-501-h-501-zc-2-ScanCube-97233518681009979B-front-61fbc37fde6e8.jpg-300x300.webp","_links":{"self":[{"href":"https:\/\/rahtek-dz.com\/ar\/wp-json\/wp\/v2\/product\/17465","targetHints":{"allow":["GET"]}}],"collection":[{"href":"https:\/\/rahtek-dz.com\/ar\/wp-json\/wp\/v2\/product"}],"about":[{"href":"https:\/\/rahtek-dz.com\/ar\/wp-json\/wp\/v2\/types\/product"}],"replies":[{"embeddable":true,"href":"https:\/\/rahtek-dz.com\/ar\/wp-json\/wp\/v2\/comments?post=17465"}],"wp:featuredmedia":[{"embeddable":true,"href":"https:\/\/rahtek-dz.com\/ar\/wp-json\/wp\/v2\/media\/17464"}],"wp:attachment":[{"href":"https:\/\/rahtek-dz.com\/ar\/wp-json\/wp\/v2\/media?parent=17465"}],"wp:term":[{"taxonomy":"product_brand","embeddable":true,"href":"https:\/\/rahtek-dz.com\/ar\/wp-json\/wp\/v2\/product_brand?post=17465"},{"taxonomy":"product_cat","embeddable":true,"href":"https:\/\/rahtek-dz.com\/ar\/wp-json\/wp\/v2\/product_cat?post=17465"},{"taxonomy":"product_tag","embeddable":true,"href":"https:\/\/rahtek-dz.com\/ar\/wp-json\/wp\/v2\/product_tag?post=17465"}],"curies":[{"name":"wp","href":"https:\/\/api.w.org\/{rel}","templated":true}]}}