{"id":17489,"date":"2026-02-11T12:03:11","date_gmt":"2026-02-11T11:03:11","guid":{"rendered":"https:\/\/rahtek-dz.com\/product\/onetouch-verio-bandelettes-reactives\/"},"modified":"2026-02-11T12:03:11","modified_gmt":"2026-02-11T11:03:11","slug":"onetouch-verio-bandelettes-reactives","status":"publish","type":"product","link":"https:\/\/rahtek-dz.com\/ar\/product\/onetouch-verio-bandelettes-reactives\/","title":{"rendered":"OneTouch Verio Bandelettes R\u00e9actives"},"content":{"rendered":"<p>Les bandelettes r\u00e9actives OneTouch Verio s&rsquo;utilisent pour le test de la glyc\u00e9mie avec les lecteurs de glyc\u00e9mie de la gamme OneTouch Verio. Elles vous permettent de contr\u00f4ler votre taux de glyc\u00e9mie \u00e0 la maison. Mode d&rsquo;action de OneTouch Verio Bandelettes R\u00e9actives Les bandelettes r\u00e9actives OneTouch Verio s&rsquo;utilisent avec les lecteurs de glyc\u00e9mie OneTouch Verio . \u00c9quip\u00e9\u00a0d&rsquo;une fonction Coach de Glyc\u00e9mie, ce lecteur vous offre des informations ainsi que des conseils pour vous permettre d&rsquo;agir en cons\u00e9quence en fonction de votre taux de sucre dans le sang. Ce lecteur poss\u00e8de un syst\u00e8me de r\u00e9sultats en couleurs pour que vous puissiez identifier si vous vous trouvez au-dessus, en dessous ou dans votre objectif glyc\u00e9mique. Il fonctionne avec l&rsquo;application mobile OneTouch Reveal, disponible sur iOS ainsi que sur Android. Les bandelettes r\u00e9actives OneTouch Verio offrent une grande fiabilit\u00e9 pour mesurer votre taux de glyc\u00e9mie , et un r\u00e9sultat en seulement 5 secondes. Une faible quantit\u00e9 de sang est n\u00e9cessaire pour un r\u00e9sultat pr\u00e9cis et rapide. Conditionnement propos\u00e9 par la Pharmacie des Drakkars pour\u00a0OneTouch Verio Bandelettes R\u00e9actives : bo\u00eete de 100 bandelettes (2 flacons de 50 bandelettes). Pourquoi utiliser la bandelette r\u00e9active OneTouch Verio ? La gestion du diab\u00e8te est un processus continu qui n\u00e9cessite une surveillance constante pour maintenir des taux de sucre dans le sang stables. Les OneTouch Verio Bandelettes R\u00e9actives sont con\u00e7ues pour vous aider \u00e0 suivre votre taux de sucre dans le sang de mani\u00e8re efficace et pratique. Une pr\u00e9cision optimale pour une gestion efficace de votre diab\u00e8te Les OneTouch Verio Bandelettes R\u00e9actives sont sp\u00e9cialement con\u00e7ues pour \u00eatre utilis\u00e9es avec les glucom\u00e8tres OneTouch Verio, pour vous assurer une pr\u00e9cision optimale pour vos tests de glyc\u00e9mie. Cela vous donne la possibilit\u00e9 de prendre des d\u00e9cisions \u00e9clair\u00e9es pour maintenir des niveaux de sucre dans le sang stables. Une utilisation simple et rapide pour une gestion pratique de votre diab\u00e8te Les OneTouch Verio Bandelettes R\u00e9actives sont faciles \u00e0 utiliser, vous n&rsquo;avez besoin que de 0.5 \u00b5l de sang pour r\u00e9aliser un test de glyc\u00e9mie, leur utilisation est rapide et ne prend que 5 secondes. Leur bo\u00eetier de transport compact vous permet de les emporter avec vous pour une utilisation flexible et s\u00fbre de vos tests de sucre dans le sang. L&rsquo;utilisation des bandelettes r\u00e9actives pour\u00a0OneTouch Verio\u00a0vous assurent une pr\u00e9cision optimale pour vos tests de glyc\u00e9mie, une condition cl\u00e9 pour g\u00e9rer efficacement votre diab\u00e8te. Leur utilisation simple et rapide vous permet de vous concentrer sur votre sant\u00e9. Avis du \t\t\t\t\t\t\t                                                                                pharmacien \t\t\t\t\t\t\t                                                                                sur OneTouch Verio Bandelettes R\u00e9actives Lire attentivement la notice du lecteur de glyc\u00e9mie avant utilisation. Pr\u00e9cautions d&#8217;emploi : Ne pas utiliser chez les patients ayant fait un test d&rsquo;absorption au D-xylose dans les 24 heures pr\u00e9c\u00e9dentes, et\/ou en pr\u00e9sence \u00e9tablie ou pr\u00e9sum\u00e9e de Pralidoxime. Ne pas utiliser pour diagnostiquer ou d\u00e9pister le diab\u00e8te, ainsi que chez les nouveau-n\u00e9s. Marque OneTouch R\u00e9f\u00e9rence(s) 7613427013039 Mis \u00e0 jour le : 24\/07\/2025<\/p>","protected":false},"excerpt":{"rendered":"<p>Les bandelettes r\u00e9actives OneTouch Verio s&rsquo;utilisent pour le test de la glyc\u00e9mie avec les lecteurs de glyc\u00e9mie de la gamme<\/p>","protected":false},"featured_media":17488,"comment_status":"open","ping_status":"closed","template":"","meta":{"_acf_changed":false},"product_brand":[],"product_cat":[275],"product_tag":[],"class_list":{"0":"post-17489","1":"product","2":"type-product","3":"status-publish","4":"has-post-thumbnail","6":"product_cat-aide-technique","8":"first","9":"instock","10":"shipping-taxable","11":"product-type-simple"},"acf":[],"df_price":"","df_sale_price":"","df_regular_price":"","df_image_link":"https:\/\/rahtek-dz.com\/wp-content\/uploads\/2026\/02\/w-501-h-501-zc-2-onetouch-verio-bandelettes-reactives-onetouch6-1747730355.jpg-300x300.webp","_links":{"self":[{"href":"https:\/\/rahtek-dz.com\/ar\/wp-json\/wp\/v2\/product\/17489","targetHints":{"allow":["GET"]}}],"collection":[{"href":"https:\/\/rahtek-dz.com\/ar\/wp-json\/wp\/v2\/product"}],"about":[{"href":"https:\/\/rahtek-dz.com\/ar\/wp-json\/wp\/v2\/types\/product"}],"replies":[{"embeddable":true,"href":"https:\/\/rahtek-dz.com\/ar\/wp-json\/wp\/v2\/comments?post=17489"}],"wp:featuredmedia":[{"embeddable":true,"href":"https:\/\/rahtek-dz.com\/ar\/wp-json\/wp\/v2\/media\/17488"}],"wp:attachment":[{"href":"https:\/\/rahtek-dz.com\/ar\/wp-json\/wp\/v2\/media?parent=17489"}],"wp:term":[{"taxonomy":"product_brand","embeddable":true,"href":"https:\/\/rahtek-dz.com\/ar\/wp-json\/wp\/v2\/product_brand?post=17489"},{"taxonomy":"product_cat","embeddable":true,"href":"https:\/\/rahtek-dz.com\/ar\/wp-json\/wp\/v2\/product_cat?post=17489"},{"taxonomy":"product_tag","embeddable":true,"href":"https:\/\/rahtek-dz.com\/ar\/wp-json\/wp\/v2\/product_tag?post=17489"}],"curies":[{"name":"wp","href":"https:\/\/api.w.org\/{rel}","templated":true}]}}