{"id":17534,"date":"2026-02-11T12:03:14","date_gmt":"2026-02-11T11:03:14","guid":{"rendered":"https:\/\/rahtek-dz.com\/product\/polanine-spray-nasal-allergie\/"},"modified":"2026-02-11T12:03:14","modified_gmt":"2026-02-11T11:03:14","slug":"polanine-spray-nasal-allergie","status":"publish","type":"product","link":"https:\/\/rahtek-dz.com\/ar\/product\/polanine-spray-nasal-allergie\/","title":{"rendered":"Polanine Spray Nasal Allergie"},"content":{"rendered":"<p>Le spray nasal allergie Polanine est un dispositif m\u00e9dical propos\u00e9 par la marque Sant\u00e9 Verte . Il s&rsquo;adresse aux personnes allergiques , en pr\u00e9vention et traitement des sympt\u00f4mes de\u00a0la rhinite allergique. propri\u00e9t\u00e9s du spray nasal polanine allergie Ce spray nasal est indiqu\u00e9 \u00e0 toutes les personnes souffrant d&rsquo; allergies : pollen, acariens, poils d&rsquo;animaux &#8230; Il contribue \u00e0 pr\u00e9venir et soulager les sympt\u00f4mes de la rhinite allergique , \u00e0 savoir les d\u00e9mangeaisons, les irritations, l&rsquo;\u00e9coulement nasal et les \u00e9ternuements. Sa formule agit efficacement en venant d\u00e9poser un film protecteur sur la muqueuse nasale, limitant ainsi les contacts avec les allerg\u00e8nes. L&rsquo;aloe vera apporte ses propri\u00e9t\u00e9s hydratantes et apaisantes. Le spray Polanine renferme \u00e9galement un duo d&rsquo;huiles essentielles, l&rsquo;eucalyptus radi\u00e9 et le sapin, traditionnellement employ\u00e9es pour purifier, rafra\u00eechir, d\u00e9congestionner et favoriser le confort respiratoire . Destin\u00e9 aux adultes et aux enfants \u00e0 partir de 6 ans, le spray nasal Polanine Allergie n&rsquo;entra\u00eene aucun effet de somnolence. De par son format, il est facile \u00e0 utiliser \u00e0 tout moment de la journ\u00e9e, et sera un alli\u00e9 bienvenu au retour du printemps. Il peut \u00eatre utilis\u00e9 en association avec les comprim\u00e9s Polanine pour une action globale sur les allergies. Pr\u00e9sentation propos\u00e9e pour le spray nasal allergie Polanine sur notre pharmacie en ligne : Spray de 20 ml Avis du \t\t\t\t\t\t\t                                                                                pharmacien \t\t\t\t\t\t\t                                                                                sur Polanine Spray Nasal Allergie Pour les adultes et les enfants \u00e0 partir de 6 ans : effectuez 1 pulv\u00e9risation dans chaque narine, maximum 3 fois par jour. Pr\u00e9cautions d&#8217;emploi du spray nasal allergie Polanine : Lire attentivement la notice avant utilisation. Maintenir hors de port\u00e9e des enfants. A conserver dans un endroit frais et sec. A utiliser dans le mois suivant l&rsquo;ouverture. Marque Sant\u00e9 Verte R\u00e9f\u00e9rence(s) 3700695201368 Mis \u00e0 jour le : 07\/02\/2026<\/p>","protected":false},"excerpt":{"rendered":"<p>Le spray nasal allergie Polanine est un dispositif m\u00e9dical propos\u00e9 par la marque Sant\u00e9 Verte . Il s&rsquo;adresse aux personnes<\/p>","protected":false},"featured_media":17533,"comment_status":"open","ping_status":"closed","template":"","meta":{"_acf_changed":false},"product_brand":[],"product_cat":[275],"product_tag":[],"class_list":{"0":"post-17534","1":"product","2":"type-product","3":"status-publish","4":"has-post-thumbnail","6":"product_cat-aide-technique","8":"first","9":"instock","10":"shipping-taxable","11":"product-type-simple"},"acf":[],"df_price":"","df_sale_price":"","df_regular_price":"","df_image_link":"https:\/\/rahtek-dz.com\/wp-content\/uploads\/2026\/02\/w-501-h-501-zc-2-polanine-spray-nasal-allergie-sante-verte6-1769601408.jpg-300x300.webp","_links":{"self":[{"href":"https:\/\/rahtek-dz.com\/ar\/wp-json\/wp\/v2\/product\/17534","targetHints":{"allow":["GET"]}}],"collection":[{"href":"https:\/\/rahtek-dz.com\/ar\/wp-json\/wp\/v2\/product"}],"about":[{"href":"https:\/\/rahtek-dz.com\/ar\/wp-json\/wp\/v2\/types\/product"}],"replies":[{"embeddable":true,"href":"https:\/\/rahtek-dz.com\/ar\/wp-json\/wp\/v2\/comments?post=17534"}],"wp:featuredmedia":[{"embeddable":true,"href":"https:\/\/rahtek-dz.com\/ar\/wp-json\/wp\/v2\/media\/17533"}],"wp:attachment":[{"href":"https:\/\/rahtek-dz.com\/ar\/wp-json\/wp\/v2\/media?parent=17534"}],"wp:term":[{"taxonomy":"product_brand","embeddable":true,"href":"https:\/\/rahtek-dz.com\/ar\/wp-json\/wp\/v2\/product_brand?post=17534"},{"taxonomy":"product_cat","embeddable":true,"href":"https:\/\/rahtek-dz.com\/ar\/wp-json\/wp\/v2\/product_cat?post=17534"},{"taxonomy":"product_tag","embeddable":true,"href":"https:\/\/rahtek-dz.com\/ar\/wp-json\/wp\/v2\/product_tag?post=17534"}],"curies":[{"name":"wp","href":"https:\/\/api.w.org\/{rel}","templated":true}]}}