{"id":17538,"date":"2026-02-11T12:03:14","date_gmt":"2026-02-11T11:03:14","guid":{"rendered":"https:\/\/rahtek-dz.com\/product\/avene-lait-solaire-spf50\/"},"modified":"2026-02-11T12:03:15","modified_gmt":"2026-02-11T11:03:15","slug":"avene-lait-solaire-spf50","status":"publish","type":"product","link":"https:\/\/rahtek-dz.com\/ar\/product\/avene-lait-solaire-spf50\/","title":{"rendered":"Av\u00e8ne Lait Solaire SPF50+"},"content":{"rendered":"<p>Le Lait Solaire SPF 50+ de Av\u00e8ne est une tr\u00e8s haute protection solaire pour peaux sensibles , r\u00e9sistante \u00e0 l&rsquo;eau et sans effet blanc.\u00a0Il pr\u00e9vient les effets n\u00e9fastes cutan\u00e9s li\u00e9s aux\u00a0UV, au stress oxydatif et calme la peau des \u00e9ventuelles irritations dues \u00e0 l&rsquo;exposition. Une protection compl\u00e8te avec le lait solaire spf50+ Av\u00e8ne Le lait solaire SPF\u00a050+ Av\u00e8ne procure\u00a0une tr\u00e8s haute protection solaire \u00e0 toutes les peaux, m\u00eame sensibles au soleil\u00a0en cas d&rsquo;ensoleillement intense. Il permet de prot\u00e9ger les cellules du stress oxydatif responsable du\u00a0vieillissement cutan\u00e9 pr\u00e9matur\u00e9 et de prot\u00e9ger la peau de la d\u00e9shydratation gr\u00e2ce \u00e0 son\u00a0hydratation longue dur\u00e9e (6 heures) offrant\u00a0une sensation de confort imm\u00e9diate et durable. Pour offrir \u00e0 votre peau cette protection optimale, le lait solaire Av\u00e8ne SPF50+ repose sur une formulation protectrice, apaisante et antioxydante. En effet, 4 filtres solaires prot\u00e8gent des rayons du soleil, les UVA (responsables du vieillissement de la peau et des taches pigmentaires) et UVB (responsables des coups de soleil, des br\u00fblures). Le complexe antioxydant form\u00e9 de pr\u00e9-tocoph\u00e9ryl, un d\u00e9riv\u00e9 de la vitamine E et de thialidine prot\u00e8gent les cellules du stress oxydatif tandis que\u00a0l&rsquo;eau thermale d&rsquo;Av\u00e8ne, riche en actifs naturels, est reconnue apaisante, adoucissante et anti-irritante. Elle est id\u00e9ale pour les peaux sensibles. Les plus du lait solaire Av\u00e8ne SPF50+ : Sa texture fluide ne laisse pas d&rsquo;effet blanc pour un fini invisible et\u00a0il r\u00e9siste tr\u00e8s bien \u00e0 l&rsquo;eau pour vous garantir des baignades en toute s\u00e9curit\u00e9. Av\u00e8ne s&rsquo;est engag\u00e9 \u00e0 respecter l&rsquo;environnement \u00e0 travers\u00a0le programme\u00a0Skin Protect Ocean Respect afin de minimiser l&rsquo;impact de ses soins solaires, notamment sur le milieu marin, tout en vous prot\u00e9geant de mani\u00e8re optimale\u00a0contre les rayons du soleil. Pr\u00e9sentation propos\u00e9e par votre pharmacie en ligne : tube de 250ml de lait solaire SPF50+ Av\u00e8ne. Avis du \t\t\t\t\t\t\t                                                                                pharmacien \t\t\t\t\t\t\t                                                                                sur Av\u00e8ne Lait Solaire SPF50+ Avant toute exposition au soleil, appliquer le produit en quantit\u00e9 suffisante sur l&rsquo;ensemble du corps (par exemple, 2 doigts de produit sur le bras). Renouvelez fr\u00e9quemment l\u2019application pour maintenir la protection, surtout apr\u00e8s avoir transpir\u00e9, avoir nag\u00e9 ou vous \u00eatre essuy\u00e9.  Il est conseill\u00e9 d&rsquo;hydrater intens\u00e9ment sa peau apr\u00e8s une exposition au soleil, d\u00e9couvrez donc tous nos soins apr\u00e8s-soleil . Marque Av\u00e8ne Solaires R\u00e9f\u00e9rence(s) 3282770396874, 3282770396881 Partie du corps Visage &#8211; Corps SPF 50+ Type de peau Sensible Type de soin Solaire Mis \u00e0 jour le : 05\/02\/2026<\/p>","protected":false},"excerpt":{"rendered":"<p>Le Lait Solaire SPF 50+ de Av\u00e8ne est une tr\u00e8s haute protection solaire pour peaux sensibles , r\u00e9sistante \u00e0 l&rsquo;eau<\/p>","protected":false},"featured_media":17537,"comment_status":"open","ping_status":"closed","template":"","meta":{"_acf_changed":false},"product_brand":[],"product_cat":[275],"product_tag":[],"class_list":{"0":"post-17538","1":"product","2":"type-product","3":"status-publish","4":"has-post-thumbnail","6":"product_cat-aide-technique","8":"first","9":"instock","10":"shipping-taxable","11":"product-type-simple"},"acf":[],"df_price":"","df_sale_price":"","df_regular_price":"","df_image_link":"https:\/\/rahtek-dz.com\/wp-content\/uploads\/2026\/02\/w-501-h-501-zc-2-avene-lait-solaire-spf50-avene-solaires8-1742571625.jpg-300x300.webp","_links":{"self":[{"href":"https:\/\/rahtek-dz.com\/ar\/wp-json\/wp\/v2\/product\/17538","targetHints":{"allow":["GET"]}}],"collection":[{"href":"https:\/\/rahtek-dz.com\/ar\/wp-json\/wp\/v2\/product"}],"about":[{"href":"https:\/\/rahtek-dz.com\/ar\/wp-json\/wp\/v2\/types\/product"}],"replies":[{"embeddable":true,"href":"https:\/\/rahtek-dz.com\/ar\/wp-json\/wp\/v2\/comments?post=17538"}],"wp:featuredmedia":[{"embeddable":true,"href":"https:\/\/rahtek-dz.com\/ar\/wp-json\/wp\/v2\/media\/17537"}],"wp:attachment":[{"href":"https:\/\/rahtek-dz.com\/ar\/wp-json\/wp\/v2\/media?parent=17538"}],"wp:term":[{"taxonomy":"product_brand","embeddable":true,"href":"https:\/\/rahtek-dz.com\/ar\/wp-json\/wp\/v2\/product_brand?post=17538"},{"taxonomy":"product_cat","embeddable":true,"href":"https:\/\/rahtek-dz.com\/ar\/wp-json\/wp\/v2\/product_cat?post=17538"},{"taxonomy":"product_tag","embeddable":true,"href":"https:\/\/rahtek-dz.com\/ar\/wp-json\/wp\/v2\/product_tag?post=17538"}],"curies":[{"name":"wp","href":"https:\/\/api.w.org\/{rel}","templated":true}]}}