{"id":17540,"date":"2026-02-11T12:03:15","date_gmt":"2026-02-11T11:03:15","guid":{"rendered":"https:\/\/rahtek-dz.com\/product\/embouts-pour-thermometre-veroval-fievre\/"},"modified":"2026-02-11T12:03:15","modified_gmt":"2026-02-11T11:03:15","slug":"embouts-pour-thermometre-veroval-fievre","status":"publish","type":"product","link":"https:\/\/rahtek-dz.com\/ar\/product\/embouts-pour-thermometre-veroval-fievre\/","title":{"rendered":"Embouts pour Thermom\u00e8tre Veroval Fi\u00e8vre"},"content":{"rendered":"<p>Les embouts pour thermom\u00e8tre Veroval\u00a0du laboratoire Hartmann sont des embouts sp\u00e9cialement con\u00e7us pour s&rsquo;adapter sur le thermom\u00e8tre Veroval\u00a0Fi\u00e8vre de la marque. Les embouts auriculaires Veroval\u00a0Fi\u00e8vre sont des\u00a0accessoires indispensables pour une prise de temp\u00e9rature \u00e0 l&rsquo;oreille s\u00e9curis\u00e9e et hygi\u00e9nique. Compatibles avec le thermom\u00e8tre Veroval\u00a0Fi\u00e8vre (mod\u00e8le de thermom\u00e8tre\u00a0auriculaire et frontal Veroval DS 22 ), ils jouent un r\u00f4le primordial dans la protection de la sant\u00e9 de vos patients et l&rsquo;optimisation de vos mesures, et vous permettront d&rsquo; \u00e9viter de transmettre des microbes ou des pathog\u00e8nes d&rsquo;un patient \u00e0 l&rsquo;autre. Quels sont les int\u00e9r\u00eats des\u00a0embouts pour thermom\u00e8tre Veroval\u00a0Fi\u00e8vre ? Les embouts de thermom\u00e8tre\u00a0Veroval ont \u00e9t\u00e9 \u00e9labor\u00e9s en prenant en compte la sensibilit\u00e9 cutan\u00e9e de chacun(e). Leur composition est en effet\u00a0garantie sans latex et sans DEHP (Di-\u00c9thylHexyl Phtalate), afin de r\u00e9duire les risques d&rsquo;allergies, de r\u00e9action ou d&rsquo;irritations cutan\u00e9es. La texture douce et flexible de l&#8217;embout assure un confort optimal pour le patient, m\u00eame en cas de mesures r\u00e9p\u00e9t\u00e9es, ce qui facilite les actes de soins. Ces embouts ont une\u00a0conception pens\u00e9e pour assurer la pr\u00e9cision de la lecture. Ils s&rsquo;adaptent parfaitement \u00e0 la forme du conduit auditif, pour un positionnement optimal du capteur du thermom\u00e8tre. Ceci permet une transmission optimale de la chaleur vers le capteur infrarouge, et\u00a0r\u00e9duit le risque d&rsquo;erreurs lors de la prise de temp\u00e9rature. Ils permettent \u00e9galement de r\u00e9duire le\u00a0risque de blessures accidentelles lors de l&rsquo;insertion. Simples \u00e0 mettre en place et \u00e0 retirer apr\u00e8s usage, les embouts pour thermom\u00e8tre Veroval\u00a0Fi\u00e8vre sont r\u00e9serv\u00e9s \u00e0 un usage unique, afin d&rsquo;\u00e9liminer tout risque de contamination crois\u00e9e entre les utilisateurs (Compliance to claim, Veroval embouts, 20\/04\/2020).\u00a0Ces embouts vous permettent ainsi d&rsquo; \u00e9viter d&rsquo;avoir \u00e0 d\u00e9sinfecter la sonde du thermom\u00e8tre apr\u00e8s chaque mesure de temp\u00e9rature, pour plus de simplicit\u00e9 d&rsquo;utilisation et de gain de temps au quotidien. Les\u00a0embouts pour thermom\u00e8tre Veroval\u00a0Fi\u00e8vre constituent ainsi aussi bien une protection pour les patients que pour le thermom\u00e8tre lui-m\u00eame, en \u00e9vitant de le salir ou de\u00a0l&rsquo;exposer directement aux microbes. Vous pourrez s\u00e9lectionner les\u00a0embouts pour thermom\u00e8tre Veroval\u00a0Fi\u00e8vre d&rsquo;Hartmann parmi les pr\u00e9sentations suivantes sur notre pharmacie en ligne : bo\u00eete de 20 embouts \u00e0 usage unique. Avis du \t\t\t\t\t\t\t                                                                                pharmacien \t\t\t\t\t\t\t                                                                                sur Embouts pour Thermom\u00e8tre Veroval Fi\u00e8vre Appliquez l&#8217;embout Veroval \u00e0 l&rsquo;extr\u00e9mit\u00e9 du thermom\u00e8tre. Retirez et jetez l&#8217;embout apr\u00e8s utilisation. Marque Hartmann R\u00e9f\u00e9rence(s) 4052199292519 Mis \u00e0 jour le : 27\/11\/2025<\/p>","protected":false},"excerpt":{"rendered":"<p>Les embouts pour thermom\u00e8tre Veroval\u00a0du laboratoire Hartmann sont des embouts sp\u00e9cialement con\u00e7us pour s&rsquo;adapter sur le thermom\u00e8tre Veroval\u00a0Fi\u00e8vre de la<\/p>","protected":false},"featured_media":17539,"comment_status":"open","ping_status":"closed","template":"","meta":{"_acf_changed":false},"product_brand":[],"product_cat":[275],"product_tag":[],"class_list":{"0":"post-17540","1":"product","2":"type-product","3":"status-publish","4":"has-post-thumbnail","6":"product_cat-aide-technique","8":"first","9":"instock","10":"shipping-taxable","11":"product-type-simple"},"acf":[],"df_price":"","df_sale_price":"","df_regular_price":"","df_image_link":"https:\/\/rahtek-dz.com\/wp-content\/uploads\/2026\/02\/w-501-h-501-zc-2-embouts-pour-thermometre-veroval-fievre-hartmann1-1766480770.jpg-300x300.webp","_links":{"self":[{"href":"https:\/\/rahtek-dz.com\/ar\/wp-json\/wp\/v2\/product\/17540","targetHints":{"allow":["GET"]}}],"collection":[{"href":"https:\/\/rahtek-dz.com\/ar\/wp-json\/wp\/v2\/product"}],"about":[{"href":"https:\/\/rahtek-dz.com\/ar\/wp-json\/wp\/v2\/types\/product"}],"replies":[{"embeddable":true,"href":"https:\/\/rahtek-dz.com\/ar\/wp-json\/wp\/v2\/comments?post=17540"}],"wp:featuredmedia":[{"embeddable":true,"href":"https:\/\/rahtek-dz.com\/ar\/wp-json\/wp\/v2\/media\/17539"}],"wp:attachment":[{"href":"https:\/\/rahtek-dz.com\/ar\/wp-json\/wp\/v2\/media?parent=17540"}],"wp:term":[{"taxonomy":"product_brand","embeddable":true,"href":"https:\/\/rahtek-dz.com\/ar\/wp-json\/wp\/v2\/product_brand?post=17540"},{"taxonomy":"product_cat","embeddable":true,"href":"https:\/\/rahtek-dz.com\/ar\/wp-json\/wp\/v2\/product_cat?post=17540"},{"taxonomy":"product_tag","embeddable":true,"href":"https:\/\/rahtek-dz.com\/ar\/wp-json\/wp\/v2\/product_tag?post=17540"}],"curies":[{"name":"wp","href":"https:\/\/api.w.org\/{rel}","templated":true}]}}