{"id":17542,"date":"2026-02-11T12:03:15","date_gmt":"2026-02-11T11:03:15","guid":{"rendered":"https:\/\/rahtek-dz.com\/product\/solgar-multivitamine-homme\/"},"modified":"2026-02-11T12:03:15","modified_gmt":"2026-02-11T11:03:15","slug":"solgar-multivitamine-homme","status":"publish","type":"product","link":"https:\/\/rahtek-dz.com\/ar\/product\/solgar-multivitamine-homme\/","title":{"rendered":"Solgar Multivitamine Homme"},"content":{"rendered":"<p>Multivitamine Homme est un compl\u00e9ment alimentaire du laboratoire Solgar pour accompagner les homme au quotidien et soutenir leur \u00e9nergie tout au long de la journ\u00e9e. Il repose sur un complexe haut de gamme et se pr\u00e9sente sous la forme de g\u00e9lules. Quelles sont les caract\u00e9ristiques du compl\u00e9ment alimentaire Multivitamine Homme Solgar ? Les vitamines et les min\u00e9raux sont des micronutriments essentiels qui agissent en synergie, leurs interactions influen\u00e7ant leur absorption, leur m\u00e9tabolisme et leurs effets sur l\u2019organisme. Indispensables au bon fonctionnement du corps, ils interviennent notamment dans la production d\u2019\u00e9nergie , le renforcement du syst\u00e8me immunitaire et la formation des os et des tissus . Comme l\u2019organisme ne peut pas les synth\u00e9tiser en quantit\u00e9 suffisante, ils doivent \u00eatre fournis par l\u2019alimentation ou, si n\u00e9cessaire, par la suppl\u00e9mentation. Solgar Multivitamine Homme repose sur une formule compl\u00e8te et haut de gamme comprenant 13 vitamines et 7 min\u00e9raux afin de soutenir une vie active et maintenir l&rsquo;\u00e9nergie tout au long de la journ\u00e9e : Le magn\u00e9sium et les vitamines C, B2, B3, B6, B9 et B12 contribuent \u00e0 r\u00e9duire la fatigue pour soutenir l&rsquo;\u00e9nergie au quotidien ; Le zinc, le cuivre, le s\u00e9l\u00e9nium et les vitamines B12, D3 et C participent au fonctionnement normal du syst\u00e8me immunitaire et aident donc \u00e0 prot\u00e9ger l&rsquo;organisme. Conditionnement disponible sur notre pharmacie en ligne pour Solgar Multivitamine\u00a0Homme : flacon de 60 g\u00e9lules v\u00e9g\u00e9tales. Avis du \t\t\t\t\t\t\t                                                                                pharmacien \t\t\t\t\t\t\t                                                                                sur Solgar Multivitamine Homme Solgar Multivitamine Homme est un compl\u00e9ment alimentaire dont l&rsquo;usage est exclusivement r\u00e9serv\u00e9 \u00e0 l&rsquo;adulte.  Il est indiqu\u00e9 de prendre 2 g\u00e9lules par jour \u00e0 avaler de pr\u00e9f\u00e9rence au moment du repas.  La dur\u00e9e de prise recommand\u00e9e est d&rsquo;un mois (\u00e0 renouveler si besoin).  Pr\u00e9cautions d&#8217;emploi : D\u00e9conseill\u00e9 aux fumeurs. D\u00e9conseill\u00e9 en cas de\u00a0traitement anticoagulant, troubles de la thyro\u00efde, traitement antidiab\u00e9tique. Si vous prenez d&rsquo;autres m\u00e9dicaments : consulter votre professionnel de sant\u00e9 avant utilisation. D\u00e9conseill\u00e9 aux femmes enceintes ou qui allaitent. Tenir hors de port\u00e9e des enfants. Conserver \u00e0 temp\u00e9rature ambiante. Ne pas utiliser si l&rsquo;opercule interne du flacon est manquant ou endommag\u00e9. Les compl\u00e9ments alimentaires ne peuvent pas \u00eatre utilis\u00e9s comme substituts d&rsquo;un r\u00e9gime vari\u00e9 et \u00e9quilibr\u00e9 et d&rsquo;un mode de vie sain. Marque Solgar R\u00e9f\u00e9rence(s) 0033984016965 Mis \u00e0 jour le : 04\/02\/2026<\/p>","protected":false},"excerpt":{"rendered":"<p>Multivitamine Homme est un compl\u00e9ment alimentaire du laboratoire Solgar pour accompagner les homme au quotidien et soutenir leur \u00e9nergie tout<\/p>","protected":false},"featured_media":17541,"comment_status":"open","ping_status":"closed","template":"","meta":{"_acf_changed":false},"product_brand":[],"product_cat":[275],"product_tag":[],"class_list":{"0":"post-17542","1":"product","2":"type-product","3":"status-publish","4":"has-post-thumbnail","6":"product_cat-aide-technique","8":"first","9":"instock","10":"shipping-taxable","11":"product-type-simple"},"acf":[],"df_price":"","df_sale_price":"","df_regular_price":"","df_image_link":"https:\/\/rahtek-dz.com\/wp-content\/uploads\/2026\/02\/w-501-h-501-zc-2-solgar-multivitamine-homme-solgar4-1770280022.jpg-300x300.webp","_links":{"self":[{"href":"https:\/\/rahtek-dz.com\/ar\/wp-json\/wp\/v2\/product\/17542","targetHints":{"allow":["GET"]}}],"collection":[{"href":"https:\/\/rahtek-dz.com\/ar\/wp-json\/wp\/v2\/product"}],"about":[{"href":"https:\/\/rahtek-dz.com\/ar\/wp-json\/wp\/v2\/types\/product"}],"replies":[{"embeddable":true,"href":"https:\/\/rahtek-dz.com\/ar\/wp-json\/wp\/v2\/comments?post=17542"}],"wp:featuredmedia":[{"embeddable":true,"href":"https:\/\/rahtek-dz.com\/ar\/wp-json\/wp\/v2\/media\/17541"}],"wp:attachment":[{"href":"https:\/\/rahtek-dz.com\/ar\/wp-json\/wp\/v2\/media?parent=17542"}],"wp:term":[{"taxonomy":"product_brand","embeddable":true,"href":"https:\/\/rahtek-dz.com\/ar\/wp-json\/wp\/v2\/product_brand?post=17542"},{"taxonomy":"product_cat","embeddable":true,"href":"https:\/\/rahtek-dz.com\/ar\/wp-json\/wp\/v2\/product_cat?post=17542"},{"taxonomy":"product_tag","embeddable":true,"href":"https:\/\/rahtek-dz.com\/ar\/wp-json\/wp\/v2\/product_tag?post=17542"}],"curies":[{"name":"wp","href":"https:\/\/api.w.org\/{rel}","templated":true}]}}