{"id":17544,"date":"2026-02-11T12:03:15","date_gmt":"2026-02-11T11:03:15","guid":{"rendered":"https:\/\/rahtek-dz.com\/product\/dafalgan\/"},"modified":"2026-02-11T12:03:15","modified_gmt":"2026-02-11T11:03:15","slug":"dafalgan","status":"publish","type":"product","link":"https:\/\/rahtek-dz.com\/ar\/product\/dafalgan\/","title":{"rendered":"Dafalgan"},"content":{"rendered":"<p>Le m\u00e9dicament Dafalgan 500, 600 mg ou 1000 mg est un analg\u00e9sique et antipyr\u00e9tique utilis\u00e9 pour soulager la douleur et r\u00e9duire la fi\u00e8vre . Il contient du parac\u00e9tamol , un ingr\u00e9dient actif connu pour soulager la douleur et r\u00e9duire la fi\u00e8vre et est indiqu\u00e9 dans le traitement symptomatique des douleurs d&rsquo;intensit\u00e9 l\u00e9g\u00e8re \u00e0 mod\u00e9r\u00e9e et\/ou des \u00e9tats f\u00e9briles. Dafalgan : INFORMATIONS ET INDICATIONS Le m\u00e9dicament Dafalgan est indiqu\u00e9 dans le traitement symptomatique des douleurs d&rsquo;intensit\u00e9 l\u00e9g\u00e8re \u00e0 mod\u00e9r\u00e9e et\/ou des \u00e9tats f\u00e9briles . Il peut ainsi \u00eatre utilis\u00e9 pour soulager les sympt\u00f4mes de diverses affections telles que les maux de t\u00eate, les douleurs musculaires, les douleurs li\u00e9es aux r\u00e8gles et les douleurs dentaires. Il peut \u00e9galement \u00eatre utilis\u00e9 pour r\u00e9duire la fi\u00e8vre associ\u00e9e \u00e0 des infections, comme les rhumes et la grippe. La version Dafalgan 1000 mg est r\u00e9serv\u00e9e \u00e0 l\u2019adulte et \u00e0 l\u2019enfant de plus de 50 kg (environ 15 ans). La version Dafalgan 600 mg peut \u00eatre utilis\u00e9e chez l&rsquo;adulte et l&rsquo;enfant de plus de 30 kg (environ 10 ans) et la version 500 mg peut \u00eatre utilis\u00e9e chez l&rsquo;adulte et l&rsquo;enfant \u00e0 partir de 27\u00a0kg (environ 8\u00a0ans). Dafalgan 500 mg : posologie et pr\u00e9cautions d&#8217;emploi Quelle que soit la pr\u00e9sentation s\u00e9lectionn\u00e9e, l\u2019administration du m\u00e9dicament Dafalgan 500 mg s\u2019effectue par voie orale . Le comprim\u00e9 et la g\u00e9lule sont \u00e0 avaler tels quels avec une boisson (par exemple eau, lait, jus de fruit). Les comprim\u00e9s effervescents doivent \u00eatre dilu\u00e9s dans un verre d\u2019eau. La prise de comprim\u00e9 est contre-indiqu\u00e9e chez l&rsquo;enfant de moins de 6 ans, car elle peut entra\u00eener une fausse-route : privil\u00e9giez la forme effervescente dans ce cas. Chez l\u2019adulte, il est recommand\u00e9 de prendre 1 comprim\u00e9, 1 g\u00e9lule ou 1 comprim\u00e9 effervescent de 500 mg, jusqu&rsquo;\u00e0 3 fois par jour, avec un verre d&rsquo;eau. Il est important de ne pas d\u00e9passer la dose maximale de 4 g par jour. Chez l&rsquo;enfant, il est imp\u00e9ratif de respecter les posologies d\u00e9finies en fonction du poids de l&rsquo;enfant et donc de choisir une pr\u00e9sentation adapt\u00e9e. La dose quotidienne de parac\u00e9tamol recommand\u00e9e est d&rsquo;environ 60 mg\/kg\/jour, \u00e0 r\u00e9partir en 4 ou 6 prises, soit environ 15 mg\/kg toutes les 6 heures ou 10 mg\/kg toutes les 4 heures . La dose journali\u00e8re efficace la plus faible possible doit \u00eatre envisag\u00e9e, sans exc\u00e9der 60 mg\/kg\/jour (sans d\u00e9passer 3 g\/j) dans les conditions suivantes : adultes de moins de 50 kg insuffisance h\u00e9patocellulaire l\u00e9g\u00e8re \u00e0 mod\u00e9r\u00e9e syndrome de Gilbert (jaunisse familiale non h\u00e9molytique) alcoolisme chronique malnutrition chronique d\u00e9shydratation Dafalgan 600 mg : posologie et pr\u00e9cautions d&#8217;emploi Cette pr\u00e9sentation est r\u00e9serv\u00e9e \u00e0 l&rsquo;adulte et \u00e0 l&rsquo;enfant pesant plus de 30 kg et doit \u00eatre administr\u00e9 par voie rectale. En raison du risque d&rsquo;irritation rectale, l&rsquo;administration de suppositoire doit \u00eatre la plus courte possible, ne doit pas d\u00e9passer 4 prises par jour et sera remplac\u00e9e d\u00e8s que possible par un traitement par voie orale. Toujours respecter un intervalle de 6\u00a0heures entre les prises . En cas de diarrh\u00e9e, la forme suppositoire n&rsquo;est pas adapt\u00e9e. La dose journali\u00e8re maximale ne doit pas exc\u00e9der 60 mg\/kg\/jour (sans d\u00e9passer 3 g\/j) dans les conditions suivantes : adultes de moins de 50 kg atteintes graves du foie syndrome de Gilbert (jaunisse familiane non h\u00e9molytique) alcoolisme chronique malnutrition chronique d\u00e9shydratation Dafalgan 1000 mg : posologie et pr\u00e9cautions d&#8217;emploi Il n&rsquo;est g\u00e9n\u00e9ralement pas recommander de d\u00e9passer 3\u00a0g de parac\u00e9tamol par jour, soit 3\u00a0comprim\u00e9s, 3 comprim\u00e9s effervescents ou 3 g\u00e9lules dos\u00e9s \u00e0 1000 mg par jour. Cependant, en cas de douleurs plus intenses, la posologie maximale peut \u00eatre augment\u00e9e, uniquement sur avis m\u00e9dical jusqu&rsquo;\u00e0 4\u00a0g par jour, soit 4\u00a0comprim\u00e9s ou 4 g\u00e9lules par jour. Ne pas donner aux enfants de moins de 12 ans. Les comprim\u00e9s et les g\u00e9lules sont \u00e0 avaler tels quels avec une boisson. Les comprim\u00e9s effervescents sont \u00e0 dissoudre dans un verre d&rsquo;eau. Toujours respecter un intervalle de 4\u00a0heures entre les prises . La dur\u00e9e du traitement est limit\u00e9e \u00e0 5 jours en cas de douleur et \u00e0 3 jours en cas de fi\u00e8vre . M\u00e9dicament Dafalgan 500 mg \/ 1000 mg : contre-indications et effets ind\u00e9sirables possibles Ne prenez pas ce m\u00e9dicament si vous \u00eates allergique \u00e0 la substance active ou \u00e0 l\u2019un des autres composants contenus dans ce m\u00e9dicament ou si vous pr\u00e9sentez une maladie grave du foie. Au besoin, Dafalgan peut \u00eatre utilis\u00e9 pendant la grossesse et l\u2019allaitement. Utiliser alors la dose la plus faible possible pour soulager la douleur et\/ou la fi\u00e8vre et la prendre pendant la dur\u00e9e la plus courte possible. En cas de doute, demander l\u2019avis de votre m\u00e9decin ou de votre pharmacien en ligne. De mani\u00e8re g\u00e9n\u00e9rale, il n&rsquo;est pas n\u00e9cessaire de d\u00e9passer 3\u00a0g de parac\u00e9tamol par jour, soit 3\u00a0comprim\u00e9s, ou 3 g\u00e9lules 1000 mg par jour, ou 4 suppositoires, ou 6 comprim\u00e9s \/ 6 g\u00e9lules \u00e0 500 mg par jour. Utilisez le dosage \u00e0 1\u00a0000\u00a0mg en cas de douleurs et\/ou fi\u00e8vre non soulag\u00e9es par une dose de 500\u00a0mg de parac\u00e9tamol. Uniquement sur avis m\u00e9dical et en l&rsquo;absence de facteurs de risques concomitants, la posologie peut \u00eatre augment\u00e9e jusqu&rsquo;\u00e0 4\u00a0000\u00a0mg (4\u00a0g) par jour, soit 8\u00a0comprim\u00e9s par jour, chez les patients pesant au moins 50\u00a0kg (\u00e0 partir d&rsquo;environ 15\u00a0ans). Interactions m\u00e9dicamenteuses : Ce m\u00e9dicament peut interagir avec d&rsquo;autres m\u00e9dicaments tels que les anticoagulants, les m\u00e9dicaments pour le diab\u00e8te, les m\u00e9dicaments pour le foie, les m\u00e9dicaments pour les reins et les m\u00e9dicaments pour la thyro\u00efde. Il est important de parler \u00e0 votre m\u00e9decin ou \u00e0 votre pharmacien avant de prendre Dafalgan si vous prenez d&rsquo;autres m\u00e9dicaments. Les pr\u00e9sentations propos\u00e9es sur votre pharmacie en ligne pour le m\u00e9dicament Dafalgan Douleurs et Fi\u00e8vre : Dafalgan 500 mg bo\u00eete de 16 comprim\u00e9s pellicul\u00e9s Dafalgan 500 mg bo\u00eete de 16 comprim\u00e9s effervescents Dafalgan 500 mg bo\u00eete de 16 g\u00e9lules Dafalgan 600 mg bo\u00eete de 10 suppositoires Dafalgan 1000 mg bo\u00eete de 8 g\u00e9lules Dafalgan 1000 mg bo\u00eete de 8 comprim\u00e9s effervescents Dafalgan 1000 mg bo\u00eete de 8 comprim\u00e9s pellicul\u00e9s Avis du \t\t\t\t\t\t\t                                                                                pharmacien \t\t\t\t\t\t\t                                                                                sur Dafalgan Retrouvez les questions fr\u00e9quemment pos\u00e9es par nos patients au comptoir de la Pharmacie des Drakkars. Comment faire baisser la fi\u00e8vre ? Il existe plusieurs moyens pour faire baisser la fi\u00e8vre. Tout d&rsquo;abord, il est important de boire suffisamment d&rsquo;eau pour \u00e9viter la d\u00e9shydratation. Il est \u00e9galement recommand\u00e9 de se rafra\u00eechir avec des compresses d&rsquo;eau froide sur le front et le cou. Les m\u00e9dicaments tels que\u00a0Dafalgan peuvent \u00e9galement aider \u00e0 r\u00e9duire la fi\u00e8vre. Il est important de se reposer et de maintenir une temp\u00e9rature confortable dans la chambre. Si la fi\u00e8vre persiste ou est accompagn\u00e9e de sympt\u00f4mes graves, il est recommand\u00e9 de consulter un m\u00e9decin. Comment soulager\u00a0la douleur mod\u00e9r\u00e9e ? Il convient de se reposer et de se d\u00e9tendre pour \u00e9viter d&rsquo;aggraver la douleur. Il est \u00e9galement recommand\u00e9 de faire de l&rsquo;exercice r\u00e9guli\u00e8rement pour maintenir une bonne condition physique et am\u00e9liorer la circulation sanguine. Appliquez une chaleur ou de la glace sur la zone douloureuse pour r\u00e9duire l&rsquo;inflammation. Les analg\u00e9siques tels que le parac\u00e9tamol peuvent aussi aider \u00e0 soulager la douleur. Il est important de suivre les instructions contenues sur la notice et de ne pas d\u00e9passer les doses recommand\u00e9es. Si la douleur persiste ou est accompagn\u00e9e d&rsquo;autres sympt\u00f4mes, consulter un m\u00e9decin. Marque UPSA R\u00e9f\u00e9rence(s) 3400930186947, 3400932679041, 3400932736553, 3400935291035, 3400936158832, 3400936256576, 3400936730472 Forme gal\u00e9nique comprim\u00e9 Excipient magn\u00e9sium st\u00e9arate &#8211; hypromellose &#8211; glyc\u00e9rol b\u00e9h\u00e9nate &#8211; croscarmellose sel de Na &#8211; cellulose microcristalline &#8211; povidone Substance Active parac\u00e9tamol Mol\u00e9cules povidone &#8211; parac\u00e9tamol (500.0 mg) &#8211; magn\u00e9sium st\u00e9arate &#8211; hypromellose &#8211; glyc\u00e9rol b\u00e9h\u00e9nate &#8211; croscarmellose sel de Na &#8211; cellulose microcristalline Indications Fi\u00e8vre &#8211; Douleur l\u00e9g\u00e8re \u00e0 intense Mis \u00e0 jour le : 19\/01\/2026<\/p>","protected":false},"excerpt":{"rendered":"<p>Le m\u00e9dicament Dafalgan 500, 600 mg ou 1000 mg est un analg\u00e9sique et antipyr\u00e9tique utilis\u00e9 pour soulager la douleur et<\/p>","protected":false},"featured_media":17543,"comment_status":"open","ping_status":"closed","template":"","meta":{"_acf_changed":false},"product_brand":[],"product_cat":[275],"product_tag":[],"class_list":{"0":"post-17544","1":"product","2":"type-product","3":"status-publish","4":"has-post-thumbnail","6":"product_cat-aide-technique","8":"first","9":"instock","10":"shipping-taxable","11":"product-type-simple"},"acf":[],"df_price":"","df_sale_price":"","df_regular_price":"","df_image_link":"https:\/\/rahtek-dz.com\/wp-content\/uploads\/2026\/02\/w-501-h-501-zc-2-dafalgan-upsa15-1736948398.jpg-300x300.webp","_links":{"self":[{"href":"https:\/\/rahtek-dz.com\/ar\/wp-json\/wp\/v2\/product\/17544","targetHints":{"allow":["GET"]}}],"collection":[{"href":"https:\/\/rahtek-dz.com\/ar\/wp-json\/wp\/v2\/product"}],"about":[{"href":"https:\/\/rahtek-dz.com\/ar\/wp-json\/wp\/v2\/types\/product"}],"replies":[{"embeddable":true,"href":"https:\/\/rahtek-dz.com\/ar\/wp-json\/wp\/v2\/comments?post=17544"}],"wp:featuredmedia":[{"embeddable":true,"href":"https:\/\/rahtek-dz.com\/ar\/wp-json\/wp\/v2\/media\/17543"}],"wp:attachment":[{"href":"https:\/\/rahtek-dz.com\/ar\/wp-json\/wp\/v2\/media?parent=17544"}],"wp:term":[{"taxonomy":"product_brand","embeddable":true,"href":"https:\/\/rahtek-dz.com\/ar\/wp-json\/wp\/v2\/product_brand?post=17544"},{"taxonomy":"product_cat","embeddable":true,"href":"https:\/\/rahtek-dz.com\/ar\/wp-json\/wp\/v2\/product_cat?post=17544"},{"taxonomy":"product_tag","embeddable":true,"href":"https:\/\/rahtek-dz.com\/ar\/wp-json\/wp\/v2\/product_tag?post=17544"}],"curies":[{"name":"wp","href":"https:\/\/api.w.org\/{rel}","templated":true}]}}