{"id":17546,"date":"2026-02-11T12:03:15","date_gmt":"2026-02-11T11:03:15","guid":{"rendered":"https:\/\/rahtek-dz.com\/product\/solgar-probiotiques-daily\/"},"modified":"2026-02-11T12:03:15","modified_gmt":"2026-02-11T11:03:15","slug":"solgar-probiotiques-daily","status":"publish","type":"product","link":"https:\/\/rahtek-dz.com\/ar\/product\/solgar-probiotiques-daily\/","title":{"rendered":"Solgar Probiotiques Daily"},"content":{"rendered":"<p>Solgar Probiotiques Daily est un compl\u00e9ment alimentaire \u00e0 base de 13 souches probiotiques pour contribuer au confort intestinal . Con\u00e7u pour un usage quotidien, il se pr\u00e9sente sous la forme de g\u00e9lules v\u00e9g\u00e9tales \u00e0 prendre par voie orale et ne n\u00e9cessitant pas de r\u00e9frig\u00e9ration. Pourquoi prendre Solgar Probiotiques Daily ? Des milliards de micro-organismes peuplent notre intestin en permanence. Ce microbiote intestinal joue un r\u00f4le essentiel dans la digestion, le bon fonctionnement du syst\u00e8me immunitaire ou m\u00eame la r\u00e9gulation de l&rsquo;humeur. Les probiotiques , en tant que bact\u00e9ries b\u00e9n\u00e9fiques, contribuent \u00e0 maintenir l&rsquo;\u00e9quilibre de cet \u00e9cosyst\u00e8me pour b\u00e9n\u00e9ficier d&rsquo;une sant\u00e9 intestinale optimale. Con\u00e7u pour aider \u00e0 pr\u00e9server l&rsquo; \u00e9quilibre du microbiote intestinal , Solgar Probiotiques Daily repose sur une synergie de 13 souches probiotiques vivantes s\u00e9lectionn\u00e9es pour leurs bienfaits sur la flore intestinale , dont Bifidobacterium lactis BL818 et Lactobacillus acidophilus LA-14. Chaque g\u00e9lule garantit une concentration de 10 milliards UFC (Unit\u00e9s Formant Colonie). Elles se trouvent dans un flacon innovant \u00e0 la technologie scientifiquement \u00e9tudi\u00e9e pour la conservation des probiotiques, assurant une conservation optimale et garantissant la viabilit\u00e9 des probiotiques . Conditionnement propos\u00e9 sur notre pharmacie en ligne pour Solgar Probiotiques Daily : bo\u00eete de 30 g\u00e9lules v\u00e9g\u00e9tales. Avis du \t\t\t\t\t\t\t                                                                                pharmacien \t\t\t\t\t\t\t                                                                                sur Solgar Probiotiques Daily Solgar Probiotiques Daily est un compl\u00e9ment alimentaire dont l&rsquo;usage est strictement r\u00e9serv\u00e9 \u00e0 l&rsquo;adulte.  Il est recommand\u00e9 de prendre 1 g\u00e9lule v\u00e9g\u00e9tale par jour \u00e0 avaler avec un grand verre d&rsquo;eau. En cas de prise d&rsquo;antibiotiques : attendre 2 \u00e0 3h avant de consommer ce compl\u00e9ment alimentaire et demander conseil \u00e0 un professionnel de sant\u00e9.  La dur\u00e9e de prise recommand\u00e9e est d&rsquo;un mois (\u00e0 renouveler si besoin).  Pr\u00e9cautions d&#8217;emploi : Ne pas d\u00e9passer la dose journali\u00e8re recommand\u00e9e. Les compl\u00e9ments alimentaires ne peuvent pas \u00eatre utilis\u00e9s comme substituts d&rsquo;une alimentation vari\u00e9e et \u00e9quilibr\u00e9e et d&rsquo;un mode de vie sain. Tenir hors de la port\u00e9e des enfants. Ne pas consommer si le sceau de s\u00e9curit\u00e9 est cass\u00e9 ou manquant. A conserver dans un endroit frais et sec. Marque Solgar R\u00e9f\u00e9rence(s) 8000300439847 Mis \u00e0 jour le : 23\/01\/2026<\/p>","protected":false},"excerpt":{"rendered":"<p>Solgar Probiotiques Daily est un compl\u00e9ment alimentaire \u00e0 base de 13 souches probiotiques pour contribuer au confort intestinal . Con\u00e7u<\/p>","protected":false},"featured_media":17545,"comment_status":"open","ping_status":"closed","template":"","meta":{"_acf_changed":false},"product_brand":[],"product_cat":[275],"product_tag":[],"class_list":{"0":"post-17546","1":"product","2":"type-product","3":"status-publish","4":"has-post-thumbnail","6":"product_cat-aide-technique","8":"first","9":"instock","10":"shipping-taxable","11":"product-type-simple"},"acf":[],"df_price":"","df_sale_price":"","df_regular_price":"","df_image_link":"https:\/\/rahtek-dz.com\/wp-content\/uploads\/2026\/02\/w-501-h-501-zc-2-solgar-probiotiques-daily-solgar4-1769759624.jpg-300x300.webp","_links":{"self":[{"href":"https:\/\/rahtek-dz.com\/ar\/wp-json\/wp\/v2\/product\/17546","targetHints":{"allow":["GET"]}}],"collection":[{"href":"https:\/\/rahtek-dz.com\/ar\/wp-json\/wp\/v2\/product"}],"about":[{"href":"https:\/\/rahtek-dz.com\/ar\/wp-json\/wp\/v2\/types\/product"}],"replies":[{"embeddable":true,"href":"https:\/\/rahtek-dz.com\/ar\/wp-json\/wp\/v2\/comments?post=17546"}],"wp:featuredmedia":[{"embeddable":true,"href":"https:\/\/rahtek-dz.com\/ar\/wp-json\/wp\/v2\/media\/17545"}],"wp:attachment":[{"href":"https:\/\/rahtek-dz.com\/ar\/wp-json\/wp\/v2\/media?parent=17546"}],"wp:term":[{"taxonomy":"product_brand","embeddable":true,"href":"https:\/\/rahtek-dz.com\/ar\/wp-json\/wp\/v2\/product_brand?post=17546"},{"taxonomy":"product_cat","embeddable":true,"href":"https:\/\/rahtek-dz.com\/ar\/wp-json\/wp\/v2\/product_cat?post=17546"},{"taxonomy":"product_tag","embeddable":true,"href":"https:\/\/rahtek-dz.com\/ar\/wp-json\/wp\/v2\/product_tag?post=17546"}],"curies":[{"name":"wp","href":"https:\/\/api.w.org\/{rel}","templated":true}]}}