{"id":17548,"date":"2026-02-11T12:03:15","date_gmt":"2026-02-11T11:03:15","guid":{"rendered":"https:\/\/rahtek-dz.com\/product\/percutafeine-gel-cafeine-5\/"},"modified":"2026-02-11T12:03:15","modified_gmt":"2026-02-11T11:03:15","slug":"percutafeine-gel-cafeine-5","status":"publish","type":"product","link":"https:\/\/rahtek-dz.com\/ar\/product\/percutafeine-gel-cafeine-5\/","title":{"rendered":"\u062c\u0644 \u0628\u064a\u0631\u0643\u0648\u062a\u0627\u0641\u0627\u064a\u064a\u0646 \u064a\u062d\u062a\u0648\u064a \u0639\u0644\u0649 5% \u0643\u0627\u0641\u064a\u064a\u0646"},"content":{"rendered":"<p>Percutaf\u00e9ine est un gel \u00e0 base de caf\u00e9ine dos\u00e9e \u00e0 5%. Ce m\u00e9dicament sans ordonnance est indiqu\u00e9 dans le traitement des surcharges graisseuses localis\u00e9es, c&rsquo;est-\u00e0-dire la cellulite et la culotte de cheval . Pourquoi utiliser le gel\u00a0Percutafeine ? Ce m\u00e9dicament s&rsquo;utilise en traitement symptomatique des surcharges adipeuses sous-cutan\u00e9es localis\u00e9es. Percutaf\u00e9ine gel est indiqu\u00e9 chez les adultes et adolescents de plus de 15\u00a0ans . La caf\u00e9ine contenue dans ce gel permet, en p\u00e9n\u00e9trant \u00e0 travers la peau, d&rsquo;activer la transformation des graisses locales, afin d&rsquo; agir directement sur la cellulite et sur\u00a0ce que l&rsquo;on appelle commun\u00e9ment la culotte de cheval , c&rsquo;est-\u00e0-dire un \u00e9largissement de l&rsquo;arri\u00e8re des cuisses et des fessiers li\u00e9 \u00e0 une accumulation de graisses. Comment utiliser Percutaf\u00e9ine Gel Caf\u00e9ine 5% ? Le Gel Caf\u00e9ine 5% Percutaf\u00e9ine doit \u00eatre utilis\u00e9 sur une peau propre et s\u00e8che, en le faisant p\u00e9n\u00e9trer par massage au niveau de la zone concern\u00e9e, c&rsquo;est-\u00e0-dire les cuisses, les fesses, les hanches, l&rsquo;abdomen, etc. En r\u00e9partissant la dose en une ou deux applications dans la journ\u00e9e, appliquer entre 10 et 20 grammes de gel Percutaf\u00e9ine par jour sur une dur\u00e9e d&rsquo;un mois. Il est important de se laver soigneusement les mains apr\u00e8s chaque usage de ce m\u00e9dicament pour traiter la cellulite . Formulation de Percutafeine 5% caf\u00e9ine La seule substance active qui figure dans la composition du m\u00e9dicament\u00a0Percutaf\u00e9ine est la caf\u00e9ine, qui est dos\u00e9e \u00e0 hauteur de 5 grammes pour 100 grammes de gel, celle-ci p\u00e9n\u00e9trant facilement la barri\u00e8re cutan\u00e9e pour agir par lipolyse\u00a0sur les cellules adipeuses. On retrouve \u00e9galement dans la formulation de ce produit diff\u00e9rents excipients : Carbom\u00e8re (Synthal\u00e8ne K) Trolamine Cocoate de macrogol 7 glyc\u00e9rol (CETHIOL HE) \u00c9thanol \u00e0 96% Eau purifi\u00e9e En cas de doute quant \u00e0 l&rsquo;un de ces composants, il est pr\u00e9conis\u00e9 de se rapprocher d&rsquo;un professionnel de sant\u00e9 afin de s&rsquo;assurer que l&rsquo;utilisation de Percutafeine Gel Caf\u00e9ine 5% ne pr\u00e9sente aucun risque. Pr\u00e9sentation propos\u00e9e par votre pharmacie en ligne : tube de 192 grammes de\u00a0Gel Percutaf\u00e9ine pour application locale. Avis du \t\t\t\t\t\t\t                                                                                pharmacien \t\t\t\t\t\t\t                                                                                sur Percutafeine Gel Caf\u00e9ine 5% La cellulite et la culotte de cheval : qu&rsquo;est-ce que c&rsquo;est ? La cellulite , les capitons ou la lipodystrophie superficielle correspondent\u00a0\u00e0 des r\u00e9serves de gras sous l&rsquo;\u00e9piderme qui donnent \u00e0 la peau cet aspect de peau d&rsquo;orange . On retrouve souvent la cellulite sur les cuisses, les fesses et le ventre, mais elle peut \u00e9galement appara\u00eetre sur toute autre partie du corps comme les bras. La majorit\u00e9 des femmes sont touch\u00e9es par la peau d&rsquo;orange dans leur vie.  La culotte de cheval , ou st\u00e9atom\u00e9rie , correspond \u00e0 un amas\u00a0de graisses \u00e0 l&rsquo;arri\u00e8re des cuisses, qui cr\u00e9e un \u00e9largissement tr\u00e8s repr\u00e9sentatif.\u00a0Ces modifications des cellules graisseuses peuvent \u00eatre li\u00e9es \u00e0 diff\u00e9rents facteurs : L&rsquo;h\u00e9r\u00e9dit\u00e9 Des modifications hormonales Un mauvais drainage li\u00e9 \u00e0 une mauvaise circulation lymphatique Une mauvaise hygi\u00e8ne de vie Comment traiter la cellulite et la culotte de cheval ? Le Gel \u00e0 la Caf\u00e9ine Percutaf\u00e9ine permet de traiter localement la cellulite et la culotte de cheval , gr\u00e2ce \u00e0 la Caf\u00e9ine qui va p\u00e9n\u00e9trer la peau afin d&rsquo;activer la transformation des graisses locales. Le\u00a0conseil\u00a0en plus : Compl\u00e9tez votre utilisation de Percutaf\u00e9ine par un gommage \u00e0 faire avant l&rsquo;application. Gants exfoliants ou gommages en grain , vous avez le choix sur le site de notre Pharmacie des Drakkars . Quelles sont les pr\u00e9cautions d&#8217;emploi et les effets ind\u00e9sirables li\u00e9s \u00e0 Percutaf\u00e9ine ? Le Gel Percutaf\u00e9ine ne constitue pas un traitement de fond contre l&rsquo;ob\u00e9sit\u00e9, et ne devra pas \u00eatre utilis\u00e9 chez la femme enceinte ni pendant l&rsquo;allaitement, ainsi que chez les patients qui sont trait\u00e9s par le disulfirame. En raison de la pr\u00e9sence d&rsquo;alcool dans la composition, ce m\u00e9dicament contre la cellulite peut provoquer des irritations et\/ou une s\u00e9cheresse cutan\u00e9es, il ne devra donc pas \u00eatre appliqu\u00e9 sur une peau l\u00e9s\u00e9e ou irrit\u00e9e.  Le seul effet secondaire connu de Percutaf\u00e9ine 5% Caf\u00e9ine est la possibilit\u00e9, avec une fr\u00e9quence ind\u00e9termin\u00e9e, de l&rsquo;apparition d&rsquo;une r\u00e9action cutan\u00e9e de type prurigineux urticarien. Si une manifestation de ce type appara\u00eet, il est imp\u00e9ratif d&rsquo;arr\u00eater imm\u00e9diatement le traitement. Dans le cas o\u00f9 un autre effet ind\u00e9sirable surviendrait en lien avec l&rsquo;utilisation du m\u00e9dicament Percutaf\u00e9ine , il est important de le signaler \u00e0 l&rsquo;Agence Nationale de S\u00e9curit\u00e9 du M\u00e9dicament et des produits de sant\u00e9 (ANSM), ce qu&rsquo;il vous est possible de faire via le lien mis \u00e0 votre disposition dans l&rsquo;encart bleu en haut de page. Extrait de la description Vidal du Gel Caf\u00e9ine 5% Percutaf\u00e9ine Indications Percutaf\u00e9ine est un m\u00e9dicament non soumis \u00e0 prescription m\u00e9dicale qui est indiqu\u00e9 chez l&rsquo;adulte et chez l&rsquo;adolescent de plus de 15 ans pour le traitement symptomatique des surcharges adipeuses sous-cutan\u00e9es localis\u00e9es, plus commun\u00e9ment appel\u00e9es cellulite . Posologie et mode d&rsquo;administration de Percutaf\u00e9ine Il est recommand\u00e9 d&rsquo;appliquer 10 \u00e0 20 grammes de gel par jour, en une ou deux applications dans la journ\u00e9e. La dur\u00e9e de traitement pr\u00e9conis\u00e9e est d&rsquo;un mois. Percutaf\u00e9ine 5% Caf\u00e9ine doit \u00eatre utilis\u00e9 sur une peau pr\u00e9alablement nettoy\u00e9e et s\u00e9ch\u00e9e, en faisant p\u00e9n\u00e9trer la solution par le biais de massages sur les zones concern\u00e9es par les exc\u00e8s de graisse\u00a0localis\u00e9s (les cuisses, les hanches, les fesses, etc.). Il est indispensable de bien se laver les mains apr\u00e8s chaque usage.  Vous pouvez retrouver l&rsquo;ensemble de la gamme de produits Pierre Fabre sur le site de notre Pharmacie des Drakkars .  Retrouvez \u00e9galement la cr\u00e8me Lipof\u00e9\u00efne d&rsquo;Arkopharma contre la cellulite. Guides \t\t\t\t\t\t                                                                                      de Percutafeine Gel Caf\u00e9ine 5% Beaut\u00e9 Comment se d\u00e9barrasser de la cellulite ? La cellulite est un ph\u00e9nom\u00e8ne qui touche 90 % des femmes. Malgr\u00e9 son caract\u00e8re normal et physiologique, elle est &#8230; Marque Pierre Fabre R\u00e9f\u00e9rence(s) 3400934628825 Excipient \u00e9thanol \u00e0 96 % &#8211; macrogol 7 glyc\u00e9rol cocoate &#8211; trolamine &#8211; \u00e9thanol &#8211; eau purifi\u00e9e &#8211; carbom\u00e8re Mol\u00e9cules \u00e9thanol \u00e0 96 % &#8211; caf\u00e9ine (50.0 mg) &#8211; macrogol 7 glyc\u00e9rol cocoate &#8211; trolamine &#8211; \u00e9thanol &#8211; carbom\u00e8re &#8211; eau purifi\u00e9e &#8211; caf\u00e9ine (5.0 g) Forme gal\u00e9nique gel Indications Surcharge adipeuse localis\u00e9e Substance Active caf\u00e9ine Mis \u00e0 jour le : 16\/01\/2026<\/p>","protected":false},"excerpt":{"rendered":"<p>\u0628\u064a\u0631\u0643\u0648\u062a\u0627\u0641\u064a\u0646 \u0647\u0648 \u062c\u0644 \u064a\u062d\u062a\u0648\u064a \u0639\u0644\u0649 5% \u0643\u0627\u0641\u064a\u064a\u0646. \u064a\u064f\u0633\u062a\u062e\u062f\u0645 \u0647\u0630\u0627 \u0627\u0644\u062f\u0648\u0627\u0621 \u0627\u0644\u0630\u064a \u064a\u064f\u0635\u0631\u0641 \u0628\u062f\u0648\u0646 \u0648\u0635\u0641\u0629 \u0637\u0628\u064a\u0629 \u0644\u0639\u0644\u0627\u062c<\/p>","protected":false},"featured_media":17547,"comment_status":"open","ping_status":"closed","template":"","meta":{"_acf_changed":false},"product_brand":[],"product_cat":[275],"product_tag":[],"class_list":{"0":"post-17548","1":"product","2":"type-product","3":"status-publish","4":"has-post-thumbnail","6":"product_cat-aide-technique","8":"first","9":"instock","10":"shipping-taxable","11":"product-type-simple"},"acf":[],"df_price":"","df_sale_price":"","df_regular_price":"","df_image_link":"https:\/\/rahtek-dz.com\/wp-content\/uploads\/2026\/02\/w-501-h-501-zc-2-percutafeine-gel-cafine-5-tube-192g-pierre-fabre6-1677585429.jpg-300x300.webp","_links":{"self":[{"href":"https:\/\/rahtek-dz.com\/ar\/wp-json\/wp\/v2\/product\/17548","targetHints":{"allow":["GET"]}}],"collection":[{"href":"https:\/\/rahtek-dz.com\/ar\/wp-json\/wp\/v2\/product"}],"about":[{"href":"https:\/\/rahtek-dz.com\/ar\/wp-json\/wp\/v2\/types\/product"}],"replies":[{"embeddable":true,"href":"https:\/\/rahtek-dz.com\/ar\/wp-json\/wp\/v2\/comments?post=17548"}],"wp:featuredmedia":[{"embeddable":true,"href":"https:\/\/rahtek-dz.com\/ar\/wp-json\/wp\/v2\/media\/17547"}],"wp:attachment":[{"href":"https:\/\/rahtek-dz.com\/ar\/wp-json\/wp\/v2\/media?parent=17548"}],"wp:term":[{"taxonomy":"product_brand","embeddable":true,"href":"https:\/\/rahtek-dz.com\/ar\/wp-json\/wp\/v2\/product_brand?post=17548"},{"taxonomy":"product_cat","embeddable":true,"href":"https:\/\/rahtek-dz.com\/ar\/wp-json\/wp\/v2\/product_cat?post=17548"},{"taxonomy":"product_tag","embeddable":true,"href":"https:\/\/rahtek-dz.com\/ar\/wp-json\/wp\/v2\/product_tag?post=17548"}],"curies":[{"name":"wp","href":"https:\/\/api.w.org\/{rel}","templated":true}]}}