{"id":17550,"date":"2026-02-11T12:03:15","date_gmt":"2026-02-11T11:03:15","guid":{"rendered":"https:\/\/rahtek-dz.com\/product\/bd-plastipak-seringues-3-pieces-embout-centre-1ml\/"},"modified":"2026-02-11T12:03:15","modified_gmt":"2026-02-11T11:03:15","slug":"bd-plastipak-seringues-3-pieces-embout-centre-1ml","status":"publish","type":"product","link":"https:\/\/rahtek-dz.com\/ar\/product\/bd-plastipak-seringues-3-pieces-embout-centre-1ml\/","title":{"rendered":"BD Plastipak Seringues 3 pi\u00e8ces embout centr\u00e9 1ml"},"content":{"rendered":"<p>La seringue 3 pi\u00e8ces embout centr\u00e9 BD Plastipak 1 ml est une seringue pour des pr\u00e9l\u00e8vements ou injections de tr\u00e8s haute pr\u00e9cision. Description de la seringue 3 pi\u00e8ces embout centr\u00e9 BD Plastipak 1 ml Destin\u00e9e aux pr\u00e9l\u00e8vements ou injections n\u00e9cessitant une tr\u00e8s haute pr\u00e9cision , la seringue 3 pi\u00e8ces embout centr\u00e9 BD Plastipak 1 ml peut \u00e9galement \u00eatre utilis\u00e9e pour les injections sous cutan\u00e9es de produits m\u00e9dicamenteux, ou afin de r\u00e9aliser un test tuberculinique. Sa graduation tous les 0.01 ml permet une lecture optimale et une pr\u00e9cision de haute qualit\u00e9 lors du dosage de la solution injectable ou du pr\u00e9l\u00e8vement. La seringue 3 pi\u00e8ces est ainsi appel\u00e9e en raison de sa structure tripartite : le corps principal, qui va permettre la r\u00e9ception de la solution injectable ou du pr\u00e9l\u00e8vement ; le piston, qui va permettre l\u2019injection ou le pr\u00e9l\u00e8vement ; et le joint du piston. Ce joint, tout comme le reste de la seringue, est formul\u00e9 sans latex , afin de pouvoir limiter au maximum le risque d\u2019allergie chez le patient. La conception de cette seringue permet \u00e9galement de pouvoir contr\u00f4ler ais\u00e9ment la vitesse d\u2019injection ou de pr\u00e9l\u00e8vement. Enfin, st\u00e9rilis\u00e9e \u00e0 l\u2019oxyde d\u2019\u00e9thyl\u00e8ne , elle garantit une hygi\u00e8ne et une s\u00e9curit\u00e9 parfaites pour le patient et son praticien. Conditionnement disponible sur le site de votre pharmacie en ligne : bo\u00eete de 200 seringues 3 pi\u00e8ces embout centr\u00e9 BD Plastipak 1 ml. Retrouvez les produits et seringues BD Medical sur le site de votre pharmacie en ligne Pharmacie des Drakkars . Avis du \t\t\t\t\t\t\t                                                                                pharmacien \t\t\t\t\t\t\t                                                                                sur BD Plastipak Seringues 3 pi\u00e8ces embout centr\u00e9 1ml Notre \u00e9quipe vous recommande \u00e9galement les seringues st\u00e9riles 3 Pi\u00e8ces d&rsquo;Euromedis . Marque BD Medical R\u00e9f\u00e9rence(s) 2000090019973 Mis \u00e0 jour le : 02\/04\/2025<\/p>","protected":false},"excerpt":{"rendered":"<p>La seringue 3 pi\u00e8ces embout centr\u00e9 BD Plastipak 1 ml est une seringue pour des pr\u00e9l\u00e8vements ou injections de tr\u00e8s<\/p>","protected":false},"featured_media":17549,"comment_status":"open","ping_status":"closed","template":"","meta":{"_acf_changed":false},"product_brand":[],"product_cat":[275],"product_tag":[],"class_list":{"0":"post-17550","1":"product","2":"type-product","3":"status-publish","4":"has-post-thumbnail","6":"product_cat-aide-technique","8":"first","9":"instock","10":"shipping-taxable","11":"product-type-simple"},"acf":[],"df_price":"","df_sale_price":"","df_regular_price":"","df_image_link":"https:\/\/rahtek-dz.com\/wp-content\/uploads\/2026\/02\/w-501-h-501-zc-2-bd-plastipak-seringues-3-pieces-embout-centre-1ml-120-unites-1-1599036822.jpg-300x300.webp","_links":{"self":[{"href":"https:\/\/rahtek-dz.com\/ar\/wp-json\/wp\/v2\/product\/17550","targetHints":{"allow":["GET"]}}],"collection":[{"href":"https:\/\/rahtek-dz.com\/ar\/wp-json\/wp\/v2\/product"}],"about":[{"href":"https:\/\/rahtek-dz.com\/ar\/wp-json\/wp\/v2\/types\/product"}],"replies":[{"embeddable":true,"href":"https:\/\/rahtek-dz.com\/ar\/wp-json\/wp\/v2\/comments?post=17550"}],"wp:featuredmedia":[{"embeddable":true,"href":"https:\/\/rahtek-dz.com\/ar\/wp-json\/wp\/v2\/media\/17549"}],"wp:attachment":[{"href":"https:\/\/rahtek-dz.com\/ar\/wp-json\/wp\/v2\/media?parent=17550"}],"wp:term":[{"taxonomy":"product_brand","embeddable":true,"href":"https:\/\/rahtek-dz.com\/ar\/wp-json\/wp\/v2\/product_brand?post=17550"},{"taxonomy":"product_cat","embeddable":true,"href":"https:\/\/rahtek-dz.com\/ar\/wp-json\/wp\/v2\/product_cat?post=17550"},{"taxonomy":"product_tag","embeddable":true,"href":"https:\/\/rahtek-dz.com\/ar\/wp-json\/wp\/v2\/product_tag?post=17550"}],"curies":[{"name":"wp","href":"https:\/\/api.w.org\/{rel}","templated":true}]}}