{"id":17554,"date":"2026-02-11T12:03:16","date_gmt":"2026-02-11T11:03:16","guid":{"rendered":"https:\/\/rahtek-dz.com\/product\/bioderma-photoderm-duo-ski\/"},"modified":"2026-02-11T12:03:16","modified_gmt":"2026-02-11T11:03:16","slug":"bioderma-photoderm-duo-ski","status":"publish","type":"product","link":"https:\/\/rahtek-dz.com\/ar\/product\/bioderma-photoderm-duo-ski\/","title":{"rendered":"Bioderma Photoderm Duo Ski"},"content":{"rendered":"<p>Photoderm Duo Ski est un produit hybride mis au point par le laboratoire Bioderma . Il se compose d&rsquo;une cr\u00e8me solaire visage et d&rsquo;un stick l\u00e8vres assurant une tr\u00e8s haute protection pour vos s\u00e9jours en haute montagne. pourquoi utiliser le duo ski photoderm de bioderma ? Sp\u00e9cialement pens\u00e9 pour l&rsquo;altitude, le Duo Ski Photoderm Bioderma garantit le niveau de protection maximal contre les UVB et les UVA. Ainsi, il prot\u00e8ge la peau et les l\u00e8vres des principaux dommages : coups de soleil, l\u00e9sions cellulaires, photovieillissement. Adapt\u00e9 aux\u00a0peaux sensibles, ce solaire Bioderma offre jusqu&rsquo;\u00e0 8 heures d&rsquo;hydratation et de confort. Photoderm Duo Ski Bioderma se caract\u00e9rise par une\u00a0formule courte qui repose sur 5 filtres solaires associant s\u00e9curit\u00e9 et efficacit\u00e9. On retrouve \u00e9galement le complexe\u00a0Sun Active Defense, une protection biologique brevet\u00e9e, renforc\u00e9e contre les UVA, qui contribue \u00e0\u00a0am\u00e9liorer la capacit\u00e9 de la peau \u00e0 se d\u00e9fendre face aux UV. La cr\u00e8me visage Photoderm Duo Ski est\u00a0enrichie en glyc\u00e9rine et en sucres hydratants et contient \u00e9galement de l&rsquo;huile de tournesol. Le stick l\u00e8vres, quant \u00e0 lui, renferme des cires v\u00e9g\u00e9tales et de l&rsquo;huile de ricin. De par son format compact , Photoderm Duo Ski est pratique \u00e0 emporter avec soi sur les pistes et facile \u00e0 utiliser. Il est multi-r\u00e9sistant (eau, sueur, humidit\u00e9) et a un fini\u00a0non gras et non collant,\u00a0sans traces blanches. Caract\u00e9ristiques : Formule non parfum\u00e9e Non com\u00e9dog\u00e8ne Fabriqu\u00e9 en France Pr\u00e9sentation propos\u00e9e pour Bioderma Photoderm Duo Ski sur notre pharmacie en ligne : Tube de 20 ml + stick de 2 g Avis du \t\t\t\t\t\t\t                                                                                pharmacien \t\t\t\t\t\t\t                                                                                sur Bioderma Photoderm Duo Ski Utilisez Photoderm Duo Ski avant l&rsquo;exposition au soleil. Appliquez\u00a0uniform\u00e9ment et\u00a0g\u00e9n\u00e9reusement sur peau saine (une quantit\u00e9 r\u00e9duite de produit diminue le niveau de protection solaire). Renouvelez l&rsquo;application apr\u00e8s avoir transpir\u00e9 ou vous \u00eatre essuy\u00e9. Attention : L&rsquo;abus de soleil est nuisible \u00e0 la sant\u00e9, m\u00eame avec une protection solaire. Marque Photoderm R\u00e9f\u00e9rence(s) 3701129809433 Mis \u00e0 jour le : 05\/12\/2025<\/p>","protected":false},"excerpt":{"rendered":"<p>Photoderm Duo Ski est un produit hybride mis au point par le laboratoire Bioderma . Il se compose d&rsquo;une cr\u00e8me<\/p>","protected":false},"featured_media":17553,"comment_status":"open","ping_status":"closed","template":"","meta":{"_acf_changed":false},"product_brand":[],"product_cat":[275],"product_tag":[],"class_list":{"0":"post-17554","1":"product","2":"type-product","3":"status-publish","4":"has-post-thumbnail","6":"product_cat-aide-technique","8":"first","9":"instock","10":"shipping-taxable","11":"product-type-simple"},"acf":[],"df_price":"","df_sale_price":"","df_regular_price":"","df_image_link":"https:\/\/rahtek-dz.com\/wp-content\/uploads\/2026\/02\/w-501-h-501-zc-2-bioderma-photoderm-duo-ski-photoderm1-1733918144.jpg-300x300.webp","_links":{"self":[{"href":"https:\/\/rahtek-dz.com\/ar\/wp-json\/wp\/v2\/product\/17554","targetHints":{"allow":["GET"]}}],"collection":[{"href":"https:\/\/rahtek-dz.com\/ar\/wp-json\/wp\/v2\/product"}],"about":[{"href":"https:\/\/rahtek-dz.com\/ar\/wp-json\/wp\/v2\/types\/product"}],"replies":[{"embeddable":true,"href":"https:\/\/rahtek-dz.com\/ar\/wp-json\/wp\/v2\/comments?post=17554"}],"wp:featuredmedia":[{"embeddable":true,"href":"https:\/\/rahtek-dz.com\/ar\/wp-json\/wp\/v2\/media\/17553"}],"wp:attachment":[{"href":"https:\/\/rahtek-dz.com\/ar\/wp-json\/wp\/v2\/media?parent=17554"}],"wp:term":[{"taxonomy":"product_brand","embeddable":true,"href":"https:\/\/rahtek-dz.com\/ar\/wp-json\/wp\/v2\/product_brand?post=17554"},{"taxonomy":"product_cat","embeddable":true,"href":"https:\/\/rahtek-dz.com\/ar\/wp-json\/wp\/v2\/product_cat?post=17554"},{"taxonomy":"product_tag","embeddable":true,"href":"https:\/\/rahtek-dz.com\/ar\/wp-json\/wp\/v2\/product_tag?post=17554"}],"curies":[{"name":"wp","href":"https:\/\/api.w.org\/{rel}","templated":true}]}}