{"id":17556,"date":"2026-02-11T12:03:16","date_gmt":"2026-02-11T11:03:16","guid":{"rendered":"https:\/\/rahtek-dz.com\/product\/filorga-daily-repair-mineral-uv-50\/"},"modified":"2026-02-11T12:03:16","modified_gmt":"2026-02-11T11:03:16","slug":"filorga-daily-repair-mineral-uv-50","status":"publish","type":"product","link":"https:\/\/rahtek-dz.com\/ar\/product\/filorga-daily-repair-mineral-uv-50\/","title":{"rendered":"Filorga Daily Repair Mineral UV 50"},"content":{"rendered":"<p>Daily Repair Mineral UV 50 de Filorga est un soin quotidien 100% min\u00e9ral qui prot\u00e8ge, hydrate et apaise la peau tout en corrigeant les rougeurs. Sa formule haute protection SPF 50 UVA\/UVB PA++++ aide \u00e0 r\u00e9parer et renforcer la barri\u00e8re cutan\u00e9e . Adapt\u00e9 \u00e0 toutes les peaux, m\u00eame sensibles, il offre un fini invisible sans effet blanc. La peau est instantan\u00e9ment apais\u00e9e, plus lisse et \u00e9clatante jour apr\u00e8s jour. Filorga Daily Repair Mineral UV 50 : un soin haute protection qui apaise, prot\u00e8ge et r\u00e9pare Con\u00e7u pour une utilisation quotidienne, Daily Repair Mineral UV 50 Filorga associe une protection solaire \u00e9lev\u00e9e \u00e0 une action r\u00e9paratrice cibl\u00e9e. Gr\u00e2ce \u00e0 ses filtres 100% min\u00e9raux, ce fluide hydratant prot\u00e8ge efficacement la peau contre les rayons UVA et UVB tout en respectant les \u00e9pidermes sensibles. Sa formule aide \u00e0 r\u00e9duire visiblement les rougeurs, \u00e0 pr\u00e9venir la s\u00e9cheresse et \u00e0 limiter les risques d&rsquo;irritation li\u00e9s aux agressions ext\u00e9rieures. Utilis\u00e9 au quotidien, le fluide hydratant protecteur Filorga renforce la barri\u00e8re cutan\u00e9e et contribue \u00e0 une peau plus r\u00e9sistante, apais\u00e9e et durablement hydrat\u00e9e. Au c\u0153ur de la formule avanc\u00e9 de ce fluide hydratant protecteur quotidien , le complexe Amino Acid Restore \u00e0 2% combine une synergie de trois acides amin\u00e9s pour r\u00e9parer la barri\u00e8re cutan\u00e9e et r\u00e9duire l&rsquo;apparence des rougeurs. On retrouve \u00e9galement des c\u00e9ramides, identiques \u00e0 ceux naturellement pr\u00e9sents dans la peau, restaurent la fonction barri\u00e8re, pr\u00e9viennent la perte d&rsquo; hydratation et maintiennent la peau souple et repulp\u00e9e . Finalement, la centella asiatica, reconnue pour ses propri\u00e9t\u00e9s apaisantes et r\u00e9paratrices, calme imm\u00e9diatement la peau et aide \u00e0 estomper les rougeurs, m\u00eame sur les peaux les plus sensibles. Filorga\u00a0Daily Repair Mineral UV 50 est dot\u00e9 d&rsquo;une texture fluide en \u00e9mulsion l\u00e9g\u00e8re qui se fond parfaitement sur la peau. Sa teinte verte neutralisante corrige instantan\u00e9ment les rougeurs sans laisser de traces pour un fini naturel et invisible. Sans effet blanc, ce soin hydratant SPF 50 Filorga laisse la peau confortable, lisse et lumineuse. Il est par ailleurs id\u00e9al comme base de maquillage. Conditionnement disponible sur notre pharmacie en ligne pour Filorga Daily Repair Mineral UV 50 : flacon-pompe 50 ml. Avis du \t\t\t\t\t\t\t                                                                                pharmacien \t\t\t\t\t\t\t                                                                                sur Filorga Daily Repair Mineral UV 50 Appliquez sur le visage chaque matin comme derni\u00e8re \u00e9tape de la routine de soin avant le maquillage .  Renouvelez l&rsquo;application en cas d&rsquo;exposition. Avertissements : M\u00eame bien prot\u00e9g\u00e9, \u00e9viter l&rsquo;exposition aux heures d&rsquo;ensoleillement maximum. Ne pas exposer les b\u00e9b\u00e9s et les jeunes enfants directement au soleil. L&rsquo;abus de soleil est dangereux. Marque Filorga R\u00e9f\u00e9rence(s) 3540550020747 Mis \u00e0 jour le : 05\/02\/2026<\/p>","protected":false},"excerpt":{"rendered":"<p>Daily Repair Mineral UV 50 de Filorga est un soin quotidien 100% min\u00e9ral qui prot\u00e8ge, hydrate et apaise la peau<\/p>","protected":false},"featured_media":17555,"comment_status":"open","ping_status":"closed","template":"","meta":{"_acf_changed":false},"product_brand":[],"product_cat":[275],"product_tag":[],"class_list":{"0":"post-17556","1":"product","2":"type-product","3":"status-publish","4":"has-post-thumbnail","6":"product_cat-aide-technique","8":"first","9":"instock","10":"shipping-taxable","11":"product-type-simple"},"acf":[],"df_price":"","df_sale_price":"","df_regular_price":"","df_image_link":"https:\/\/rahtek-dz.com\/wp-content\/uploads\/2026\/02\/w-501-h-501-zc-2-filorga-daily-repair-mineral-uv-50-filorga4-1770286406.jpg-300x300.webp","_links":{"self":[{"href":"https:\/\/rahtek-dz.com\/ar\/wp-json\/wp\/v2\/product\/17556","targetHints":{"allow":["GET"]}}],"collection":[{"href":"https:\/\/rahtek-dz.com\/ar\/wp-json\/wp\/v2\/product"}],"about":[{"href":"https:\/\/rahtek-dz.com\/ar\/wp-json\/wp\/v2\/types\/product"}],"replies":[{"embeddable":true,"href":"https:\/\/rahtek-dz.com\/ar\/wp-json\/wp\/v2\/comments?post=17556"}],"wp:featuredmedia":[{"embeddable":true,"href":"https:\/\/rahtek-dz.com\/ar\/wp-json\/wp\/v2\/media\/17555"}],"wp:attachment":[{"href":"https:\/\/rahtek-dz.com\/ar\/wp-json\/wp\/v2\/media?parent=17556"}],"wp:term":[{"taxonomy":"product_brand","embeddable":true,"href":"https:\/\/rahtek-dz.com\/ar\/wp-json\/wp\/v2\/product_brand?post=17556"},{"taxonomy":"product_cat","embeddable":true,"href":"https:\/\/rahtek-dz.com\/ar\/wp-json\/wp\/v2\/product_cat?post=17556"},{"taxonomy":"product_tag","embeddable":true,"href":"https:\/\/rahtek-dz.com\/ar\/wp-json\/wp\/v2\/product_tag?post=17556"}],"curies":[{"name":"wp","href":"https:\/\/api.w.org\/{rel}","templated":true}]}}