{"id":17560,"date":"2026-02-11T12:03:17","date_gmt":"2026-02-11T11:03:17","guid":{"rendered":"https:\/\/rahtek-dz.com\/product\/rescue-pets-nuit-compte-gouttes\/"},"modified":"2026-02-11T12:03:17","modified_gmt":"2026-02-11T11:03:17","slug":"rescue-pets-nuit-compte-gouttes","status":"publish","type":"product","link":"https:\/\/rahtek-dz.com\/ar\/product\/rescue-pets-nuit-compte-gouttes\/","title":{"rendered":"\u0642\u0637\u0627\u0631\u0629 \u0644\u064a\u0644\u064a\u0629 \u0644\u0644\u062d\u064a\u0648\u0627\u0646\u0627\u062a \u0627\u0644\u0623\u0644\u064a\u0641\u0629 \u0645\u0646 \u0631\u064a\u0633\u0643\u064a\u0648"},"content":{"rendered":"<p>Il arrive que votre animal de compagnie se montre agit\u00e9 en fin de journ\u00e9e ou avant d&rsquo;aller se coucher ? Essayez\u00a0le m\u00e9lange RESCUE\u00ae Pets Nuit en flacon compte-gouttes de la gamme Fleurs de Bach ! Apaise votre animal dans les situations stressantes Le m\u00e9lange RESCUE\u00ae Pets Nuit est sp\u00e9cifiquement destin\u00e9 \u00e0 apaiser\u00a0vos animaux de compagnie le soir , par exemple en cas de bruits forts : orage, feux d&rsquo;artifices (notamment le soir du 14 juillet) ou autre. Il aidera votre chat ou votre chien \u00e0 trouver la d\u00e9tente et favorisera son sommeil . Les gouttes se m\u00e9langent tout simplement dans sa gamelle d&rsquo;eau, ou se d\u00e9posent sur une friandise ou une croquette. RESCUE\u00ae Pets Nuit : aux Fleurs de Bach RESCUE\u00ae Pets Nuit est un compl\u00e9ment alimentaire pour animaux de compagnie dont la formule est garantie sans alcool , et qui peut \u00eatre utilis\u00e9 pour tous les animaux . Il est \u00e9labor\u00e9 \u00e0 partir d&rsquo; ingr\u00e9dients d&rsquo;origine naturelle , et contient une association du m\u00e9lange RESCUE\u00ae de 5 Fleurs de Bach Original (Cherry Plum &#8211; Clematis &#8211; Impatiens &#8211; Rock Rose &#8211; Star of Bethlehem) avec de la Fleur de Bach Original White Chestnut. Vous pourrez retrouver le m\u00e9lange RESCUE\u00ae Pets Nuit Fleurs de Bach dans les pr\u00e9sentations suivantes chez Pharmacie des Drakkars : flacon compte-goutte de 20 ml. Avis du \t\t\t\t\t\t\t                                                                                pharmacien \t\t\t\t\t\t\t                                                                                sur RESCUE\u00ae Pets Nuit Compte-gouttes D\u00e9posez 4 gouttes sur une friandise, un aliment, ou dans le r\u00e9cipient d\u2019eau de votre animal au moment du coucher. \u00c0 renouveler pendant la nuit si n\u00e9cessaire Peut \u00eatre utilis\u00e9 par tous les animaux de compagnie. Ne pas d\u00e9passer la dose journali\u00e8re indiqu\u00e9e.  Pr\u00e9cautions d&#8217;emploi : \u00e0 conserver dans un endroit frais et sec &#8211; Dur\u00e9e de conservation 60 mois. Compl\u00e9ment alimentaire pour animaux de compagnie qui ne doit pas dispenser d&rsquo;une alimentation vari\u00e9e, \u00e9quilibr\u00e9e et un mode de vie sain. Marque RESCUE\u00ae R\u00e9f\u00e9rence(s) 5000488304220 Mis \u00e0 jour le : 08\/10\/2025<\/p>","protected":false},"excerpt":{"rendered":"<p>\u0647\u0644 \u064a\u0635\u0628\u062d \u062d\u064a\u0648\u0627\u0646\u0643 \u0627\u0644\u0623\u0644\u064a\u0641 \u0645\u0636\u0637\u0631\u0628\u0627\u064b \u0623\u062d\u064a\u0627\u0646\u0627\u064b \u0641\u064a \u0646\u0647\u0627\u064a\u0629 \u0627\u0644\u064a\u0648\u0645 \u0623\u0648 \u0642\u0628\u0644 \u0627\u0644\u0646\u0648\u0645\u061f<\/p>","protected":false},"featured_media":17559,"comment_status":"open","ping_status":"closed","template":"","meta":{"_acf_changed":false},"product_brand":[],"product_cat":[275],"product_tag":[],"class_list":{"0":"post-17560","1":"product","2":"type-product","3":"status-publish","4":"has-post-thumbnail","6":"product_cat-aide-technique","8":"first","9":"instock","10":"shipping-taxable","11":"product-type-simple"},"acf":[],"df_price":"","df_sale_price":"","df_regular_price":"","df_image_link":"https:\/\/rahtek-dz.com\/wp-content\/uploads\/2026\/02\/w-501-h-501-zc-2-rescue-pets-nuit-compte-gouttes-fleurs-de-bach4-1701776959.jpg-300x300.webp","_links":{"self":[{"href":"https:\/\/rahtek-dz.com\/ar\/wp-json\/wp\/v2\/product\/17560","targetHints":{"allow":["GET"]}}],"collection":[{"href":"https:\/\/rahtek-dz.com\/ar\/wp-json\/wp\/v2\/product"}],"about":[{"href":"https:\/\/rahtek-dz.com\/ar\/wp-json\/wp\/v2\/types\/product"}],"replies":[{"embeddable":true,"href":"https:\/\/rahtek-dz.com\/ar\/wp-json\/wp\/v2\/comments?post=17560"}],"wp:featuredmedia":[{"embeddable":true,"href":"https:\/\/rahtek-dz.com\/ar\/wp-json\/wp\/v2\/media\/17559"}],"wp:attachment":[{"href":"https:\/\/rahtek-dz.com\/ar\/wp-json\/wp\/v2\/media?parent=17560"}],"wp:term":[{"taxonomy":"product_brand","embeddable":true,"href":"https:\/\/rahtek-dz.com\/ar\/wp-json\/wp\/v2\/product_brand?post=17560"},{"taxonomy":"product_cat","embeddable":true,"href":"https:\/\/rahtek-dz.com\/ar\/wp-json\/wp\/v2\/product_cat?post=17560"},{"taxonomy":"product_tag","embeddable":true,"href":"https:\/\/rahtek-dz.com\/ar\/wp-json\/wp\/v2\/product_tag?post=17560"}],"curies":[{"name":"wp","href":"https:\/\/api.w.org\/{rel}","templated":true}]}}