{"id":17562,"date":"2026-02-11T12:03:17","date_gmt":"2026-02-11T11:03:17","guid":{"rendered":"https:\/\/rahtek-dz.com\/product\/acetylcysteine\/"},"modified":"2026-02-11T12:03:17","modified_gmt":"2026-02-11T11:03:17","slug":"acetylcysteine","status":"publish","type":"product","link":"https:\/\/rahtek-dz.com\/ar\/product\/acetylcysteine\/","title":{"rendered":"Ac\u00e9tylcyst\u00e9ine"},"content":{"rendered":"<p>Ac\u00e9tylcyst\u00e9ine est un m\u00e9dicament utilisable chez l&rsquo;adulte et l&rsquo;enfant de plus de 2 ans souffrant de toux grasse avec difficult\u00e9 \u00e0 expectorer . Ac\u00e9tylcyst\u00e9ine est un m\u00e9dicament qui agit en fluidifiant les s\u00e9cr\u00e9tions bronchiques, afin de faciliter leur \u00e9vacuation. Il peut ainsi \u00eatre employ\u00e9 pour les affections bronchiques aigu\u00ebs type bronchite aigu\u00eb et \u00e9pisode aigu des bronchopneumopathies chroniques. \u00a8Pr\u00e9sentation d&rsquo;Ac\u00e9tylcyst\u00e9ine 200 mg Toux Grasse Sans sucre : poudre pour solution buvable en sachet, bo\u00eete de 18 sachets-dose ou 20 sachets-dose selon l&rsquo;option choisie. Prise d&rsquo;Ac\u00e9tylcyst\u00e9ine pour la\u00a0Toux Grasse Le dosage en Ac\u00e9tylcyst\u00e9ine 200 mg est \u00e0 adapt\u00e9 selon le profil du patient ou de la patiente : Chez l&rsquo;adulte et l&rsquo;enfant \u00e2g\u00e9 de plus de 7 ans\u00a0: 600 mg par jour, en 3 prises, soit 1 sachet 3 fois par jour. Chez l&rsquo;enfant de 2 \u00e0 7 ans\u00a0: 400 mg par jour, r\u00e9partis en 2 prises, soit 1 sachet 2 fois par jour. La dur\u00e9e du traitement par Ac\u00e9tylcyst\u00e9ine ne devra pas d\u00e9passer 8 \u00e0 10 jours sans avis m\u00e9dical. Avis du \t\t\t\t\t\t\t                                                                                pharmacien \t\t\t\t\t\t\t                                                                                sur Ac\u00e9tylcyst\u00e9ine Dissoudre le contenu d&rsquo;un sachet d&rsquo;Ac\u00e9tylcyst\u00e9ine dans un peu d&rsquo;eau.  Il n&rsquo;a pas \u00e9t\u00e9 rapport\u00e9 d&rsquo;interaction avec les aliments : il n&rsquo;existe donc pas d&rsquo;indication concernant l&rsquo;administration du m\u00e9dicament avant, pendant ou apr\u00e8s les repas. Marque Biogaran R\u00e9f\u00e9rence(s) 3400930233825, 3400937560986, 3400949394296 Mol\u00e9cules jus concentr\u00e9 de citron &#8211; sorbitol &#8211; citron essence &#8211; citron ar\u00f4me &#8211; aspartam &#8211; acide citrique &#8211; gomme arabique &#8211; glucose &#8211; d\u00e9canal &#8211; citral &#8211; ac\u00e9tylcyst\u00e9ine (200.0 mg) &#8211; jaune orang\u00e9 S &#8211; maltodextrine &#8211; nonanal &#8211; saccharose poudre &#8211; saccharose cristallis\u00e9 &#8211; saccharine sodique &#8211; orange jus &#8211; orange essence &#8211; orange ar\u00f4me &#8211; octanal Excipient acide citrique &#8211; jus concentr\u00e9 de citron &#8211; citron essence &#8211; citron ar\u00f4me &#8211; saccharine sodique &#8211; orange jus &#8211; orange essence &#8211; orange ar\u00f4me &#8211; octanal &#8211; nonanal &#8211; maltodextrine &#8211; gomme arabique &#8211; d\u00e9canal &#8211; citral Excipient \u00e0 effet notoire aspartam &#8211; sorbitol &#8211; glucose &#8211; jaune orang\u00e9 S &#8211; saccharose cristallis\u00e9 &#8211; saccharose poudre Aromatisant jus concentr\u00e9 de citron &#8211; citron essence &#8211; citron ar\u00f4me &#8211; acide citrique &#8211; orange jus &#8211; orange essence &#8211; orange ar\u00f4me &#8211; octanal &#8211; nonanal &#8211; maltodextrine &#8211; gomme arabique &#8211; d\u00e9canal &#8211; citral Indications Troubles de la s\u00e9cr\u00e9tion bronchique &#8211; Toux &#8211; Bronchite aigu\u00eb Substance Active ac\u00e9tylcyst\u00e9ine Forme gal\u00e9nique poudre pour solution buvable Mis \u00e0 jour le : 27\/01\/2026<\/p>","protected":false},"excerpt":{"rendered":"<p>Ac\u00e9tylcyst\u00e9ine est un m\u00e9dicament utilisable chez l&rsquo;adulte et l&rsquo;enfant de plus de 2 ans souffrant de toux grasse avec difficult\u00e9<\/p>","protected":false},"featured_media":17561,"comment_status":"open","ping_status":"closed","template":"","meta":{"_acf_changed":false},"product_brand":[],"product_cat":[275],"product_tag":[],"class_list":{"0":"post-17562","1":"product","2":"type-product","3":"status-publish","4":"has-post-thumbnail","6":"product_cat-aide-technique","8":"first","9":"instock","10":"shipping-taxable","11":"product-type-simple"},"acf":[],"df_price":"","df_sale_price":"","df_regular_price":"","df_image_link":"https:\/\/rahtek-dz.com\/wp-content\/uploads\/2026\/02\/w-501-h-501-zc-2-acetylcysteine-biogaran12-1767355091.jpg-300x300.webp","_links":{"self":[{"href":"https:\/\/rahtek-dz.com\/ar\/wp-json\/wp\/v2\/product\/17562","targetHints":{"allow":["GET"]}}],"collection":[{"href":"https:\/\/rahtek-dz.com\/ar\/wp-json\/wp\/v2\/product"}],"about":[{"href":"https:\/\/rahtek-dz.com\/ar\/wp-json\/wp\/v2\/types\/product"}],"replies":[{"embeddable":true,"href":"https:\/\/rahtek-dz.com\/ar\/wp-json\/wp\/v2\/comments?post=17562"}],"wp:featuredmedia":[{"embeddable":true,"href":"https:\/\/rahtek-dz.com\/ar\/wp-json\/wp\/v2\/media\/17561"}],"wp:attachment":[{"href":"https:\/\/rahtek-dz.com\/ar\/wp-json\/wp\/v2\/media?parent=17562"}],"wp:term":[{"taxonomy":"product_brand","embeddable":true,"href":"https:\/\/rahtek-dz.com\/ar\/wp-json\/wp\/v2\/product_brand?post=17562"},{"taxonomy":"product_cat","embeddable":true,"href":"https:\/\/rahtek-dz.com\/ar\/wp-json\/wp\/v2\/product_cat?post=17562"},{"taxonomy":"product_tag","embeddable":true,"href":"https:\/\/rahtek-dz.com\/ar\/wp-json\/wp\/v2\/product_tag?post=17562"}],"curies":[{"name":"wp","href":"https:\/\/api.w.org\/{rel}","templated":true}]}}