{"id":17564,"date":"2026-02-11T12:03:17","date_gmt":"2026-02-11T11:03:17","guid":{"rendered":"https:\/\/rahtek-dz.com\/product\/tardyferon\/"},"modified":"2026-02-11T12:03:17","modified_gmt":"2026-02-11T11:03:17","slug":"tardyferon","status":"publish","type":"product","link":"https:\/\/rahtek-dz.com\/ar\/product\/tardyferon\/","title":{"rendered":"Tardyferon"},"content":{"rendered":"<p>Tardyferon est un m\u00e9dicament indiqu\u00e9 dans le traitement curatif de l&rsquo;an\u00e9mie par carence martiale chez les adultes et les enfants \u00e2g\u00e9s de plus de 6 ans, ainsi que dans le traitement pr\u00e9ventif de la carence martiale de la femme enceinte , lorsqu&rsquo;un apport alimentaire suffisant en fer ne peut \u00eatre assur\u00e9. M\u00e9dicament Tardyferon pour le traitement des carences en fer : INFORMATIONS ET INDICATIONS Le m\u00e9dicament Tardyferon\u00a0est pr\u00e9conis\u00e9 en cas d&rsquo; an\u00e9mie (carence en fer) ou en pr\u00e9vention de l&rsquo;an\u00e9mie chez la femme enceinte , comme Fumafer et Inofer .\u00a0Tardyferon existe \u00e9galement pour\u00a0pr\u00e9venir la carence en fer et en acide folique chez la femme enceinte : Tardyferon B9 . Pr\u00e9sentations propos\u00e9es sur votre pharmacie en ligne pour le m\u00e9dicament Tardyferon 80 mg, fer en comprim\u00e9 pellicul\u00e9 (rose orang\u00e9) : Bo\u00eetes de 30 et de 90, sous plaquettes. M\u00e9dicament Tardyferon\u00a0: POSOLOGIE ET PR\u00c9CAUTIONS D\u2019EMPLOI Tardyferon est indiqu\u00e9 chez l&rsquo;adulte et l&rsquo;enfant de plus de 6 ans. L\u2019administration s\u2019effectue par voie orale. Les comprim\u00e9s ne doivent pas \u00eatre suc\u00e9s, m\u00e2ch\u00e9s ou gard\u00e9s dans la bouche, mais aval\u00e9s entiers avec de l&rsquo;eau. Les comprim\u00e9s doivent \u00eatre pris \u00e0 distance ou pendant les repas en fonction de la tol\u00e9rance digestive. La posologie usuelle pour un traitement curatif est : Chez l\u2019enfant de 6 \u00e0 10 ans : prendre 1 comprim\u00e9 (\u00e9quivalent \u00e0 80 mg de Fe 2+) par jour. Chez l\u2019enfant \u00e0 partir de 10 ans et adulte : prendre 1 \u00e0 2 comprim\u00e9s (\u00e9quivalent \u00e0 80-160 mg de Fe 2+) par jour. La dur\u00e9e du traitement doit \u00eatre suffisante pour corriger l&rsquo;an\u00e9mie et restaurer les r\u00e9serves en fer chez l&rsquo;adulte. Lors d\u2019une an\u00e9mie par carence martiale, il peut durer de 3 \u00e0 6 mois en fonction de la d\u00e9pl\u00e9tion des r\u00e9serves, et \u00eatre \u00e9ventuellement prolong\u00e9 si la cause de l&rsquo;an\u00e9mie n&rsquo;est pas contr\u00f4l\u00e9e. Un contr\u00f4le de l&rsquo;efficacit\u00e9 n&rsquo;est utile qu&rsquo;apr\u00e8s au moins 3 mois de traitement. Celui-ci doit porter sur la r\u00e9paration de l&rsquo;an\u00e9mie (Hb, VGM) et sur la restauration des stocks de fer (ferritine s\u00e9rique, r\u00e9cepteur de la transferrine s\u00e9rique et coefficient de saturation de la transferrine). La posologie usuelle pour un traitement pr\u00e9ventif chez la femme enceinte entend la prise de 1 comprim\u00e9 (\u00e9quivalent \u00e0 80 mg de Fe 2+) par jour ou tous les 2 jours pendant les 2 derniers trimestres de la grossesse (ou \u00e0 partir du 4e mois). M\u00e9dicament fer Tardyferon\u00a0: CONTRE-INDICATIONS et EFFETS IND\u00c9SIRABLES POSSIBLES Tardyferon\u00a0peut \u00eatre utilis\u00e9 pendant la grossesse ou l&rsquo;allaitement s&rsquo;il vous a \u00e9t\u00e9 prescrit par votre m\u00e9decin. Les effets ind\u00e9sirables les plus rencontr\u00e9s lors de la prise de Tardyferon sont la diarrh\u00e9e ou la constipation, la coloration des selles en noir, des douleurs abdominales et des naus\u00e9es. Des probl\u00e8mes de digestion peuvent se produire plus rarement, ainsi que des d\u00e9mangeaisons, voire une r\u00e9action allergique. Avis du \t\t\t\t\t\t\t                                                                                pharmacien \t\t\t\t\t\t\t                                                                                sur Tardyferon Il est important de consommer des aliments riches en fer au quotidien si vous \u00eates r\u00e9guli\u00e8rement sujet \u00e0 une an\u00e9mie au fer.  Le fer est pr\u00e9sent dans une grande vari\u00e9t\u00e9 d\u2019aliments tels que les produits d\u2019origine animale, notamment la viande, le poisson, et les fruits de mer (fer h\u00e9minique), mais aussi dans les plantes, comme les l\u00e9gumineuses, les fruits, les graines, les c\u00e9r\u00e9ales, et les l\u00e9gumes (fer non h\u00e9minique).  Une consommation importante de th\u00e9 inhibe l&rsquo;absorption du fer. \u00c9vitez de trop en boire si vous prenez Tardyferon. Marque Pierre Fabre R\u00e9f\u00e9rence(s) 3400930221907, 3400933518004 Forme gal\u00e9nique comprim\u00e9 pellicul\u00e9 Excipient sepifilm &#8211; titane dioxyde &#8211; eudragit RL 30 D &#8211; maltodextrine &#8211; eudragit RS 30 D &#8211; glyc\u00e9rol dib\u00e9h\u00e9nate &#8211; cellulose microcristalline &#8211; acide st\u00e9arique &#8211; fer jaune oxyde &#8211; hypromellose &#8211; fer rouge oxyde &#8211; tri\u00e9thyle citrate &#8211; talc Mol\u00e9cules titane dioxyde &#8211; eudragit RL 30 D &#8211; maltodextrine &#8211; eudragit RS 30 D &#8211; glyc\u00e9rol dib\u00e9h\u00e9nate &#8211; sulfate ferreux &#8211; cellulose microcristalline &#8211; talc &#8211; sepifilm &#8211; fer jaune oxyde &#8211; hypromellose &#8211; fer rouge oxyde &#8211; tri\u00e9thyle citrate &#8211; glucose &#8211; acide st\u00e9arique Substance Active sulfate ferreux Indications An\u00e9mie par carence en fer &#8211; Carence en fer &#8211; D\u00e9nutrition et carence &#8211; Grossesse normale &#8211; Pr\u00e9vention des carences Excipient \u00e0 effet notoire glucose Mis \u00e0 jour le : 27\/03\/2025<\/p>","protected":false},"excerpt":{"rendered":"<p>Tardyferon est un m\u00e9dicament indiqu\u00e9 dans le traitement curatif de l&rsquo;an\u00e9mie par carence martiale chez les adultes et les enfants<\/p>","protected":false},"featured_media":17563,"comment_status":"open","ping_status":"closed","template":"","meta":{"_acf_changed":false},"product_brand":[],"product_cat":[275],"product_tag":[],"class_list":{"0":"post-17564","1":"product","2":"type-product","3":"status-publish","4":"has-post-thumbnail","6":"product_cat-aide-technique","8":"first","9":"instock","10":"shipping-taxable","11":"product-type-simple"},"acf":[],"df_price":"","df_sale_price":"","df_regular_price":"","df_image_link":"https:\/\/rahtek-dz.com\/wp-content\/uploads\/2026\/02\/w-501-h-501-zc-2-tardyferon-80-mg-comprimes-pierre-fabre-3400930221907-presentation-90-comprimes-623b23292ba36-0000.jpg-300x300.webp","_links":{"self":[{"href":"https:\/\/rahtek-dz.com\/ar\/wp-json\/wp\/v2\/product\/17564","targetHints":{"allow":["GET"]}}],"collection":[{"href":"https:\/\/rahtek-dz.com\/ar\/wp-json\/wp\/v2\/product"}],"about":[{"href":"https:\/\/rahtek-dz.com\/ar\/wp-json\/wp\/v2\/types\/product"}],"replies":[{"embeddable":true,"href":"https:\/\/rahtek-dz.com\/ar\/wp-json\/wp\/v2\/comments?post=17564"}],"wp:featuredmedia":[{"embeddable":true,"href":"https:\/\/rahtek-dz.com\/ar\/wp-json\/wp\/v2\/media\/17563"}],"wp:attachment":[{"href":"https:\/\/rahtek-dz.com\/ar\/wp-json\/wp\/v2\/media?parent=17564"}],"wp:term":[{"taxonomy":"product_brand","embeddable":true,"href":"https:\/\/rahtek-dz.com\/ar\/wp-json\/wp\/v2\/product_brand?post=17564"},{"taxonomy":"product_cat","embeddable":true,"href":"https:\/\/rahtek-dz.com\/ar\/wp-json\/wp\/v2\/product_cat?post=17564"},{"taxonomy":"product_tag","embeddable":true,"href":"https:\/\/rahtek-dz.com\/ar\/wp-json\/wp\/v2\/product_tag?post=17564"}],"curies":[{"name":"wp","href":"https:\/\/api.w.org\/{rel}","templated":true}]}}