{"id":17566,"date":"2026-02-11T12:03:17","date_gmt":"2026-02-11T11:03:17","guid":{"rendered":"https:\/\/rahtek-dz.com\/product\/cetirizine\/"},"modified":"2026-02-11T12:03:17","modified_gmt":"2026-02-11T11:03:17","slug":"cetirizine","status":"publish","type":"product","link":"https:\/\/rahtek-dz.com\/ar\/product\/cetirizine\/","title":{"rendered":"Cetirizine"},"content":{"rendered":"<p>C\u00e9tirizine est un m\u00e9dicament antihistaminique indiqu\u00e9 dans le traitement des sympt\u00f4mes de la rhinite allergique ainsi que de l&rsquo; urticaire chronique. R\u00e9serv\u00e9e \u00e0 l\u2019adulte et \u00e0 l\u2019enfant de plus de 6 ans, la c\u00e9tirizine contient 10 mg de dichlorhydrate de c\u00e9tirizine par comprim\u00e9 pellicul\u00e9. Il s\u2019agit du g\u00e9n\u00e9rique de Zyrtecset . Comment agit la Cetirizine ? La c\u00e9tirizine bloque l\u2019action de l\u2019 histamine , une substance lib\u00e9r\u00e9e par l\u2019organisme en r\u00e9ponse \u00e0 un allerg\u00e8ne (pollen, acariens, etc.). Cette lib\u00e9ration est responsable de sympt\u00f4mes allergiques typiques tels que : \u00c9coulement nasal, \u00e9ternuements, D\u00e9mangeaisons cutan\u00e9es ou oculaires, Conjonctivite allergique, Urticaire avec plaques rouges et irritations. Gr\u00e2ce \u00e0 son action antihistaminique, la cetirizine permet de soulager efficacement ces sympt\u00f4mes . En cas de rhinite allergique, elle constitue une alternative \u00e0 d&rsquo;autres antihistaminiques comme la Loratadine 10 mg . Quelle est la posologie pour le medicament c\u00e9tirizine\u00a0? Chez l\u2019adulte et l\u2019adolescent de plus de 12 ans 1 comprim\u00e9 de 10 mg une fois par jour, \u00e0 avaler avec un peu d\u2019eau. La dur\u00e9e du traitement d\u00e9pend des sympt\u00f4mes et des recommandations de votre m\u00e9decin. Si les sympt\u00f4mes persistent ou s\u2019aggravent malgr\u00e9 le traitement, consultez un professionnel de sant\u00e9. Chez l\u2019enfant de 6 \u00e0 12 ans \u00bd comprim\u00e9 deux fois par jour (soit 5 mg matin et soir). Attention : les comprim\u00e9s ne conviennent pas aux enfants de moins de 6 ans car ils ne permettent pas d\u2019adapter pr\u00e9cis\u00e9ment la dose. La C\u00e9tirizine est propos\u00e9e sur votre pharmacie en ligne sous plusieurs formes : Bo\u00eete de 7 comprim\u00e9s s\u00e9cables \u2013 Marque Biogaran, Bo\u00eete de 7 comprim\u00e9s \u00e0 sucer \u2013 Marque EG Lab. Contre-indications et pr\u00e9cautions Insuffisance r\u00e9nale grave : la prise de c\u00e9tirizine est contre-indiqu\u00e9e ; une adaptation de la posologie peut \u00eatre n\u00e9cessaire en cas d\u2019insuffisance mod\u00e9r\u00e9e. Grossesse et allaitement : demandez toujours l\u2019avis de votre m\u00e9decin avant de prendre ce m\u00e9dicament si vous \u00eates enceinte, allaitez ou envisagez une grossesse. Effets secondaires possibles Comme tout m\u00e9dicament, la C\u00e9tirizine peut provoquer des effets ind\u00e9sirables, plus ou moins fr\u00e9quents : Fr\u00e9quents : somnolence, fatigue, maux de t\u00eate, naus\u00e9es, s\u00e9cheresse buccale, vertiges. Peu fr\u00e9quents : d\u00e9mangeaisons, \u00e9ruption cutan\u00e9e, fourmillements, diarrh\u00e9e. Rares : insomnie, d\u00e9pression, agitation, convulsions, prise de poids, tachycardie, augmentation des enzymes h\u00e9patiques. Tr\u00e8s rares : troubles urinaires, troubles visuels, r\u00e9actions allergiques graves, baisse du nombre de plaquettes sanguines. Fr\u00e9quence ind\u00e9termin\u00e9e : troubles de la m\u00e9moire, augmentation de l\u2019app\u00e9tit. Des d\u00e9mangeaisons intenses peuvent survenir \u00e0 l\u2019arr\u00eat du traitement. Elles disparaissent g\u00e9n\u00e9ralement spontan\u00e9ment ou \u00e0 la reprise du m\u00e9dicament. Avis du \t\t\t\t\t\t\t                                                                                pharmacien \t\t\t\t\t\t\t                                                                                sur Cetirizine C\u00e9tirizine est un m\u00e9dicament antihistaminique utilis\u00e9 dans le traitement des r\u00e9actions allergiques telles que la rhinite (saisonni\u00e8re ou perannuelle), les \u00e9ternuements, l\u2019\u00e9coulement nasal ou encore les d\u00e9mangeaisons cutan\u00e9es dues aux allergies .  Ce m\u00e9dicament agit sur les sympt\u00f4mes de l\u2019allergie (nez qui coule, yeux qui grattent, urticaire\u2026), mais ne traite pas la cause allergique elle-m\u00eame . Ainsi, si vos sympt\u00f4mes persistent ou s\u2019aggravent malgr\u00e9 le traitement, consultez rapidement votre m\u00e9decin . Quand prendre la C\u00e9tirizine : matin ou soir ? La C\u00e9tirizine se prend une fois par jour , \u00e0 n\u2019importe quel moment de la journ\u00e9e. Toutefois : Si vous ressentez une somnolence apr\u00e8s la prise , il est pr\u00e9f\u00e9rable de la prendre le soir. Si vous la tol\u00e9rez bien, une prise le matin reste possible, selon votre rythme de vie. Pr\u00e9cautions d\u2019emploi \u00c9vitez la consommation d\u2019alcool pendant le traitement : cela pourrait accentuer les effets de fatigue et de somnolence. Vigilance recommand\u00e9e en d\u00e9but de traitement : la C\u00e9tirizine peut, rarement, provoquer une baisse de la vigilance. Attendez de v\u00e9rifier votre tol\u00e9rance avant de conduire ou d\u2019utiliser une machine. Alternatives \u00e0 la C\u00e9tirizine En cas d\u2019intol\u00e9rance ou selon l\u2019avis de votre m\u00e9decin, vous pouvez vous orienter vers d\u2019autres traitements antihistaminiques disponibles sur notre pharmacie en ligne : Alairgix Allergie Allervi Drill Allergie Guides \t\t\t\t\t\t                                                                                      de Cetirizine Sant\u00e9 Allergies saisonni\u00e8res : sympt\u00f4mes, pr\u00e9vention et traitement Symbole de renouveau et des beaux jours qui reviennent, le printemps est aussi associ\u00e9 au retour des allergies ! Plus d&rsquo;un quart de la &#8230; Marque Autre R\u00e9f\u00e9rence(s) 3400936887589, 3400937081078 Mol\u00e9cules opadry blanc &#8211; titane dioxyde &#8211; talc &#8211; sodium citrate &#8211; silice collo\u00efdale anhydre &#8211; amidon de ma\u00efs &#8211; cellulose microcristalline &#8211; c\u00e9tirizine dichlorhydrate (10.0 mg) &#8211; hypromellose &#8211; lactose monohydrate &#8211; macrogol 400 &#8211; magn\u00e9sium st\u00e9arate &#8211; opadry blanc Y-1-7000 Excipient opadry blanc &#8211; amidon de ma\u00efs &#8211; cellulose microcristalline &#8211; hypromellose &#8211; macrogol 400 &#8211; magn\u00e9sium st\u00e9arate &#8211; opadry blanc Y-1-7000 &#8211; silice collo\u00efdale anhydre &#8211; sodium citrate &#8211; talc &#8211; titane dioxyde Forme gal\u00e9nique comprim\u00e9 pellicul\u00e9 s\u00e9cable Substance Active c\u00e9tirizine dichlorhydrate Indications Conjonctivite allergique &#8211; Manifestations allergiques &#8211; Rhinite allergique &#8211; Urticaire Excipient \u00e0 effet notoire lactose monohydrate Mis \u00e0 jour le : 25\/01\/2026<\/p>","protected":false},"excerpt":{"rendered":"<p>C\u00e9tirizine est un m\u00e9dicament antihistaminique indiqu\u00e9 dans le traitement des sympt\u00f4mes de la rhinite allergique ainsi que de l&rsquo; urticaire<\/p>","protected":false},"featured_media":17565,"comment_status":"open","ping_status":"closed","template":"","meta":{"_acf_changed":false},"product_brand":[],"product_cat":[275],"product_tag":[],"class_list":{"0":"post-17566","1":"product","2":"type-product","3":"status-publish","4":"has-post-thumbnail","6":"product_cat-aide-technique","8":"first","9":"instock","10":"shipping-taxable","11":"product-type-simple"},"acf":[],"df_price":"","df_sale_price":"","df_regular_price":"","df_image_link":"https:\/\/rahtek-dz.com\/wp-content\/uploads\/2026\/02\/w-501-h-501-zc-2-ctirizine-10-mg-7-comprims-biogaran4-1676649586.jpg-300x300.webp","_links":{"self":[{"href":"https:\/\/rahtek-dz.com\/ar\/wp-json\/wp\/v2\/product\/17566","targetHints":{"allow":["GET"]}}],"collection":[{"href":"https:\/\/rahtek-dz.com\/ar\/wp-json\/wp\/v2\/product"}],"about":[{"href":"https:\/\/rahtek-dz.com\/ar\/wp-json\/wp\/v2\/types\/product"}],"replies":[{"embeddable":true,"href":"https:\/\/rahtek-dz.com\/ar\/wp-json\/wp\/v2\/comments?post=17566"}],"wp:featuredmedia":[{"embeddable":true,"href":"https:\/\/rahtek-dz.com\/ar\/wp-json\/wp\/v2\/media\/17565"}],"wp:attachment":[{"href":"https:\/\/rahtek-dz.com\/ar\/wp-json\/wp\/v2\/media?parent=17566"}],"wp:term":[{"taxonomy":"product_brand","embeddable":true,"href":"https:\/\/rahtek-dz.com\/ar\/wp-json\/wp\/v2\/product_brand?post=17566"},{"taxonomy":"product_cat","embeddable":true,"href":"https:\/\/rahtek-dz.com\/ar\/wp-json\/wp\/v2\/product_cat?post=17566"},{"taxonomy":"product_tag","embeddable":true,"href":"https:\/\/rahtek-dz.com\/ar\/wp-json\/wp\/v2\/product_tag?post=17566"}],"curies":[{"name":"wp","href":"https:\/\/api.w.org\/{rel}","templated":true}]}}