{"id":17575,"date":"2026-02-11T12:03:18","date_gmt":"2026-02-11T11:03:18","guid":{"rendered":"https:\/\/rahtek-dz.com\/product\/manucurist-xtrem-flash-top-coat\/"},"modified":"2026-02-11T12:03:18","modified_gmt":"2026-02-11T11:03:18","slug":"manucurist-xtrem-flash-top-coat","status":"publish","type":"product","link":"https:\/\/rahtek-dz.com\/ar\/product\/manucurist-xtrem-flash-top-coat\/","title":{"rendered":"Manucurist Xtrem Flash Top Coat"},"content":{"rendered":"<p>Le top coat Xtrem Flash de Manucurist est la touche finale indispensable pour une manucure Green Flash ultra performante. Il offre un fini bomb\u00e9 effet gel, une brillance miroir instantan\u00e9e et une tenue longue dur\u00e9e jusqu&rsquo;\u00e0 21 jours , m\u00eame sur les ongles les plus sollicit\u00e9s. Sa texture gel agit comme un v\u00e9ritable bouclier protecteur tout en garantissant un retrait express, sans pon\u00e7age ni ac\u00e9tone. Ce top coat Manucurist est id\u00e9al pour celles qui recherchent un r\u00e9sultat professionnel sans compromis sur la douceur. Une manucure longue dur\u00e9e gr\u00e2ce au top coat Manucurist Xtrem Flash Mis au point exclusivement pour \u00eatre utilis\u00e9 avec les vernis Green Flash , le top coat gel xtrem flash garantit une tenue irr\u00e9prochable jusqu&rsquo;\u00e0 21 jours. Sa formule haute r\u00e9sistance prot\u00e8ge la couleur des chocs, des frottements et de l&rsquo;usure au quotidien, m\u00eame sur des ongles fragiles, mous ou qui \u00e9caillent habituellement le vernis trop rapidement. Il cr\u00e9e un effet protecteur qui renforce la manucure tout en sublimant le rendu avec un fini bomb\u00e9 proche du gel professionnel. D\u00e8s l&rsquo;application du top coat xtrem flash Manucurist , celui-ci r\u00e9v\u00e8le une brillance miroir \u00e9clatante et durable. Sa texture gel enveloppe l&rsquo;ongle pour offrir un rendu lisse, galb\u00e9 et lumineux, sans n\u00e9cessiter de d\u00e9graissage apr\u00e8s catalyse. Une fois pass\u00e9 sous lampe LED 24W ou 36W, il est instantan\u00e9ment sec et r\u00e9sistant pour garantir une manucure nette et impeccable en un temps record. Gr\u00e2ce \u00e0 son pinceau expert haute pr\u00e9cision, l&rsquo;application de ce top coat gel est simple, rapide et uniforme. Son retrait est \u00e9galement facile : en seulement 10 minutes, il se retire en peel-off sans pon\u00e7age, sans ac\u00e9tone et sans ab\u00eemer l&rsquo;ongle. Pr\u00e9sentation disponible sur notre pharmacie en ligne pour le top coat Xtrem Flash Manucurist : flacon de 15 ml. Avis du \t\t\t\t\t\t\t                                                                                pharmacien \t\t\t\t\t\t\t                                                                                sur Manucurist Xtrem Flash Top Coat Apr\u00e8s avoir catalys\u00e9 une couche de base coat vitamin\u00e9e Green Flash et deux couches de couleur Green Flash , appliquez une fine couche du top coat xtrem flash sur 4 doigts \u00e0 plat (hors pouce). Catalysez sous lampe UV pour faites de m\u00eame pour le pouce s\u00e9par\u00e9ment, toujours \u00e0 plat et catalysez de nouveau.  Pour retirer le top coat xtrem flash, coupez de petits cotons et imbibez-les de dissolvant Green Flash , maintenez-les une dizaine de minutes \u00e0 l&rsquo;aide des pinces de retrait . Marque Manucurist R\u00e9f\u00e9rence(s) 3662263511524 Mis \u00e0 jour le : 05\/02\/2026<\/p>","protected":false},"excerpt":{"rendered":"<p>Le top coat Xtrem Flash de Manucurist est la touche finale indispensable pour une manucure Green Flash ultra performante. Il<\/p>","protected":false},"featured_media":16936,"comment_status":"open","ping_status":"closed","template":"","meta":{"_acf_changed":false},"product_brand":[],"product_cat":[275],"product_tag":[],"class_list":{"0":"post-17575","1":"product","2":"type-product","3":"status-publish","4":"has-post-thumbnail","6":"product_cat-aide-technique","8":"first","9":"instock","10":"shipping-taxable","11":"product-type-simple"},"acf":[],"df_price":"","df_sale_price":"","df_regular_price":"","df_image_link":"https:\/\/rahtek-dz.com\/wp-content\/uploads\/2026\/02\/w-501-h-501-zc-2-default.jpg-300x300.webp","_links":{"self":[{"href":"https:\/\/rahtek-dz.com\/ar\/wp-json\/wp\/v2\/product\/17575","targetHints":{"allow":["GET"]}}],"collection":[{"href":"https:\/\/rahtek-dz.com\/ar\/wp-json\/wp\/v2\/product"}],"about":[{"href":"https:\/\/rahtek-dz.com\/ar\/wp-json\/wp\/v2\/types\/product"}],"replies":[{"embeddable":true,"href":"https:\/\/rahtek-dz.com\/ar\/wp-json\/wp\/v2\/comments?post=17575"}],"wp:featuredmedia":[{"embeddable":true,"href":"https:\/\/rahtek-dz.com\/ar\/wp-json\/wp\/v2\/media\/16936"}],"wp:attachment":[{"href":"https:\/\/rahtek-dz.com\/ar\/wp-json\/wp\/v2\/media?parent=17575"}],"wp:term":[{"taxonomy":"product_brand","embeddable":true,"href":"https:\/\/rahtek-dz.com\/ar\/wp-json\/wp\/v2\/product_brand?post=17575"},{"taxonomy":"product_cat","embeddable":true,"href":"https:\/\/rahtek-dz.com\/ar\/wp-json\/wp\/v2\/product_cat?post=17575"},{"taxonomy":"product_tag","embeddable":true,"href":"https:\/\/rahtek-dz.com\/ar\/wp-json\/wp\/v2\/product_tag?post=17575"}],"curies":[{"name":"wp","href":"https:\/\/api.w.org\/{rel}","templated":true}]}}