{"id":17581,"date":"2026-02-11T12:03:18","date_gmt":"2026-02-11T11:03:18","guid":{"rendered":"https:\/\/rahtek-dz.com\/product\/mucidol-spray-mucites-buccales\/"},"modified":"2026-02-11T12:03:18","modified_gmt":"2026-02-11T11:03:18","slug":"mucidol-spray-mucites-buccales","status":"publish","type":"product","link":"https:\/\/rahtek-dz.com\/ar\/product\/mucidol-spray-mucites-buccales\/","title":{"rendered":"Mucidol Spray Mucites Buccales"},"content":{"rendered":"<p>Le spray Mucidol\u00a0Mucites Buccales est un dispositif m\u00e9dical de classe I du laboratoire PediAct sous forme de solution hypertonique au go\u00fbt de miel, et indiqu\u00e9\u00a0en cas de mucites buccales li\u00e9es \u00e0 la chimioth\u00e9rapie ou \u00e0 la radioth\u00e9rapie. Convenant pour une utilisation chez les adultes et\u00a0les enfants de plus de 8\u00a0ans uniquement, le spray Mucidol\u00a0Mucites Buccales a \u00e9t\u00e9 formul\u00e9 afin de r\u00e9duire les ulc\u00e8res et la gravit\u00e9 des mucites buccales . Les mucites sont des inflammations des muqueuses de la bouche ou du syst\u00e8me digestif, qui peuvent prendre la forme de rougeurs, causer des\u00a0douleurs et \/ ou des aphtes.\u00a0Ce dispositif m\u00e9dical, fabriqu\u00e9 en France , permet de r\u00e9duire les br\u00fblures et la douleur en seulement 20 \u00e0 30 minutes apr\u00e8s son application. Quels sont les bienfaits du spray\u00a0Mucidol\u00a0Mucites Buccales ? Mucidol agit en cr\u00e9ant un environnement hypertonique par son action osmotique. Cette action\u00a0permet d&rsquo;attirer doucement les exc\u00e8s de liquide et les contaminants tels que les cellules mortes, les toxines bact\u00e9riennes et les autres agents nocifs en dehors de la muqueuse. Ce processus va permettre de r\u00e9duire le gonflement , de nettoyer la surface des muqueuses et de cr\u00e9er un environnement plus sain pour la gu\u00e9rison , soulageant efficacement la douleur et la sensation de br\u00fblure. Dot\u00e9 d&rsquo;un bon go\u00fbt de miel qui rend son application plus agr\u00e9able, le spray\u00a0Mucidol\u00a0Mucites Buccales permet\u00a0ainsi de r\u00e9duire\u00a0: Les ulc\u00e8res et la gravit\u00e9 des mucites buccales Le risque d&rsquo;infection et la formation de nouveaux ulc\u00e8res Vous pourrez retrouver le\u00a0spray Mucidol\u00a0Mucites Buccales de\u00a0PediAct dans les pr\u00e9sentations suivantes chez Pharmacie des Drakkars : flacon spray de 20 ml. Avis du \t\t\t\t\t\t\t                                                                                pharmacien \t\t\t\t\t\t\t                                                                                sur Mucidol Spray Mucites Buccales Agitez le flacon de\u00a0Mucidol\u00a0avant utilisation.\u00a0Pulv\u00e9risez 4\u00a0\u00e0 5\u00a0fois dans la cavit\u00e9 buccale, 3\u00a0\u00e0 4\u00a0fois par jour.  Pr\u00e9cautions d&#8217;emploi : Ne pas utiliser chez les enfants de moins de 8\u00a0ans. Pour application topique (cavit\u00e9 buccale) uniquement. Lire attentivement la notice avant utilisation. Respecter les conseils d&rsquo;utilisation. Ne pas utiliser apr\u00e8s la date de p\u00e9remption ou si le flacon est abim\u00e9. Tenir hors de la port\u00e9e et de la vue des enfants. Marque PediAct R\u00e9f\u00e9rence(s) 3664987000148 Mis \u00e0 jour le : 29\/01\/2026<\/p>","protected":false},"excerpt":{"rendered":"<p>Le spray Mucidol\u00a0Mucites Buccales est un dispositif m\u00e9dical de classe I du laboratoire PediAct sous forme de solution hypertonique au<\/p>","protected":false},"featured_media":17580,"comment_status":"open","ping_status":"closed","template":"","meta":{"_acf_changed":false},"product_brand":[],"product_cat":[275],"product_tag":[],"class_list":{"0":"post-17581","1":"product","2":"type-product","3":"status-publish","4":"has-post-thumbnail","6":"product_cat-aide-technique","8":"first","9":"instock","10":"shipping-taxable","11":"product-type-simple"},"acf":[],"df_price":"","df_sale_price":"","df_regular_price":"","df_image_link":"https:\/\/rahtek-dz.com\/wp-content\/uploads\/2026\/02\/w-501-h-501-zc-2-mucidol-spray-mucites-buccales-pediact4-1769761121.jpg-300x300.webp","_links":{"self":[{"href":"https:\/\/rahtek-dz.com\/ar\/wp-json\/wp\/v2\/product\/17581","targetHints":{"allow":["GET"]}}],"collection":[{"href":"https:\/\/rahtek-dz.com\/ar\/wp-json\/wp\/v2\/product"}],"about":[{"href":"https:\/\/rahtek-dz.com\/ar\/wp-json\/wp\/v2\/types\/product"}],"replies":[{"embeddable":true,"href":"https:\/\/rahtek-dz.com\/ar\/wp-json\/wp\/v2\/comments?post=17581"}],"wp:featuredmedia":[{"embeddable":true,"href":"https:\/\/rahtek-dz.com\/ar\/wp-json\/wp\/v2\/media\/17580"}],"wp:attachment":[{"href":"https:\/\/rahtek-dz.com\/ar\/wp-json\/wp\/v2\/media?parent=17581"}],"wp:term":[{"taxonomy":"product_brand","embeddable":true,"href":"https:\/\/rahtek-dz.com\/ar\/wp-json\/wp\/v2\/product_brand?post=17581"},{"taxonomy":"product_cat","embeddable":true,"href":"https:\/\/rahtek-dz.com\/ar\/wp-json\/wp\/v2\/product_cat?post=17581"},{"taxonomy":"product_tag","embeddable":true,"href":"https:\/\/rahtek-dz.com\/ar\/wp-json\/wp\/v2\/product_tag?post=17581"}],"curies":[{"name":"wp","href":"https:\/\/api.w.org\/{rel}","templated":true}]}}