{"id":17592,"date":"2026-02-11T12:03:19","date_gmt":"2026-02-11T11:03:19","guid":{"rendered":"https:\/\/rahtek-dz.com\/product\/baume-du-tigre-blanc\/"},"modified":"2026-02-11T12:03:19","modified_gmt":"2026-02-11T11:03:19","slug":"baume-du-tigre-blanc","status":"publish","type":"product","link":"https:\/\/rahtek-dz.com\/ar\/product\/baume-du-tigre-blanc\/","title":{"rendered":"\u0628\u0644\u0633\u0645 \u0627\u0644\u0646\u0645\u0631 \u0627\u0644\u0623\u0628\u064a\u0636"},"content":{"rendered":"<p>Le Baume du Tigre Blanc s&rsquo;applique \u00e0 diff\u00e9rents endroits du corps en cas de rhume ,\u00a0nez congestionn\u00e9,\u00a0sensation de nez bouch\u00e9, maux de t\u00eate ou en contre\u00a0les migraines. Le Baume du tigre Blanc pour un effet rafra\u00eechissant Le\u00a0Baume du Tigre blanc\u00a0se distingue du rouge par sa teneur en eucalyptus, id\u00e9ale pour les troubles de la respiration . Le tiger\u00a0balm\u00a0blanc est ainsi recommand\u00e9 notamment pour les personnes souffrant de la grippe, ayant des mucosit\u00e9s ou le nez bouch\u00e9, ou encore pour les maux de t\u00eate. Une p\u00e9n\u00e9tration rapide des agents actifs contenus dans le baume du tigre blanc offre une sensation douce et imm\u00e9diate de bien-\u00eatre et de l\u00e9g\u00e8ret\u00e9 contre les forts maux de t\u00eate, les migraines, ou encore les vertiges et les br\u00fblures l\u00e9g\u00e8res. Le Baume du Tigre poss\u00e8de une formulation sans graisse animale et convient donc aux v\u00e9gans. Il existe d\u00e9sormais aussi sous la forme d&rsquo;une\u00a0cr\u00e8me pour la nuque et les \u00e9paules. Pr\u00e9sentation propos\u00e9e par votre pharmacie en ligne : pot de 30 g et pot de 19 g Pour les douleurs et contractions musculaires, retrouvez aussi le baume du tigre rouge . Avis du \t\t\t\t\t\t\t                                                                                pharmacien \t\t\t\t\t\t\t                                                                                sur Baume du Tigre Blanc Appliquer localement 3 \u00e0 4 fois par jour. Masser doucement de mani\u00e8re circulaire.  Pour usage externe seulement. Tenir hors de port\u00e9e des enfants. En utilisant ce produit. Eviter le contact avec les yeux et les muqueuses. Ne pas appliquer sur les plaies, endommag\u00e9es ou la peau irrit\u00e9e.  D\u00e9couvrez tous les bienfaits du Baume du Tigre sur notre Pharmacie. Marque Baume du Tigre R\u00e9f\u00e9rence(s) 8888650403066, 8888650414031 Mis \u00e0 jour le : 22\/01\/2026<\/p>","protected":false},"excerpt":{"rendered":"<p>Le Baume du Tigre Blanc s&rsquo;applique \u00e0 diff\u00e9rents endroits du corps en cas de rhume ,\u00a0nez congestionn\u00e9,\u00a0sensation de nez bouch\u00e9,<\/p>","protected":false},"featured_media":17591,"comment_status":"open","ping_status":"closed","template":"","meta":{"_acf_changed":false},"product_brand":[],"product_cat":[275],"product_tag":[],"class_list":{"0":"post-17592","1":"product","2":"type-product","3":"status-publish","4":"has-post-thumbnail","6":"product_cat-aide-technique","8":"first","9":"instock","10":"shipping-taxable","11":"product-type-simple"},"acf":[],"df_price":"","df_sale_price":"","df_regular_price":"","df_image_link":"https:\/\/rahtek-dz.com\/wp-content\/uploads\/2026\/02\/w-501-h-501-zc-2-baume-du-tigre-blanc-baume-du-tigre2-1769074059.png-300x300.webp","_links":{"self":[{"href":"https:\/\/rahtek-dz.com\/ar\/wp-json\/wp\/v2\/product\/17592","targetHints":{"allow":["GET"]}}],"collection":[{"href":"https:\/\/rahtek-dz.com\/ar\/wp-json\/wp\/v2\/product"}],"about":[{"href":"https:\/\/rahtek-dz.com\/ar\/wp-json\/wp\/v2\/types\/product"}],"replies":[{"embeddable":true,"href":"https:\/\/rahtek-dz.com\/ar\/wp-json\/wp\/v2\/comments?post=17592"}],"wp:featuredmedia":[{"embeddable":true,"href":"https:\/\/rahtek-dz.com\/ar\/wp-json\/wp\/v2\/media\/17591"}],"wp:attachment":[{"href":"https:\/\/rahtek-dz.com\/ar\/wp-json\/wp\/v2\/media?parent=17592"}],"wp:term":[{"taxonomy":"product_brand","embeddable":true,"href":"https:\/\/rahtek-dz.com\/ar\/wp-json\/wp\/v2\/product_brand?post=17592"},{"taxonomy":"product_cat","embeddable":true,"href":"https:\/\/rahtek-dz.com\/ar\/wp-json\/wp\/v2\/product_cat?post=17592"},{"taxonomy":"product_tag","embeddable":true,"href":"https:\/\/rahtek-dz.com\/ar\/wp-json\/wp\/v2\/product_tag?post=17592"}],"curies":[{"name":"wp","href":"https:\/\/api.w.org\/{rel}","templated":true}]}}