{"id":17594,"date":"2026-02-11T12:03:19","date_gmt":"2026-02-11T11:03:19","guid":{"rendered":"https:\/\/rahtek-dz.com\/product\/compex-activ-wrist\/"},"modified":"2026-02-11T12:03:19","modified_gmt":"2026-02-11T11:03:19","slug":"compex-activ-wrist","status":"publish","type":"product","link":"https:\/\/rahtek-dz.com\/ar\/product\/compex-activ-wrist\/","title":{"rendered":"Compex Activ' Wrist+"},"content":{"rendered":"<p>Le manchon de poignet Compex Activ&rsquo; Wrist+ offre un soutien confortable au poignet et \u00e0 la main durant une pratique sportive sans compromettre les mouvements. Il contribue ainsi \u00e0 des performances sportives optimales tout en garantissant du confort. Quel est l&rsquo;int\u00earet du manchon de poignet Compex Activ&rsquo; Wrist+ ? Pouvant aussi bien \u00eatre port\u00e9 au poignet gauche comme au poignet droit, Compex Activ&rsquo; Wrist+ est un manchon pour la contention sportive du poignet avec ouverture de pouce et sangle. Il existe en diff\u00e9rentes tailles et dispose d&rsquo;une construction \u00e9lastique qui offre un maintien et un retour compressif. L&rsquo;\u00e9quilibre et les mouvements sont ainsi facilit\u00e9s. Le manchon de compression pour poignet mis au point par Compex s\u00e9curise et maintien le poignet durant l&rsquo;activit\u00e9 sportive. Sa sangle \u00e9lastique r\u00e9glable permet de contr\u00f4ler le niveau de compression tandis que l&rsquo;ouverture pratique situ\u00e9e au niveau du pouce aide ce dernier \u00e0 rester mobile. Dot\u00e9 d&rsquo;une mati\u00e8re l\u00e9g\u00e8re et innovante \u00e9vacuant l&rsquo;humidit\u00e9 accumul\u00e9e, Compex Activ&rsquo; Wrist+ permet au poignet de rester au sec et garantit une sensation de confort qui permettrait presque de l&rsquo;oublier. Il est facile \u00e0 nettoyer car il est possible de le laver en machine jusqu&rsquo;\u00e0 40\u00b0C. Pr\u00e9sentation propos\u00e9e par notre pharmacie en ligne : bo\u00eete contenant un maintien de poignet Compex Activ&rsquo; Wrist+ , taille au choix. Besoin d&rsquo;une genouill\u00e8re compressive ? D\u00e9couvrez Compex Activ&rsquo; Knee . Avis du \t\t\t\t\t\t\t                                                                                pharmacien \t\t\t\t\t\t\t                                                                                sur Compex Activ&rsquo; Wrist+ Enfilez le manchon de poignet puis fixez la sangle \u00e9lastique r\u00e9glable en fonction du niveau de compression souhait\u00e9.  Mesurez la circonf\u00e9rence de votre poignet puis r\u00e9f\u00e9rez-vous au tableau ci-dessous pour choisir le manchon le plus adapt\u00e9 : Taille S M L XL Mesure 14 -15 cm 16 &#8211; 17 cm 18 &#8211; 19 cm 20 &#8211; 21 cm Marque Compex R\u00e9f\u00e9rence(s) 0190446821250, 0190446821274 Mis \u00e0 jour le : 30\/05\/2025<\/p>","protected":false},"excerpt":{"rendered":"<p>\u064a\u0648\u0641\u0631 \u063a\u0637\u0627\u0621 \u0627\u0644\u0645\u0639\u0635\u0645 Compex Activ' Wrist+ \u062f\u0639\u0645\u064b\u0627 \u0645\u0631\u064a\u062d\u064b\u0627 \u0644\u0644\u0645\u0639\u0635\u0645 \u0648\u0627\u0644\u064a\u062f \u0623\u062b\u0646\u0627\u0621 \u0627\u0644\u062a\u0645\u0631\u064a\u0646.<\/p>","protected":false},"featured_media":17593,"comment_status":"open","ping_status":"closed","template":"","meta":{"_acf_changed":false},"product_brand":[],"product_cat":[275],"product_tag":[],"class_list":{"0":"post-17594","1":"product","2":"type-product","3":"status-publish","4":"has-post-thumbnail","6":"product_cat-aide-technique","8":"first","9":"instock","10":"shipping-taxable","11":"product-type-simple"},"acf":[],"df_price":"","df_sale_price":"","df_regular_price":"","df_image_link":"https:\/\/rahtek-dz.com\/wp-content\/uploads\/2026\/02\/w-501-h-501-zc-2-compex-activ-wrist-compex4-1748434307.jpg-300x300.webp","_links":{"self":[{"href":"https:\/\/rahtek-dz.com\/ar\/wp-json\/wp\/v2\/product\/17594","targetHints":{"allow":["GET"]}}],"collection":[{"href":"https:\/\/rahtek-dz.com\/ar\/wp-json\/wp\/v2\/product"}],"about":[{"href":"https:\/\/rahtek-dz.com\/ar\/wp-json\/wp\/v2\/types\/product"}],"replies":[{"embeddable":true,"href":"https:\/\/rahtek-dz.com\/ar\/wp-json\/wp\/v2\/comments?post=17594"}],"wp:featuredmedia":[{"embeddable":true,"href":"https:\/\/rahtek-dz.com\/ar\/wp-json\/wp\/v2\/media\/17593"}],"wp:attachment":[{"href":"https:\/\/rahtek-dz.com\/ar\/wp-json\/wp\/v2\/media?parent=17594"}],"wp:term":[{"taxonomy":"product_brand","embeddable":true,"href":"https:\/\/rahtek-dz.com\/ar\/wp-json\/wp\/v2\/product_brand?post=17594"},{"taxonomy":"product_cat","embeddable":true,"href":"https:\/\/rahtek-dz.com\/ar\/wp-json\/wp\/v2\/product_cat?post=17594"},{"taxonomy":"product_tag","embeddable":true,"href":"https:\/\/rahtek-dz.com\/ar\/wp-json\/wp\/v2\/product_tag?post=17594"}],"curies":[{"name":"wp","href":"https:\/\/api.w.org\/{rel}","templated":true}]}}