{"id":17666,"date":"2026-02-11T12:03:25","date_gmt":"2026-02-11T11:03:25","guid":{"rendered":"https:\/\/rahtek-dz.com\/product\/bd-seringues-saline-posiflush-xs\/"},"modified":"2026-02-11T12:03:25","modified_gmt":"2026-02-11T11:03:25","slug":"bd-seringues-saline-posiflush-xs","status":"publish","type":"product","link":"https:\/\/rahtek-dz.com\/ar\/product\/bd-seringues-saline-posiflush-xs\/","title":{"rendered":"BD seringues Saline PosiFlush XS"},"content":{"rendered":"<p>La seringue Posifluch XS BD Medical est une seringue pr\u00e9 remplie de solution saline destin\u00e9e au rin\u00e7age du mat\u00e9riel de perfusion, tel que les tubulures. Fonction et description de la seringue Posiflush XS BD Medical La seringue pr\u00e9 remplie Posiflush XS est con\u00e7ue pour faciliter le rin\u00e7age des \u00e9l\u00e9ments de perfusion . Ainsi, cela permet d\u2019\u00e9viter une mauvaise interaction au patient entre l\u2019injection de deux solutions m\u00e9dicamenteuses l\u2019une apr\u00e8s l\u2019autre. La seringue Posifluch est donc pr\u00e9vue pour \u00eatre branch\u00e9e sur les diff\u00e9rents dispositifs d\u2019acc\u00e8s intravasculaire , tels que les cath\u00e9ters centraux ou les chambres d\u2019implantation. La seringue Posiflush pr\u00e9 remplie est particuli\u00e8rement adapt\u00e9e pour les dispositifs de perfusion et d\u2019injection install\u00e9s de mani\u00e8re permanente . La conception de la seringue Posiflush XS permet \u00e9galement d\u2019\u00e9viter les risques de reflux veineux en fin de rin\u00e7age, gr\u00e2ce \u00e0 sa tige et son piston plus courts que sur une seringue classique. Cependant, le diam\u00e8tre de cette seringue Posiflush, identique \u00e0 celui d\u2019une seringue classique, permet d\u2019\u00e9viter de risque de surpression . Enfin, la seringue Posiflush XS est pr\u00e9alablement st\u00e9rilis\u00e9e \u00e0 l\u2019int\u00e9rieur ainsi qu\u2019\u00e0 l\u2019ext\u00e9rieur , pour limiter au maximum les risques de contamination. De m\u00eame, sa conception pr\u00e9 remplie permet au praticien de r\u00e9duire au strict minimum les manipulations afin d\u2019\u00e9viter \u00e9galement une possible contamination de la solution saline. La Pharmacie des Drakkars vous propose les contenances suivantes pour la seringue Posiflush XS pr\u00e9 remplie de BD Medical : 3 ml ; 5 ml ; 10 ml. Retrouvez tous les produits et les seringues BD Medical sur le site de votre pharmacie en ligne. Marque BD Medical R\u00e9f\u00e9rence(s) 2000090019799, 2000090019805, 2000090019812 Mis \u00e0 jour le : 14\/04\/2025<\/p>","protected":false},"excerpt":{"rendered":"<p>La seringue Posifluch XS BD Medical est une seringue pr\u00e9 remplie de solution saline destin\u00e9e au rin\u00e7age du mat\u00e9riel de<\/p>","protected":false},"featured_media":17665,"comment_status":"open","ping_status":"closed","template":"","meta":{"_acf_changed":false},"product_brand":[],"product_cat":[275],"product_tag":[],"class_list":{"0":"post-17666","1":"product","2":"type-product","3":"status-publish","4":"has-post-thumbnail","6":"product_cat-aide-technique","8":"first","9":"instock","10":"shipping-taxable","11":"product-type-simple"},"acf":[],"df_price":"","df_sale_price":"","df_regular_price":"","df_image_link":"https:\/\/rahtek-dz.com\/wp-content\/uploads\/2026\/02\/w-501-h-501-zc-2-bd-seringues-saline-posiflush-xs-10ml-30-unites-1-1599037827.jpg-300x300.webp","_links":{"self":[{"href":"https:\/\/rahtek-dz.com\/ar\/wp-json\/wp\/v2\/product\/17666","targetHints":{"allow":["GET"]}}],"collection":[{"href":"https:\/\/rahtek-dz.com\/ar\/wp-json\/wp\/v2\/product"}],"about":[{"href":"https:\/\/rahtek-dz.com\/ar\/wp-json\/wp\/v2\/types\/product"}],"replies":[{"embeddable":true,"href":"https:\/\/rahtek-dz.com\/ar\/wp-json\/wp\/v2\/comments?post=17666"}],"wp:featuredmedia":[{"embeddable":true,"href":"https:\/\/rahtek-dz.com\/ar\/wp-json\/wp\/v2\/media\/17665"}],"wp:attachment":[{"href":"https:\/\/rahtek-dz.com\/ar\/wp-json\/wp\/v2\/media?parent=17666"}],"wp:term":[{"taxonomy":"product_brand","embeddable":true,"href":"https:\/\/rahtek-dz.com\/ar\/wp-json\/wp\/v2\/product_brand?post=17666"},{"taxonomy":"product_cat","embeddable":true,"href":"https:\/\/rahtek-dz.com\/ar\/wp-json\/wp\/v2\/product_cat?post=17666"},{"taxonomy":"product_tag","embeddable":true,"href":"https:\/\/rahtek-dz.com\/ar\/wp-json\/wp\/v2\/product_tag?post=17666"}],"curies":[{"name":"wp","href":"https:\/\/api.w.org\/{rel}","templated":true}]}}