{"id":17668,"date":"2026-02-11T12:03:25","date_gmt":"2026-02-11T11:03:25","guid":{"rendered":"https:\/\/rahtek-dz.com\/product\/orliman-skintape-chevillere\/"},"modified":"2026-02-11T12:03:25","modified_gmt":"2026-02-11T11:03:25","slug":"orliman-skintape-chevillere","status":"publish","type":"product","link":"https:\/\/rahtek-dz.com\/ar\/product\/orliman-skintape-chevillere\/","title":{"rendered":"Orliman Skintape Chevill\u00e8re"},"content":{"rendered":"<p>La chevill\u00e8re Orliman Skintape s&rsquo;inspire de stechniques de kin\u00e9siologie pour soutenir votre articulation pendant vos activit\u00e9s physiques et sportives. Pourquoi utiliser la\u00a0chevill\u00e8re\u00a0Orliman\u00a0Skintape ? La chevill\u00e8re\u00a0Orliman\u00a0Skintape a \u00e9t\u00e9 d\u00e9velopp\u00e9e pour apporter soutien et protection \u00e0 votre articulation pendant vos activit\u00e9s, qu&rsquo;elles soient sportives ou professionnelles. Elle s&rsquo;av\u00e8re particuli\u00e8rement utile en cas de l\u00e9g\u00e8re blessure, d&rsquo;instabilit\u00e9, d&rsquo;arthrite ou d&rsquo;arthrose ainsi qu&rsquo;en cas de faiblesse ligamentaire. Cette chevill\u00e8re se compose de bandes de silicone int\u00e9gr\u00e9es, \u00e9lastiques et antid\u00e9rapantes pour un maintien optimal sur l&rsquo;articulation. Elle associe \u00e9galement des tissus \u00e9lastiques, l\u00e9gers et tr\u00e8s doux pour rendre son port particuli\u00e8rement agr\u00e9able. Utilis\u00e9e pendant la pratique de votre activit\u00e9 physique et sportive, la\u00a0chevill\u00e8re\u00a0Orliman\u00a0Skintape soutient l&rsquo;articulation , elle accompagne tous vos mouvements et r\u00e9duit consid\u00e9rablement les vibrations musculaires en cas d&rsquo;efforts intenses. Par ailleurs, elle repr\u00e9sente un bon moyen pour am\u00e9liorer la r\u00e9cup\u00e9ration apr\u00e8s effort. La chevill\u00e8re\u00a0Orliman\u00a0Skintape est disponible en 3 tailles sur le site de la Pharmacie des Drakkars. Il ne s&rsquo;agit pas d&rsquo;un mod\u00e8le bilat\u00e9ral : vous avez donc le choix entre le mod\u00e8le pour pied droit et le mod\u00e8le pour pied gauche. Conditionnement propos\u00e9 sur notre pharmacie en ligne : Bo\u00eete contenant 1\u00a0chevill\u00e8re\u00a0Orliman\u00a0Skintape &#8211; Taille et pied au choix. Avis du \t\t\t\t\t\t\t                                                                                pharmacien \t\t\t\t\t\t\t                                                                                sur Orliman Skintape Chevill\u00e8re La\u00a0chevill\u00e8re\u00a0Orliman\u00a0Skintape\u00a0s&rsquo;enfile comme une chaussette en veillant \u00e0 placer le talon dans l&#8217;emplacement pr\u00e9vu \u00e0 cet effet. Marque Orliman R\u00e9f\u00e9rence(s) 8435025904866, 8435025904873, 8435025904880, 8435025904897, 8435025904903, 8435025904996 Mis \u00e0 jour le : 19\/09\/2025<\/p>","protected":false},"excerpt":{"rendered":"<p>La chevill\u00e8re Orliman Skintape s&rsquo;inspire de stechniques de kin\u00e9siologie pour soutenir votre articulation pendant vos activit\u00e9s physiques et sportives. Pourquoi<\/p>","protected":false},"featured_media":17667,"comment_status":"open","ping_status":"closed","template":"","meta":{"_acf_changed":false},"product_brand":[],"product_cat":[275],"product_tag":[],"class_list":{"0":"post-17668","1":"product","2":"type-product","3":"status-publish","4":"has-post-thumbnail","6":"product_cat-aide-technique","8":"first","9":"instock","10":"shipping-taxable","11":"product-type-simple"},"acf":[],"df_price":"","df_sale_price":"","df_regular_price":"","df_image_link":"https:\/\/rahtek-dz.com\/wp-content\/uploads\/2026\/02\/w-501-h-501-zc-2-orliman-chevillere-skintape-orliman-2-1647531678.jpg-300x300.webp","_links":{"self":[{"href":"https:\/\/rahtek-dz.com\/ar\/wp-json\/wp\/v2\/product\/17668","targetHints":{"allow":["GET"]}}],"collection":[{"href":"https:\/\/rahtek-dz.com\/ar\/wp-json\/wp\/v2\/product"}],"about":[{"href":"https:\/\/rahtek-dz.com\/ar\/wp-json\/wp\/v2\/types\/product"}],"replies":[{"embeddable":true,"href":"https:\/\/rahtek-dz.com\/ar\/wp-json\/wp\/v2\/comments?post=17668"}],"wp:featuredmedia":[{"embeddable":true,"href":"https:\/\/rahtek-dz.com\/ar\/wp-json\/wp\/v2\/media\/17667"}],"wp:attachment":[{"href":"https:\/\/rahtek-dz.com\/ar\/wp-json\/wp\/v2\/media?parent=17668"}],"wp:term":[{"taxonomy":"product_brand","embeddable":true,"href":"https:\/\/rahtek-dz.com\/ar\/wp-json\/wp\/v2\/product_brand?post=17668"},{"taxonomy":"product_cat","embeddable":true,"href":"https:\/\/rahtek-dz.com\/ar\/wp-json\/wp\/v2\/product_cat?post=17668"},{"taxonomy":"product_tag","embeddable":true,"href":"https:\/\/rahtek-dz.com\/ar\/wp-json\/wp\/v2\/product_tag?post=17668"}],"curies":[{"name":"wp","href":"https:\/\/api.w.org\/{rel}","templated":true}]}}