{"id":17672,"date":"2026-02-11T12:03:26","date_gmt":"2026-02-11T11:03:26","guid":{"rendered":"https:\/\/rahtek-dz.com\/product\/cattier-soin-levres-bio\/"},"modified":"2026-02-11T12:03:26","modified_gmt":"2026-02-11T11:03:26","slug":"cattier-soin-levres-bio","status":"publish","type":"product","link":"https:\/\/rahtek-dz.com\/ar\/product\/cattier-soin-levres-bio\/","title":{"rendered":"Cattier Soin L\u00e8vres Bio"},"content":{"rendered":"<p>Le soin des l\u00e8vres de Cattier est un baume r\u00e9parateur pour les l\u00e8vres. Ultra-nourrissant, il aide \u00e0 lutter contre les agressions ext\u00e9rieures pour des l\u00e8vres plus douces et plus lisses. Mode d&rsquo;action du\u00a0soin des l\u00e8vres Bio Cattier En apportant un film hydrolipidique, ce stick \u00e0 l\u00e8vres offre une protection optimale \u00e0 la bouche . Gr\u00e2ce \u00e0 ses actifs naturels, ce soin permet une protection et une hydratation optimale. Au coeur de la formule de ce soin des l\u00e8vres , on retrouve de l&rsquo;huile d&rsquo;olive Bio aux vertus nourrissantes et antioxydantes, du beurre v\u00e9g\u00e9tal de mangue sauvage \u00e0 l&rsquo;action protectrice et hydratante, du beurre de coco Bio qui hydrate, adoucit et prot\u00e8ge les l\u00e8vres du stress oxydatif. Le squalane v\u00e9g\u00e9tal apporte quant \u00e0 lui de la souplesse et de la douceur tout en formant un film protecteur \u00e0 la surface des l\u00e8vres. De son c\u00f4t\u00e9, l&rsquo;huile de Jojoba Bio a \u00e9t\u00e9 soigneusement s\u00e9lectionn\u00e9e pour ses propri\u00e9t\u00e9s \u00e9mollientes, r\u00e9g\u00e9n\u00e9rantes et protectrices. Le plus du soin des l\u00e8vres Bio Cattier : Sa texture est onctueuse\u00a0et glisse sur les l\u00e8vres. Son l\u00e9ger go\u00fbt sucr\u00e9-vanill\u00e9 vous apportera un v\u00e9ritable moment de plaisir \u00e0 chaque utilisation. Produit certifi\u00e9 Bio. Pr\u00e9sentation propos\u00e9e par votre pharmacie en ligne pour le soin des l\u00e8vres Bio Cattier : Stick de 4g. Avis du \t\t\t\t\t\t\t                                                                                pharmacien \t\t\t\t\t\t\t                                                                                sur Cattier Soin L\u00e8vres Bio Appliquez ce soin des l\u00e8vres aussi souvent que vous le souhaitez, pour les r\u00e9parer, les nourrir et les prot\u00e9ger.  Pour les l\u00e8vres s\u00e8ches et tr\u00e8s s\u00e8ches, la Pharmacie des Drakkars vous propose le baume \u00e0 l\u00e8vres apaisant calmant Eucerin . Marque Cattier R\u00e9f\u00e9rence(s) 3283950912396 BIO Partie du corps Bouche Pour qui? Femmes &#8211; Homme &#8211; Enfants Type de soin Nourrissant Mis \u00e0 jour le : 07\/02\/2026<\/p>","protected":false},"excerpt":{"rendered":"<p>Le soin des l\u00e8vres de Cattier est un baume r\u00e9parateur pour les l\u00e8vres. Ultra-nourrissant, il aide \u00e0 lutter contre les<\/p>","protected":false},"featured_media":17671,"comment_status":"open","ping_status":"closed","template":"","meta":{"_acf_changed":false},"product_brand":[],"product_cat":[275],"product_tag":[],"class_list":{"0":"post-17672","1":"product","2":"type-product","3":"status-publish","4":"has-post-thumbnail","6":"product_cat-aide-technique","8":"first","9":"instock","10":"shipping-taxable","11":"product-type-simple"},"acf":[],"df_price":"","df_sale_price":"","df_regular_price":"","df_image_link":"https:\/\/rahtek-dz.com\/wp-content\/uploads\/2026\/02\/w-501-h-501-zc-2-cattier-soin-levres-bio-cattier6-1768901836.jpg-300x300.webp","_links":{"self":[{"href":"https:\/\/rahtek-dz.com\/ar\/wp-json\/wp\/v2\/product\/17672","targetHints":{"allow":["GET"]}}],"collection":[{"href":"https:\/\/rahtek-dz.com\/ar\/wp-json\/wp\/v2\/product"}],"about":[{"href":"https:\/\/rahtek-dz.com\/ar\/wp-json\/wp\/v2\/types\/product"}],"replies":[{"embeddable":true,"href":"https:\/\/rahtek-dz.com\/ar\/wp-json\/wp\/v2\/comments?post=17672"}],"wp:featuredmedia":[{"embeddable":true,"href":"https:\/\/rahtek-dz.com\/ar\/wp-json\/wp\/v2\/media\/17671"}],"wp:attachment":[{"href":"https:\/\/rahtek-dz.com\/ar\/wp-json\/wp\/v2\/media?parent=17672"}],"wp:term":[{"taxonomy":"product_brand","embeddable":true,"href":"https:\/\/rahtek-dz.com\/ar\/wp-json\/wp\/v2\/product_brand?post=17672"},{"taxonomy":"product_cat","embeddable":true,"href":"https:\/\/rahtek-dz.com\/ar\/wp-json\/wp\/v2\/product_cat?post=17672"},{"taxonomy":"product_tag","embeddable":true,"href":"https:\/\/rahtek-dz.com\/ar\/wp-json\/wp\/v2\/product_tag?post=17672"}],"curies":[{"name":"wp","href":"https:\/\/api.w.org\/{rel}","templated":true}]}}