{"id":17710,"date":"2026-02-11T12:03:29","date_gmt":"2026-02-11T11:03:29","guid":{"rendered":"https:\/\/rahtek-dz.com\/product\/pranarom-defenses-naturelles\/"},"modified":"2026-02-11T12:03:29","modified_gmt":"2026-02-11T11:03:29","slug":"pranarom-defenses-naturelles","status":"publish","type":"product","link":"https:\/\/rahtek-dz.com\/ar\/product\/pranarom-defenses-naturelles\/","title":{"rendered":"Pranarom D\u00e9fenses Naturelles"},"content":{"rendered":"<p>Pranarom\u00a0D\u00e9fenses Naturelles est un complexe d&rsquo;huiles essentielles qui contribue au maintien des d\u00e9fenses naturelles . Pranarom\u00a0D\u00e9fenses Naturelles Solution \u00c0 utiliser en friction, en inhalation, en diffusion atmosph\u00e9rique ou par voie orale, ce complexe Aromaforce vous permettra de profiter des bienfaits des huiles essentielles. Pranarom D\u00e9fenses Naturelles en solution est compos\u00e9 d&rsquo;huiles essentielles totalement pures, naturelles et ch\u00e9motyp\u00e9es, parmi lesquelles on retrouve du\u00a0Lavandin, du\u00a0Bois de H\u00f4, de l&rsquo;Eucalyptus radi\u00e9, du\u00a0Niaouli, du Romarin officinal, de l&rsquo;Eucalyptus globuleux, de la\u00a0Menthe poivr\u00e9e pour le maintien des d\u00e9fenses naturelles, du\u00a0Ravintsara, du\u00a0Giroflier et du\u00a0Tea-tree. Les plus d&rsquo;Aromaforce Solution D\u00e9fenses Naturelles : Le flacon de 5ml est id\u00e9al pour l&#8217;emmener partout avec vous. Ce produit aux huiles essentielles est totalement naturel et Bio, sa formulation est parfaitement adapt\u00e9e et utilisable chez l&rsquo;enfant d\u00e8s 7 ans. Produit certifi\u00e9 Bio. Formule V\u00e9gan. Pranarom d\u00e9fenses naturelles capsules Gr\u00e2ce \u00e0 une synergie d&rsquo;huiles essentielles, sp\u00e9cifiquement formul\u00e9e pour aider l&rsquo;organisme \u00e0 r\u00e9agir face aux maux de l&rsquo;hiver, les capsules D\u00e9fenses Naturelles peuvent s&rsquo;utiliser sous forme de cure pour se prot\u00e9ger des maux ou s&rsquo;utiliser de mani\u00e8re ponctuelle pendant la p\u00e9riode d\u00e9licate. Les capsules d\u00e9fenses naturelles Aromaforce Pranarom reposent sur l&rsquo;association de 5 huiles essentielles issues de l&rsquo;Agriculture Biologique, parmi lesquelles on retrouve : Eucalyptus radi\u00e9, du Citron, du Gingembre, du Giroflier et de la Sarriette des montagnes. De l&rsquo;huile v\u00e9g\u00e9tale de Colza vient compl\u00e9ter la formulation de ces capsules. La prise des capsules d\u00e9fenses naturelles Aromaforce Pranarom peut donc \u00eatre indiqu\u00e9e au changement de saison , lorsque l&rsquo;organisme tend \u00e0 se d\u00e9stabiliser et lorsque le syst\u00e8me immunitaire semble plus fragile. Produit certifi\u00e9 Bio. Pr\u00e9sentations propos\u00e9es par votre pharmacie en ligne pour la solution d\u00e9fenses naturelles Aromaforce Pranarom : flacon de 5 ml &#8211; flacon de 30 ml, bo\u00eete de 30 capsules. Avis du \t\t\t\t\t\t\t                                                                                pharmacien \t\t\t\t\t\t\t                                                                                sur Pranarom D\u00e9fenses Naturelles En friction locale : Appliquez\u00a0de 3 \u00e0 5 gouttes du complexe Aromaforce sur le thorax et le dos, 2 fois par jour. Pour les peaux fragiles, nous vous conseillons de diluer Aromaforce \u00e0\u00a050% dans une huile v\u00e9g\u00e9tale douce (amande douce, macadamia, avocat). En diffusion atmosph\u00e9rique : Placez\u00a0quelques gouttes dans un diffuseur. En inhalation : D\u00e9posez\u00a0quelques gouttes dans un r\u00e9cipient con\u00e7u pour les inhalations contenant de l&rsquo;eau fr\u00e9missante et respirez 5 \u00e0 10 minutes en prot\u00e9geant les yeux. Utilisation orale : 1 \u00e0 4 gouttes dans du miel, une huile v\u00e9g\u00e9tale ou sur un sucre. Pour les capsules, avalez 1 \u00e0 3 capsules d\u00e9fenses naturelles par jour avec un peu d&rsquo;eau, pendant la p\u00e9riode d\u00e9licate. Pr\u00e9cautions d&#8217;emploi : Ne pas utiliser chez la femme enceinte ou allaitante. Ne pas utiliser chez l&rsquo;enfant de moins de 3 ans sans l&rsquo;avis d&rsquo;un aromath\u00e9rapeute.\u00a0Ce compl\u00e9ment alimentaire doit \u00eatre utilis\u00e9 dans le cadre d&rsquo;un mode de vie sain et d&rsquo;une alimentation vari\u00e9e et \u00e9quilibr\u00e9e. Ne pas d\u00e9passer la dose journali\u00e8re recommand\u00e9e et se conformer au mode d&rsquo;utilisation indiqu\u00e9. \u00c0 tenir hors de la port\u00e9e des enfants. \u00c0 conserver dans un endroit frais et sec \u00e0 l&rsquo;abri de la lumi\u00e8re. \u00c0 consommer de pr\u00e9f\u00e9rence avant la date de validit\u00e9 indiqu\u00e9e sur la bo\u00eete. Compl\u00e9ments alimentaires ne peut se substituer \u00e0 une alimentation vari\u00e9e, \u00e9quilibr\u00e9e et \u00e0 un mode de vie sain.  Retrouvez tous les produits Aromaforce de Pranarom sur notre Pharmacie en ligne. Fiches \t\t\t\t\t\t                                                                                      conseils Guides pratiques La diffusion des huiles essentielles : que faut-il savoir ? La diffusion atmosph\u00e9rique est une des techniques d&rsquo;utilisation des huiles essentielles. Purifier et assainir l&rsquo;air, se relaxer, &#8230; Marque Aromaforce R\u00e9f\u00e9rence(s) 5420008525957, 5420008526138, 5420008526152 Pour qui? Toute la famille Mis \u00e0 jour le : 15\/10\/2025<\/p>","protected":false},"excerpt":{"rendered":"<p>Pranarom\u00a0D\u00e9fenses Naturelles est un complexe d&rsquo;huiles essentielles qui contribue au maintien des d\u00e9fenses naturelles . Pranarom\u00a0D\u00e9fenses Naturelles Solution \u00c0 utiliser<\/p>","protected":false},"featured_media":17709,"comment_status":"open","ping_status":"closed","template":"","meta":{"_acf_changed":false},"product_brand":[],"product_cat":[275],"product_tag":[],"class_list":{"0":"post-17710","1":"product","2":"type-product","3":"status-publish","4":"has-post-thumbnail","6":"product_cat-aide-technique","8":"first","9":"instock","10":"shipping-taxable","11":"product-type-simple"},"acf":[],"df_price":"","df_sale_price":"","df_regular_price":"","df_image_link":"https:\/\/rahtek-dz.com\/wp-content\/uploads\/2026\/02\/w-501-h-501-zc-2-pranarom-defenses-naturelles-aromaforce9-1742206821.jpg-300x300.webp","_links":{"self":[{"href":"https:\/\/rahtek-dz.com\/ar\/wp-json\/wp\/v2\/product\/17710","targetHints":{"allow":["GET"]}}],"collection":[{"href":"https:\/\/rahtek-dz.com\/ar\/wp-json\/wp\/v2\/product"}],"about":[{"href":"https:\/\/rahtek-dz.com\/ar\/wp-json\/wp\/v2\/types\/product"}],"replies":[{"embeddable":true,"href":"https:\/\/rahtek-dz.com\/ar\/wp-json\/wp\/v2\/comments?post=17710"}],"wp:featuredmedia":[{"embeddable":true,"href":"https:\/\/rahtek-dz.com\/ar\/wp-json\/wp\/v2\/media\/17709"}],"wp:attachment":[{"href":"https:\/\/rahtek-dz.com\/ar\/wp-json\/wp\/v2\/media?parent=17710"}],"wp:term":[{"taxonomy":"product_brand","embeddable":true,"href":"https:\/\/rahtek-dz.com\/ar\/wp-json\/wp\/v2\/product_brand?post=17710"},{"taxonomy":"product_cat","embeddable":true,"href":"https:\/\/rahtek-dz.com\/ar\/wp-json\/wp\/v2\/product_cat?post=17710"},{"taxonomy":"product_tag","embeddable":true,"href":"https:\/\/rahtek-dz.com\/ar\/wp-json\/wp\/v2\/product_tag?post=17710"}],"curies":[{"name":"wp","href":"https:\/\/api.w.org\/{rel}","templated":true}]}}