{"id":17757,"date":"2026-02-11T12:03:32","date_gmt":"2026-02-11T11:03:32","guid":{"rendered":"https:\/\/rahtek-dz.com\/product\/avene-fluide-solaire-sport-spf-50-100ml\/"},"modified":"2026-02-11T12:03:32","modified_gmt":"2026-02-11T11:03:32","slug":"avene-fluide-solaire-sport-spf-50-100ml","status":"publish","type":"product","link":"https:\/\/rahtek-dz.com\/ar\/product\/avene-fluide-solaire-sport-spf-50-100ml\/","title":{"rendered":"Av\u00e8ne Fluide Solaire Sport SPF 50+ 100ml"},"content":{"rendered":"<p>Le fluide de sport SPF 50+ d&rsquo;Av\u00e8ne , id\u00e9al pour les sportifs , est une tr\u00e8s haute protection solaire con\u00e7ue pour r\u00e9sister \u00e0 l&rsquo;eau et \u00e0 la sueur. Cette protection solaire invisible est tout particuli\u00e8rement adapt\u00e9e aux peaux sensibles des adultes. Mode d&rsquo;action du fluide solaire sport SPF50+ Av\u00e8ne Dot\u00e9 d&rsquo;une texture ultra-fluide et l\u00e9g\u00e8re, cette protection solaire s&rsquo;applique sur le visage comme sur le corps\u00a0sans effet blanc pour prot\u00e9ger la peau m\u00eame sensible du soleil\u00a0lors d&rsquo;entra\u00eenement, d&rsquo;activit\u00e9s sportives en plein air y compris les plus intenses. Un syst\u00e8me filtrant brevet\u00e9 stable et efficace\u00a0dans la dur\u00e9e prot\u00e8ge des UVA-UVB,\u00a0le complexe\u00a0antioxydant\u00a0unique\u00a0(Pr\u00e9-tocoph\u00e9ryl + Pro-taurine) pr\u00e9serve le capital cellulaire tandis que\u00a0l&rsquo;eau thermale d&rsquo;Av\u00e8ne, id\u00e9ale pour les peaux sensibles, d\u00e9livre ses bienfaits anti-irritants,\u00a0apaisants\u00a0et adoucissants. Le plus du fluide solaire sport SPF50+ Av\u00e8ne :\u00a0Fortement engag\u00e9 dans la protection de l&rsquo;environnement, Av\u00e8ne a mis au point une formule \u00e0 l&rsquo;impact minimis\u00e9 sur la vie marine. Par ailleurs, elle ne laisse pas de film blanc et collant sur la peau apr\u00e8s son application. Produit fabriqu\u00e9 en France. Test\u00e9 sous contr\u00f4le dermatologique. Conditionnement propos\u00e9 par votre pharmacie en ligne : Flacon de 100ml de fluide solaire sport SPF50+ Av\u00e8ne. Avis du \t\t\t\t\t\t\t                                                                                pharmacien \t\t\t\t\t\t\t                                                                                sur Av\u00e8ne Fluide Solaire Sport SPF 50+ 100ml Avant toute exposition au soleil, appliquez\u00a0g\u00e9n\u00e9reusement le fluide sport sur le visage et\/ou le corps. Renouvelez fr\u00e9quemment l&rsquo;application pour maintenir une protection optimale. Marque Av\u00e8ne Solaires R\u00e9f\u00e9rence(s) 3282770101362 Partie du corps Visage &#8211; Corps Type de peau Sensible Mis \u00e0 jour le : 05\/01\/2026<\/p>","protected":false},"excerpt":{"rendered":"<p>Le fluide de sport SPF 50+ d&rsquo;Av\u00e8ne , id\u00e9al pour les sportifs , est une tr\u00e8s haute protection solaire con\u00e7ue<\/p>","protected":false},"featured_media":17756,"comment_status":"open","ping_status":"closed","template":"","meta":{"_acf_changed":false},"product_brand":[],"product_cat":[275],"product_tag":[],"class_list":{"0":"post-17757","1":"product","2":"type-product","3":"status-publish","4":"has-post-thumbnail","6":"product_cat-aide-technique","8":"first","9":"instock","10":"shipping-taxable","11":"product-type-simple"},"acf":[],"df_price":"","df_sale_price":"","df_regular_price":"","df_image_link":"https:\/\/rahtek-dz.com\/wp-content\/uploads\/2026\/02\/w-501-h-501-zc-2-avene-fluide-solaire-sport-spf-50-100ml-avene-solaires4-1716475603.jpg-300x300.webp","_links":{"self":[{"href":"https:\/\/rahtek-dz.com\/ar\/wp-json\/wp\/v2\/product\/17757","targetHints":{"allow":["GET"]}}],"collection":[{"href":"https:\/\/rahtek-dz.com\/ar\/wp-json\/wp\/v2\/product"}],"about":[{"href":"https:\/\/rahtek-dz.com\/ar\/wp-json\/wp\/v2\/types\/product"}],"replies":[{"embeddable":true,"href":"https:\/\/rahtek-dz.com\/ar\/wp-json\/wp\/v2\/comments?post=17757"}],"wp:featuredmedia":[{"embeddable":true,"href":"https:\/\/rahtek-dz.com\/ar\/wp-json\/wp\/v2\/media\/17756"}],"wp:attachment":[{"href":"https:\/\/rahtek-dz.com\/ar\/wp-json\/wp\/v2\/media?parent=17757"}],"wp:term":[{"taxonomy":"product_brand","embeddable":true,"href":"https:\/\/rahtek-dz.com\/ar\/wp-json\/wp\/v2\/product_brand?post=17757"},{"taxonomy":"product_cat","embeddable":true,"href":"https:\/\/rahtek-dz.com\/ar\/wp-json\/wp\/v2\/product_cat?post=17757"},{"taxonomy":"product_tag","embeddable":true,"href":"https:\/\/rahtek-dz.com\/ar\/wp-json\/wp\/v2\/product_tag?post=17757"}],"curies":[{"name":"wp","href":"https:\/\/api.w.org\/{rel}","templated":true}]}}