{"id":17765,"date":"2026-02-11T12:03:33","date_gmt":"2026-02-11T11:03:33","guid":{"rendered":"https:\/\/rahtek-dz.com\/product\/autotest-covid-grippe\/"},"modified":"2026-02-11T12:03:33","modified_gmt":"2026-02-11T11:03:33","slug":"autotest-covid-grippe","status":"publish","type":"product","link":"https:\/\/rahtek-dz.com\/ar\/product\/autotest-covid-grippe\/","title":{"rendered":"Autotest Covid\/Grippe"},"content":{"rendered":"<p>L&rsquo; autotest covid\/grippe est un test qui permet de savoir si l&rsquo;on est infect\u00e9 par la Covid-19 ou bien la grippe gr\u00e2ce \u00e0 un pr\u00e9l\u00e8vement nasal. Il peut \u00eatre effectu\u00e9 \u00e0 domicile de mani\u00e8re simple et rapide. Caract\u00e9ristiques de l&rsquo;autotest covid\/grippe La Covid-19 et la grippe sont des infections vitales touchant les voies respiratoires, qui entra\u00eenent des sympt\u00f4mes similaires tels que la fi\u00e8vre, la toux, la fatigue ou encore la perte de go\u00fbt et\/ou d&rsquo;odorat. L&rsquo; autotest covid et grippe est un test antig\u00e9nique 2 en 1 combo grippe\/covid\u00a0sur pr\u00e9l\u00e8vement nasopharyng\u00e9. Ce dispositif m\u00e9dical a \u00e9t\u00e9 con\u00e7u pour d\u00e9tecter rapidement et simultan\u00e9ment les infections par le virus de la grippe (influenza A et B) et le SARS-CoV-2, responsable de la Covid-19 . Offrant un r\u00e9sultat en moins de 20 minutes, il peut \u00eatre utilis\u00e9 par des professionnels de sant\u00e9 ou dans un cadre domestique en suivant strictement les instructions de la notice. L&rsquo; autotest covid\/grippe est g\u00e9n\u00e9ralement employ\u00e9 dans les cas suivants : Vous pr\u00e9sentez des sympt\u00f4mes de la grippe ou de la Covid-19 tels que pr\u00e9cis\u00e9s ci-dessus ; Vous avez r\u00e9cemment \u00e9t\u00e9 en contact avec une personne malade ; En pr\u00e9vention car vous avez pr\u00e9vu d&rsquo;\u00eatre en contact avec une personne fragile (personne \u00e2g\u00e9e, immunod\u00e9prim\u00e9e, nourrisson&#8230;). L&rsquo; autotest covid\/grippe disponible sur notre pharmacie en ligne contient : 1 cassette de test, 1 kit d&rsquo;extraction, 1 \u00e9couvillon st\u00e9rile, 1 notice et 1 sachet destin\u00e9 aux d\u00e9chets biologiques dangereux. Si vous souhaitez uniquement r\u00e9aliser un test Covid-19, Sejoy vous propose \u00e9galement un autotest Covid . autotest covid\/grippe\u00a0: mode d&#8217;emploi Il est imp\u00e9ratif de lire attentivement la notice d&rsquo;utilisation avant d&rsquo;utiliser le test antig\u00e9nique covid\/grippe. Pr\u00e9l\u00e8vement d\u2019un \u00e9chantillon : Ins\u00e9rez un \u00e9couvillon st\u00e9rile dans une de vos narines puis \u00e9couvillonnez la surface du nasopharynx post\u00e9rieur. Retirez l\u2019\u00e9couvillon de la cavit\u00e9 nasale. Pr\u00e9paration de l\u2019\u00e9chantillon : Versez le r\u00e9actif dans le tube d\u2019extraction puis ins\u00e9rez l\u2019\u00e9couvillon. Tournez 5 fois en pressant le tube. Enlevez l\u2019\u00e9couvillon en pressant les c\u00f4t\u00e9s du tube puis placez le bouchon compte-goutte. R\u00e9alisation du test : Placez la cassette de test sur une surface plate puis d\u00e9posez dans le puits d\u2019\u00e9chantillonnage 3 gouttes de la solution. Lisez le r\u00e9sultats 15 minutes apr\u00e8s. Interpr\u00e9tation des r\u00e9sultats de l&rsquo;autotest covid\/grippe Interpr\u00e9tez les r\u00e9sultats de cet autotest covid grippe gr\u00e2ce aux indications suivantes : Positif : une ligne de contr\u00f4le rouge\u00e2tre (C) et une ligne de test rouge\u00e2tre (A, B\/T) indiquent que l\u2019antig\u00e8ne de la grippe A, B et\/ou SARS-CoV-2 a \u00e9t\u00e9 d\u00e9tect\u00e9. Les lignes aux positions A et C indiquent la pr\u00e9sence de l\u2019antig\u00e8ne viral de la grippe A, les lignes aux position B et C indiquent la pr\u00e9sence de l\u2019antig\u00e8ne viral de la grippe de type B et les lignes aux positions T et C indiquent la pr\u00e9sence du SARS-CoV-2 antig\u00e8ne viral dans l\u2019\u00e9chantillon. Un r\u00e9sultat positif n\u2019exclut pas les co-infections avec autres agents pathog\u00e8nes ni n\u2019identifie un sous-type sp\u00e9cifique du virus de la grippe A. M\u00eame une ligne l\u00e9g\u00e8re ou faible doit \u00eatre interpr\u00e9t\u00e9e comme un r\u00e9sultat positif. N\u00e9gatif : une ligne de contr\u00f4le rouge\u00e2tre (C) uniquement, sans ligne de test aux positions A, B, T indique que l\u2019antig\u00e8ne de la grippe A, B ou l\u2019antig\u00e8ne SARS-CoV-2 n\u2019a pas \u00e9t\u00e9 d\u00e9tect\u00e9. Un r\u00e9sultat n\u00e9gatif n\u2019exclut pas une infection virale grippale ou virale SARS-CoV-2. La d\u00e9termination des r\u00e9sultats n\u00e9gatifs ne doit pas \u00eatre faite avant 15 minutes. Les r\u00e9sultats n\u00e9gatifs sont pr\u00e9somptifs et doivent \u00eatre confirm\u00e9s par un test mol\u00e9culaire. Invalide : une ligne violet rouge\u00e2tre doit toujours appara\u00eetre \u00e0 la position de la ligne de contr\u00f4le (C). Si une ligne ne se forme pas \u00e0 la position de la ligne de contr\u00f4le en 15 minutes, le r\u00e9sultat du test est invalide et le test doit \u00eatre r\u00e9p\u00e9t\u00e9 avec un nouveau dispositif. Les pr\u00e9sentations disponibles sur notre pharmacie en ligne pour l&rsquo;autotest covid\/grippe : 1 Test &#8211;\u00a0Laboratoire\u00a0DeepBlue 1 test &#8211; Laboratoire\u00a0Safecare\u00a0(sous r\u00e9serve de disponibilit\u00e9) Marque Autre R\u00e9f\u00e9rence(s) 6952062710707, 6974246461137 Ancienne(s) d\u00e9signation(s) produit 6939663978279 Mis \u00e0 jour le : 05\/02\/2026<\/p>","protected":false},"excerpt":{"rendered":"<p>L&rsquo; autotest covid\/grippe est un test qui permet de savoir si l&rsquo;on est infect\u00e9 par la Covid-19 ou bien la<\/p>","protected":false},"featured_media":17764,"comment_status":"open","ping_status":"closed","template":"","meta":{"_acf_changed":false},"product_brand":[],"product_cat":[275],"product_tag":[],"class_list":{"0":"post-17765","1":"product","2":"type-product","3":"status-publish","4":"has-post-thumbnail","6":"product_cat-aide-technique","8":"first","9":"instock","10":"shipping-taxable","11":"product-type-simple"},"acf":[],"df_price":"","df_sale_price":"","df_regular_price":"","df_image_link":"https:\/\/rahtek-dz.com\/wp-content\/uploads\/2026\/02\/w-501-h-501-zc-2-autotest-covid-grippe-autre2-1760622624.png-300x300.webp","_links":{"self":[{"href":"https:\/\/rahtek-dz.com\/ar\/wp-json\/wp\/v2\/product\/17765","targetHints":{"allow":["GET"]}}],"collection":[{"href":"https:\/\/rahtek-dz.com\/ar\/wp-json\/wp\/v2\/product"}],"about":[{"href":"https:\/\/rahtek-dz.com\/ar\/wp-json\/wp\/v2\/types\/product"}],"replies":[{"embeddable":true,"href":"https:\/\/rahtek-dz.com\/ar\/wp-json\/wp\/v2\/comments?post=17765"}],"wp:featuredmedia":[{"embeddable":true,"href":"https:\/\/rahtek-dz.com\/ar\/wp-json\/wp\/v2\/media\/17764"}],"wp:attachment":[{"href":"https:\/\/rahtek-dz.com\/ar\/wp-json\/wp\/v2\/media?parent=17765"}],"wp:term":[{"taxonomy":"product_brand","embeddable":true,"href":"https:\/\/rahtek-dz.com\/ar\/wp-json\/wp\/v2\/product_brand?post=17765"},{"taxonomy":"product_cat","embeddable":true,"href":"https:\/\/rahtek-dz.com\/ar\/wp-json\/wp\/v2\/product_cat?post=17765"},{"taxonomy":"product_tag","embeddable":true,"href":"https:\/\/rahtek-dz.com\/ar\/wp-json\/wp\/v2\/product_tag?post=17765"}],"curies":[{"name":"wp","href":"https:\/\/api.w.org\/{rel}","templated":true}]}}