{"id":17789,"date":"2026-02-11T12:03:35","date_gmt":"2026-02-11T11:03:35","guid":{"rendered":"https:\/\/rahtek-dz.com\/product\/rhinotrophyl\/"},"modified":"2026-02-11T12:03:35","modified_gmt":"2026-02-11T11:03:35","slug":"rhinotrophyl","status":"publish","type":"product","link":"https:\/\/rahtek-dz.com\/ar\/product\/rhinotrophyl\/","title":{"rendered":"Rhinotrophyl"},"content":{"rendered":"<p>Rhinotrophyl Rhume 12 ml de Jolly Jatel est un m\u00e9dicament en solution pour pulv\u00e9risation nasale indiqu\u00e9 dans le traitement local d&rsquo;appoint des rhumes et rhinopharyngites . M\u00c9DICAMENT RHINOTROPHYL 12 ML : INFORMATIONS ET INDICATIONS La solution nasale Rhinotrophyl contient un d\u00e9riv\u00e9 soufr\u00e9 \u00e0 vis\u00e9e antiseptique et d\u00e9congestionnante . Elle est utilis\u00e9e comme traitement d&rsquo;appoint des rhinopharyngites. Pr\u00e9sentation propos\u00e9e sur votre pharmacie en ligne : solution pour pulv\u00e9risation nasale en flacon pulv\u00e9risateur de 12 ml, muni d&rsquo;un embout nasal et d&rsquo;un tube plongeur, bo\u00eete unitaire. Rhinotrophyl 12 ml pour le rhume : POSOLOGIE ET PR\u00c9CAUTIONS D\u2019EMPLOI L\u2019administration des pulv\u00e9risations nasales se fait avec la t\u00eate l\u00e9g\u00e8rement pench\u00e9e en arri\u00e8re et le flacon en position verticale, au cours d&rsquo;une br\u00e8ve inspiration, apr\u00e8s un mouchage soigneux. Chez l\u2019adulte, administrer 1 pulv\u00e9risation dans chaque narine 4 \u00e0 6 fois par jour. Chez l\u2019enfant de plus de 30 mois, administrer 1 pulv\u00e9risation dans chaque narine 3 \u00e0 4 fois par jour. Chez le nourrisson, administrer 1 pulv\u00e9risation dans chaque narine 2 fois par jour. L&rsquo;usage prolong\u00e9 de ce m\u00e9dicament n&rsquo;est pas souhaitable. En l&rsquo;absence d&rsquo;am\u00e9lioration apr\u00e8s quelques jours de traitement ou en cas de fi\u00e8vre, consultez votre m\u00e9decin. Les solutions nasales antiseptiques ou antibiotiques peuvent \u00eatre contamin\u00e9es par des germes : ne les conservez pas au-del\u00e0 de la dur\u00e9e du traitement. Rhinotrophyl 12 ml pour la rhinopharyngite : CONTRE-INDICATIONS Les excipients de Rhinotrophyl Jolly Jatel sont l&rsquo;hydrog\u00e9nophosphate de sodium dod\u00e9cahydrat\u00e9, l&rsquo;hydrog\u00e9nophosphate de sodium dihydrat\u00e9, le parahydroxybenzoate de m\u00e9thyle sod\u00e9, le parahydroxybenzoate de propyle sod\u00e9, l&rsquo;eau purifi\u00e9e. N&rsquo;utilisez pas ce m\u00e9dicament contre le rhume en cas d&rsquo;allergie \u00e0 l&rsquo;un de ces composants, notamment aux parab\u00e8nes. En cas de fi\u00e8vre, de maux de t\u00eate, de douleurs \u00e0 l&rsquo;oreille ou autres sympt\u00f4mes associ\u00e9s, consultez votre m\u00e9decin. Grossesse et allaitement : L&rsquo;effet de ce m\u00e9dicament pendant la grossesse ou l&rsquo;allaitement est mal connu. L&rsquo;\u00e9valuation du risque \u00e9ventuel li\u00e9 \u00e0 son utilisation est individuelle : demandez conseil \u00e0 votre pharmacien ou \u00e0 votre m\u00e9decin avant toute autom\u00e9dication. Solution nasale Rhinotrophyl 12 ml : EFFETS IND\u00c9SIRABLES POSSIBLES Comme tout m\u00e9dicament, Rhinotrophyl peut induire des effets secondaires ind\u00e9sirables non syst\u00e9matiques tels que : une irritation locale ; une r\u00e9action allergique : rougeur, urticaire. Avis du \t\t\t\t\t\t\t                                                                                pharmacien \t\t\t\t\t\t\t                                                                                sur Rhinotrophyl Un rhume se reconna\u00eet \u00e0 ses premiers sympt\u00f4mes tels que le nez bouch\u00e9, de l\u2019\u00e9coulement nasal et l\u2019apparition de maux de t\u00eate, voire de la fi\u00e8vre.  Afin de d\u00e9boucher votre nez et d\u2019entamer un processus de gu\u00e9rison plus rapide, vous pouvez faire un lavement de nez pour nettoyer les fosses nasales, d\u00e9congestionner, \u00e9vacuer les mucosit\u00e9s et \u00e9liminer les virus gr\u00e2ce \u00e0 la solution pour pulv\u00e9risation nasale Rhinotrophyl. Pour les\u00a0rhinites cro\u00fbteuses post traumatiques et les soins post-op\u00e9ratoires de chirurgie endonasale, retrouvez la Vaseline Gomenol\u00e9e 5% . Marque Laboratoire Jolly-Jatel R\u00e9f\u00e9rence(s) 3400921629880 Mol\u00e9cules acide t\u00e9no\u00efque sel d&rsquo;\u00e9thanolamine (30.0 mg) &#8211; acide t\u00e9no\u00efque sel d&rsquo;\u00e9thanolamine (3.0 g) &#8211; eau purifi\u00e9e &#8211; p-hydroxybenzoate de m\u00e9thyle sodique &#8211; p-hydroxybenzoate de propyle sodique &#8211; phosphate disodique dihydrate &#8211; phosphate disodique dod\u00e9cahydrate Excipient \u00e0 effet notoire p-hydroxybenzoate de propyle sodique &#8211; p-hydroxybenzoate de m\u00e9thyle sodique Excipient phosphate disodique dihydrate &#8211; eau purifi\u00e9e &#8211; phosphate disodique dod\u00e9cahydrate Forme gal\u00e9nique solution pour pulv\u00e9risation nasale Indications Rhinite et rhinopharyngite aigu\u00eb Substance Active acide t\u00e9no\u00efque sel d&rsquo;\u00e9thanolamine Mis \u00e0 jour le : 14\/10\/2025<\/p>","protected":false},"excerpt":{"rendered":"<p>Rhinotrophyl Rhume 12 ml de Jolly Jatel est un m\u00e9dicament en solution pour pulv\u00e9risation nasale indiqu\u00e9 dans le traitement local<\/p>","protected":false},"featured_media":17788,"comment_status":"open","ping_status":"closed","template":"","meta":{"_acf_changed":false},"product_brand":[],"product_cat":[275],"product_tag":[],"class_list":{"0":"post-17789","1":"product","2":"type-product","3":"status-publish","4":"has-post-thumbnail","6":"product_cat-aide-technique","8":"first","9":"instock","10":"shipping-taxable","11":"product-type-simple"},"acf":[],"df_price":"","df_sale_price":"","df_regular_price":"","df_image_link":"https:\/\/rahtek-dz.com\/wp-content\/uploads\/2026\/02\/w-501-h-501-zc-2-34009210629880-ld-0025-front-5d8c85dcacfb9.jpg-300x300.webp","_links":{"self":[{"href":"https:\/\/rahtek-dz.com\/ar\/wp-json\/wp\/v2\/product\/17789","targetHints":{"allow":["GET"]}}],"collection":[{"href":"https:\/\/rahtek-dz.com\/ar\/wp-json\/wp\/v2\/product"}],"about":[{"href":"https:\/\/rahtek-dz.com\/ar\/wp-json\/wp\/v2\/types\/product"}],"replies":[{"embeddable":true,"href":"https:\/\/rahtek-dz.com\/ar\/wp-json\/wp\/v2\/comments?post=17789"}],"wp:featuredmedia":[{"embeddable":true,"href":"https:\/\/rahtek-dz.com\/ar\/wp-json\/wp\/v2\/media\/17788"}],"wp:attachment":[{"href":"https:\/\/rahtek-dz.com\/ar\/wp-json\/wp\/v2\/media?parent=17789"}],"wp:term":[{"taxonomy":"product_brand","embeddable":true,"href":"https:\/\/rahtek-dz.com\/ar\/wp-json\/wp\/v2\/product_brand?post=17789"},{"taxonomy":"product_cat","embeddable":true,"href":"https:\/\/rahtek-dz.com\/ar\/wp-json\/wp\/v2\/product_cat?post=17789"},{"taxonomy":"product_tag","embeddable":true,"href":"https:\/\/rahtek-dz.com\/ar\/wp-json\/wp\/v2\/product_tag?post=17789"}],"curies":[{"name":"wp","href":"https:\/\/api.w.org\/{rel}","templated":true}]}}