{"id":17817,"date":"2026-02-11T12:03:37","date_gmt":"2026-02-11T11:03:37","guid":{"rendered":"https:\/\/rahtek-dz.com\/product\/spasmag\/"},"modified":"2026-02-11T12:03:37","modified_gmt":"2026-02-11T11:03:37","slug":"spasmag","status":"publish","type":"product","link":"https:\/\/rahtek-dz.com\/ar\/product\/spasmag\/","title":{"rendered":"Spasmag"},"content":{"rendered":"<p>Spasmag est un m\u00e9dicament qui est utilis\u00e9 en cas de sympt\u00f4mes \u00e9voquant un d\u00e9ficit en magn\u00e9sium : fatigue, nervosit\u00e9, crampes musculaires, l\u00e9g\u00e8re anxi\u00e9t\u00e9, etc. Spasmag\u00a0se pr\u00e9sente sous la forme de g\u00e9lules ou de solution buvable en ampoules. Spasmag contient du magn\u00e9sium (sulfate de magn\u00e9sium) associ\u00e9 \u00e0 de la levure Saccharomyces cerevisiae . Il\u00a0peut \u00eatre utilis\u00e9es chez l&rsquo;adulte et l&rsquo;enfant \u00e0 partir de 12 ans. La combinaison de diff\u00e9rents sympt\u00f4mes peut faire penser \u00e0 une carence en magn\u00e9sium : nervosit\u00e9, irritabilit\u00e9, anxi\u00e9t\u00e9 l\u00e9g\u00e8re, fatigue passag\u00e8re, troubles mineurs du sommeil, mais aussi des manifestations d&rsquo;anxi\u00e9t\u00e9 comme des spasmes digestifs ou des palpitations (c\u0153ur sain), ou encore des crampes musculaires ou des fourmillements. L&rsquo;apport du magn\u00e9sium via Spasmag peut alors am\u00e9liorer ces sympt\u00f4mes. Si vous ne constatez pas d&rsquo;am\u00e9lioration des sympt\u00f4mes apr\u00e8s un mois de traitement, ce dernier devra \u00eatre r\u00e9\u00e9valu\u00e9. Pour la fatigue passag\u00e8re, Laroscorbine \u00e0 base de vitamine C peut \u00e9galement \u00eatre une solution. Comment prendre Spasmag ? La prise de Spasmag doit \u00eatre adapt\u00e9e en fonction du profil du patient : Chez l&rsquo;enfant \u00e0 partir de 12\u00a0ans\u00a0: 2 \u00e0 6\u00a0g\u00e9lules par jour, ou 1 \u00e0 3 ampoules par jour. Chez l&rsquo;adulte\u00a0: 6\u00a0g\u00e9lules par jour, ou 3 ampoules par jour. Les g\u00e9lules de Spasmag doivent \u00eatre prises avec un peu d&rsquo;eau, et r\u00e9parties de pr\u00e9f\u00e9rence en plusieurs prises avant ou au cours d&rsquo;un repas. Si le patient le pr\u00e9f\u00e8re, la g\u00e9lule de Spasmag peut \u00eatre ouverte et son contenu m\u00e9lang\u00e9 \u00e0 un liquide pour une prise simplifi\u00e9e. Toujours bien agiter l&rsquo; ampoule de Spasmag avant de l&rsquo;ouvrir, puis la diluer dans un peu d&rsquo;eau avant de l&rsquo;absorber. La dur\u00e9e habituelle du traitement \u00e0 l&rsquo;aide de Spasmag est de 1\u00a0mois. Si le traitement \u00e0 l&rsquo;aide de la solution buvable ou des g\u00e9lules Spasmag n&rsquo;am\u00e9liore pas votre condition ou si vous ressentez un mal-\u00eatre, consultez votre m\u00e9decin. Spasmag est disponible dans les conditionnements suivants sur notre pharmacie en ligne : bo\u00eete de 60 g\u00e9lules (sous plaquettes de\u00a012), ou bo\u00eete de\u00a030 ampoules de 5 ml chacune. Guides \t\t\t\t\t\t                                                                                      de Spasmag Sant\u00e9 Conseils de vie pour mieux dormir Le traitement de l\u2019insomnie passe avant tout par l\u2019observance de quelques r\u00e8gles d\u2019hygi\u00e8ne de vie. En cas &#8230; Marque GrimberG R\u00e9f\u00e9rence(s) 3400932369096, 3400932926350 Mol\u00e9cules magn\u00e9sium sulfate trihydrate &#8211; indigotine &#8211; gomme arabique &#8211; g\u00e9ranyle ac\u00e9tate &#8211; g\u00e9latine &#8211; citron essence &#8211; citral &#8211; butyrate d&rsquo;\u00e9thyle &#8211; aspartam &#8211; alpha-terpin\u00e9ol &#8211; ac\u00e9tald\u00e9hyde &#8211; jus concentr\u00e9 d&rsquo;orange &#8211; linalol &#8211; titane dioxyde &#8211; saccharomyces cerevisiae (50.0 mg) &#8211; orange essence &#8211; orange ar\u00f4me &#8211; magn\u00e9sium sulfate trihydrate (423.5 mg) &#8211; magn\u00e9sium st\u00e9arate &#8211; maltodextrine &#8211; soja Aromatisant orange essence &#8211; orange ar\u00f4me &#8211; linalol &#8211; jus concentr\u00e9 d&rsquo;orange &#8211; gomme arabique &#8211; citron essence &#8211; citral &#8211; butyrate d&rsquo;\u00e9thyle &#8211; alpha-terpin\u00e9ol &#8211; ac\u00e9tald\u00e9hyde &#8211; g\u00e9ranyle ac\u00e9tate Excipient orange ar\u00f4me &#8211; magn\u00e9sium st\u00e9arate &#8211; linalol &#8211; jus concentr\u00e9 d&rsquo;orange &#8211; gomme arabique &#8211; g\u00e9latine &#8211; citron essence &#8211; citral &#8211; butyrate d&rsquo;\u00e9thyle &#8211; alpha-terpin\u00e9ol &#8211; orange essence &#8211; titane dioxyde &#8211; ac\u00e9tald\u00e9hyde &#8211; indigotine &#8211; g\u00e9ranyle ac\u00e9tate Excipient \u00e0 effet notoire aspartam &#8211; maltodextrine &#8211; soja Substance Active saccharomyces cerevisiae &#8211; magn\u00e9sium sulfate trihydrate Indications D\u00e9nutrition et carence &#8211; Carence en magn\u00e9sium Forme gal\u00e9nique g\u00e9lule Mis \u00e0 jour le : 03\/11\/2025<\/p>","protected":false},"excerpt":{"rendered":"<p>Spasmag est un m\u00e9dicament qui est utilis\u00e9 en cas de sympt\u00f4mes \u00e9voquant un d\u00e9ficit en magn\u00e9sium : fatigue, nervosit\u00e9, crampes<\/p>","protected":false},"featured_media":17816,"comment_status":"open","ping_status":"closed","template":"","meta":{"_acf_changed":false},"product_brand":[],"product_cat":[275],"product_tag":[],"class_list":{"0":"post-17817","1":"product","2":"type-product","3":"status-publish","4":"has-post-thumbnail","6":"product_cat-aide-technique","8":"first","9":"instock","10":"shipping-taxable","11":"product-type-simple"},"acf":[],"df_price":"","df_sale_price":"","df_regular_price":"","df_image_link":"https:\/\/rahtek-dz.com\/wp-content\/uploads\/2026\/02\/w-501-h-501-zc-2-spasmag-grimberg8-1745585213.jpg-300x300.webp","_links":{"self":[{"href":"https:\/\/rahtek-dz.com\/ar\/wp-json\/wp\/v2\/product\/17817","targetHints":{"allow":["GET"]}}],"collection":[{"href":"https:\/\/rahtek-dz.com\/ar\/wp-json\/wp\/v2\/product"}],"about":[{"href":"https:\/\/rahtek-dz.com\/ar\/wp-json\/wp\/v2\/types\/product"}],"replies":[{"embeddable":true,"href":"https:\/\/rahtek-dz.com\/ar\/wp-json\/wp\/v2\/comments?post=17817"}],"wp:featuredmedia":[{"embeddable":true,"href":"https:\/\/rahtek-dz.com\/ar\/wp-json\/wp\/v2\/media\/17816"}],"wp:attachment":[{"href":"https:\/\/rahtek-dz.com\/ar\/wp-json\/wp\/v2\/media?parent=17817"}],"wp:term":[{"taxonomy":"product_brand","embeddable":true,"href":"https:\/\/rahtek-dz.com\/ar\/wp-json\/wp\/v2\/product_brand?post=17817"},{"taxonomy":"product_cat","embeddable":true,"href":"https:\/\/rahtek-dz.com\/ar\/wp-json\/wp\/v2\/product_cat?post=17817"},{"taxonomy":"product_tag","embeddable":true,"href":"https:\/\/rahtek-dz.com\/ar\/wp-json\/wp\/v2\/product_tag?post=17817"}],"curies":[{"name":"wp","href":"https:\/\/api.w.org\/{rel}","templated":true}]}}