{"id":17823,"date":"2026-02-11T12:03:38","date_gmt":"2026-02-11T11:03:38","guid":{"rendered":"https:\/\/rahtek-dz.com\/product\/rehausse-wc-contact-plus\/"},"modified":"2026-02-11T12:03:38","modified_gmt":"2026-02-11T11:03:38","slug":"rehausse-wc-contact-plus","status":"publish","type":"product","link":"https:\/\/rahtek-dz.com\/ar\/product\/rehausse-wc-contact-plus\/","title":{"rendered":"Rehausse WC Contact Plus"},"content":{"rendered":"<p>R\u00e9alis\u00e9 en mousse inject\u00e9e dans une peau PVC thermoform\u00e9e \u00e9tanche, le rehausse WC Contact Plus s\u2019embo\u00eete en toute s\u00e9curit\u00e9 sur tout mod\u00e8le de WC gr\u00e2ce \u00e0 ses double l\u00e8vres de fixation. Cet accessoire m\u00e9dical est un indispensable lorsque l&rsquo;acc\u00e8s aux toilettes se fait de plus en plus difficile. Caract\u00e9ristiques du rehausse WC Contact Plus Il r\u00e9hausse de 11 cm la cuvette des WC. Son confort est exceptionnel gr\u00e2ce \u00e0 l\u2019ergonomie de sa forme et la qualit\u00e9 de sa mousse haute densit\u00e9. Le rehausse WC Contact Plus a \u00e9t\u00e9 test\u00e9 et certifi\u00e9 pour supporter un poids de 185 kg. Ce mat\u00e9riel m\u00e9dical est garanti 2 ans. Gr\u00e2ce \u00e0 ca rehausse WC Contact Plus, il sera beaucoup plus facile de vous asseoir et de vous relever des toilettes.\u00a0 Ce rehausse WC a \u00e9t\u00e9 con\u00e7u avec une peau en \u00a8PVC rotomoul\u00e9e et en mousse inject\u00e9e. Pour l&rsquo;entretenir, il suffit d&rsquo;utiliser un liquide m\u00e9nager non abrasif puis de le s\u00e9cher \u00e0 l&rsquo;aide d&rsquo;un chiffon doux. Les dimensions du rehausse WC Contact Plus sont les suivantes : 37 cm de largeur &#8211; 16 cm de hauteur &#8211; 41 cm de profondeur pour un poids de 2 kg environ. Produit fabriqu\u00e9 en France. Conditionnement propos\u00e9 par votre pharmacie en ligne pour le rehausse WC Contact Plus : 1 rehausse WC avec ou sans couvercle. Avis du \t\t\t\t\t\t\t                                                                                pharmacien \t\t\t\t\t\t\t                                                                                sur Rehausse WC Contact Plus Pour installer votre rehausse WC, il vous suffit de l&#8217;embo\u00eeter directement sur la cuvette des toilettes. Marque Herdegen R\u00e9f\u00e9rence(s) 3401077205072, 3701127704426 Mis \u00e0 jour le : 02\/06\/2025<\/p>","protected":false},"excerpt":{"rendered":"<p>R\u00e9alis\u00e9 en mousse inject\u00e9e dans une peau PVC thermoform\u00e9e \u00e9tanche, le rehausse WC Contact Plus s\u2019embo\u00eete en toute s\u00e9curit\u00e9 sur<\/p>","protected":false},"featured_media":17822,"comment_status":"open","ping_status":"closed","template":"","meta":{"_acf_changed":false},"product_brand":[],"product_cat":[275],"product_tag":[],"class_list":{"0":"post-17823","1":"product","2":"type-product","3":"status-publish","4":"has-post-thumbnail","6":"product_cat-aide-technique","8":"first","9":"instock","10":"shipping-taxable","11":"product-type-simple"},"acf":[],"df_price":"","df_sale_price":"","df_regular_price":"","df_image_link":"https:\/\/rahtek-dz.com\/wp-content\/uploads\/2026\/02\/w-501-h-501-zc-2-rehausse-wc-contact-plus-autre-1-1630061051.jpg-300x300.webp","_links":{"self":[{"href":"https:\/\/rahtek-dz.com\/ar\/wp-json\/wp\/v2\/product\/17823","targetHints":{"allow":["GET"]}}],"collection":[{"href":"https:\/\/rahtek-dz.com\/ar\/wp-json\/wp\/v2\/product"}],"about":[{"href":"https:\/\/rahtek-dz.com\/ar\/wp-json\/wp\/v2\/types\/product"}],"replies":[{"embeddable":true,"href":"https:\/\/rahtek-dz.com\/ar\/wp-json\/wp\/v2\/comments?post=17823"}],"wp:featuredmedia":[{"embeddable":true,"href":"https:\/\/rahtek-dz.com\/ar\/wp-json\/wp\/v2\/media\/17822"}],"wp:attachment":[{"href":"https:\/\/rahtek-dz.com\/ar\/wp-json\/wp\/v2\/media?parent=17823"}],"wp:term":[{"taxonomy":"product_brand","embeddable":true,"href":"https:\/\/rahtek-dz.com\/ar\/wp-json\/wp\/v2\/product_brand?post=17823"},{"taxonomy":"product_cat","embeddable":true,"href":"https:\/\/rahtek-dz.com\/ar\/wp-json\/wp\/v2\/product_cat?post=17823"},{"taxonomy":"product_tag","embeddable":true,"href":"https:\/\/rahtek-dz.com\/ar\/wp-json\/wp\/v2\/product_tag?post=17823"}],"curies":[{"name":"wp","href":"https:\/\/api.w.org\/{rel}","templated":true}]}}