{"id":17829,"date":"2026-02-11T12:03:38","date_gmt":"2026-02-11T11:03:38","guid":{"rendered":"https:\/\/rahtek-dz.com\/product\/alvityl-vitalite\/"},"modified":"2026-02-11T12:03:38","modified_gmt":"2026-02-11T11:03:38","slug":"alvityl-vitalite","status":"publish","type":"product","link":"https:\/\/rahtek-dz.com\/ar\/product\/alvityl-vitalite\/","title":{"rendered":"Alvityl Vitalit\u00e9"},"content":{"rendered":"<p>Alvityl Vitalit\u00e9 est un compl\u00e9ment alimentaire \u00e0 base de vitamines et min\u00e9raux, conseill\u00e9 pour aider \u00e0 r\u00e9duire la fatigue et redonner du tonus et de la vitalit\u00e9. Alvityl Vitalit\u00e9 : fatigue, baisse de forme, manque de vitalit\u00e9 Vous ressentez de la fatigue, une baisse de forme et un manque de vitalit\u00e9 ? Certaines p\u00e9riodes comme l&rsquo;hiver et le froid, la convalescence ou la croissance chez l&rsquo;enfant sollicitent fortement l&rsquo;organisme et entra\u00eenent de la fatigue . Lorsque l&rsquo;alimentation n&rsquo;est pas suffisamment riche en nutriments, et qu&rsquo;elle ne couvre pas les besoins journaliers en vitamines et min\u00e9raux, une fatigue g\u00e9n\u00e9rale peut \u00e9galement se faire sentir. Alvityl Vitalit\u00e9 a \u00e9t\u00e9 sp\u00e9cialement formul\u00e9 pour les enfants et les adultes, afin de garantir un apport en vitamines pour retrouver forme et vitalit\u00e9. Des vitamines et min\u00e9raux pour aider \u00e0 r\u00e9duire la fatigue Alvityl Vitalit\u00e9 se pr\u00e9sente sous diff\u00e9rentes formes : une solution buvable en spray des comprim\u00e9s effervescents des comprim\u00e9s \u00e0 croquer des comprim\u00e9s \u00e0 avaler Tous riches en vitamines, les formats de Alvityl Vitalit\u00e9 sont tous destin\u00e9s \u00e0 offrir un apport en nutriments pour aider \u00e0 r\u00e9duire la fatigue et apporter de la vitalit\u00e9. Gr\u00e2ce \u00e0 une formule brevet\u00e9e, Alvityl Vitalit\u00e9 permet de couvrir 100% des valeurs nutritionnelles pour un ensemble de nutriments essentiels (variable selon le format choisi, se r\u00e9f\u00e9rer aux indications de la bo\u00eete)\u00a0: des vitamines du groupe B, de la vitamine C, du fer et du magn\u00e9sium qui aident \u00e0 r\u00e9duire la fatigue du calcium et de la vitamine D qui participent au maintien de l&rsquo;ossature et \u00e0 la croissance osseuse de l&rsquo;enfant Alvityl Vitalit\u00e9 Sirop : le format pratique pour toute la famille Alvityl Vitalit\u00e9 en sirop est la nouvelle pr\u00e9sentation maintenant disponible, utilisable chez les adultes et les enfants d\u00e8s 3 ans. Formul\u00e9 \u00e0 partir de 11 vitamines permettant de couvrir l&rsquo;ensemble des apports n\u00e9cessaires pour toute la famille, Alvityl Vitalit\u00e9 Sirop est pr\u00e9sent\u00e9 ici sous forme d&rsquo;une solution buvable prot\u00e9g\u00e9e dans un flacon pressuris\u00e9 unique, ce qui permet de bien pr\u00e9server les vitamines apr\u00e8s son ouverture. Maintenant disponible sous forme liquide, Alvityl Vitalit\u00e9 en sirop poss\u00e8de un bon go\u00fbt fruit\u00e9. Ce format est notamment recommand\u00e9 pour une prise chez les enfants, mais aussi pour les personnes pr\u00e9sentant des difficult\u00e9s de d\u00e9glutition . Pour les enfants de 3 \u00e0 6 ans, il est conseill\u00e9 d&rsquo;administrer 1 cuill\u00e8re \u00e0 caf\u00e9 d&rsquo;Alvityl Vitalit\u00e9 Sirop par jour. Pour tout sujet \u00e2g\u00e9 de plus de 6 ans, vous pouvez utiliser 2 cuill\u00e8res \u00e0 caf\u00e9 ou 10 ml de sirop Alvityl Vitalit\u00e9 par jour. Les pr\u00e9sentations propos\u00e9es par votre pharmacie en ligne pour Alvityl Vitalit\u00e9 : Sirop en spray de 150 ml go\u00fbt fruit\u00e9 (d\u00e8s 3 ans) bo\u00eete de 30 comprim\u00e9s effervescents go\u00fbt orange (d\u00e8s 12 ans) bo\u00eete de 30\u00a0comprim\u00e9s \u00e0 croquer go\u00fbt fraise (d\u00e8s 4 ans) bo\u00eete de 30 comprim\u00e9s \u00e0 croquer go\u00fbt orange (r\u00e9serv\u00e9 \u00e0 l&rsquo;adulte) bo\u00eete de 40 comprim\u00e9s \u00e0 avaler (d\u00e8s 6 ans) bo\u00eete de 90 comprim\u00e9s \u00e0 avaler (d\u00e8s 6 ans) bo\u00eete de 60 gommes go\u00fbt fruit\u00e9 (d\u00e8s 4 ans) Visuel non contractuel. Avis du \t\t\t\t\t\t\t                                                                                pharmacien \t\t\t\t\t\t\t                                                                                sur Alvityl Vitalit\u00e9 Respectez les modes d&rsquo;administration et les pr\u00e9cautions d&#8217;emploi du format choisir pour Alvityl Vitalit\u00e9. Pour soutenir le syst\u00e8me immunitaire des adultes, d\u00e9couvrez \u00e9galement Multibiane et Multi-vitamines Global Stress et Vitalit\u00e9 . Marque Alvityl R\u00e9f\u00e9rence(s) 3664492000046, 3664492019291, 3664492022789, 3664492022864, 3664492022918, 3664492022925, 3664492023021 Mis \u00e0 jour le : 05\/02\/2026<\/p>","protected":false},"excerpt":{"rendered":"<p>Alvityl Vitalit\u00e9 est un compl\u00e9ment alimentaire \u00e0 base de vitamines et min\u00e9raux, conseill\u00e9 pour aider \u00e0 r\u00e9duire la fatigue et<\/p>","protected":false},"featured_media":17828,"comment_status":"open","ping_status":"closed","template":"","meta":{"_acf_changed":false},"product_brand":[],"product_cat":[275],"product_tag":[],"class_list":{"0":"post-17829","1":"product","2":"type-product","3":"status-publish","4":"has-post-thumbnail","6":"product_cat-aide-technique","8":"first","9":"instock","10":"shipping-taxable","11":"product-type-simple"},"acf":[],"df_price":"","df_sale_price":"","df_regular_price":"","df_image_link":"https:\/\/rahtek-dz.com\/wp-content\/uploads\/2026\/02\/w-501-h-501-zc-2-alvityl-vitalite-alvityl34-1767095138.jpg-300x300.webp","_links":{"self":[{"href":"https:\/\/rahtek-dz.com\/ar\/wp-json\/wp\/v2\/product\/17829","targetHints":{"allow":["GET"]}}],"collection":[{"href":"https:\/\/rahtek-dz.com\/ar\/wp-json\/wp\/v2\/product"}],"about":[{"href":"https:\/\/rahtek-dz.com\/ar\/wp-json\/wp\/v2\/types\/product"}],"replies":[{"embeddable":true,"href":"https:\/\/rahtek-dz.com\/ar\/wp-json\/wp\/v2\/comments?post=17829"}],"wp:featuredmedia":[{"embeddable":true,"href":"https:\/\/rahtek-dz.com\/ar\/wp-json\/wp\/v2\/media\/17828"}],"wp:attachment":[{"href":"https:\/\/rahtek-dz.com\/ar\/wp-json\/wp\/v2\/media?parent=17829"}],"wp:term":[{"taxonomy":"product_brand","embeddable":true,"href":"https:\/\/rahtek-dz.com\/ar\/wp-json\/wp\/v2\/product_brand?post=17829"},{"taxonomy":"product_cat","embeddable":true,"href":"https:\/\/rahtek-dz.com\/ar\/wp-json\/wp\/v2\/product_cat?post=17829"},{"taxonomy":"product_tag","embeddable":true,"href":"https:\/\/rahtek-dz.com\/ar\/wp-json\/wp\/v2\/product_tag?post=17829"}],"curies":[{"name":"wp","href":"https:\/\/api.w.org\/{rel}","templated":true}]}}