{"id":17835,"date":"2026-02-11T12:03:39","date_gmt":"2026-02-11T11:03:39","guid":{"rendered":"https:\/\/rahtek-dz.com\/product\/granions-vitamines-k2-d3\/"},"modified":"2026-02-11T12:03:39","modified_gmt":"2026-02-11T11:03:39","slug":"granions-vitamines-k2-d3","status":"publish","type":"product","link":"https:\/\/rahtek-dz.com\/ar\/product\/granions-vitamines-k2-d3\/","title":{"rendered":"Granions Vitamines K2 D3"},"content":{"rendered":"<p>Vitamines K2 D3 est un compl\u00e9ment alimentaire du laboratoire des Granions sous forme de comprim\u00e9s, et recommand\u00e9 pour soutenir votre immunit\u00e9, votre capital osseux et votre sant\u00e9 cardiovasculaire. Granions Vitamine K2 D3 est un compl\u00e9ment alimentaire\u00a0\u00e0 base de vitamines D3 d&rsquo;origine v\u00e9g\u00e9tale issue du lichen, associ\u00e9e \u00e0 une vitamine K2 MK-7 all-trans brevet\u00e9e . La vitamine D3 (vitamine D3 v\u00e9g\u00e9tale 2000 UI) contribue au fonctionnement normal du syst\u00e8me immunitaire et au maintien d&rsquo;une ossature normale .\u00a0La vitamine K contribue \u00e0 une coagulation sanguine normale. La formule des comprim\u00e9s de Granions Vitamine K2 D3 est par ailleurs garantie vegan, sans gluten, sans colorant ni conservateur, sans sucre ni \u00e9dulcorant. Son utilisation est indiqu\u00e9e chez l\u2019adulte et chez l\u2019enfant \u00e2g\u00e9 de plus de 10 ans uniquement, et convient particuli\u00e8rement aux seniors, aux femmes m\u00e9nopaus\u00e9es, aux personnes ayant une carence en vitamine D ou en calcium , ou encore \u00e0 celles qui souhaitent renforcer leur syst\u00e8me immunitaire et leur bien-\u00eatre g\u00e9n\u00e9ral. Pourquoi prendre le compl\u00e9ment alimentaire Granions Vitamines K2 D3\u00a0? Les comprim\u00e9s de Granions Vitamines K2 D3 sont recommand\u00e9s pour\u00a0: Am\u00e9liorer l\u2019absorption du calcium . (La vitamine D3 am\u00e9liore l\u2019absorption du calcium.) Favoriser une bonne sant\u00e9 cardiovasculaire . (La vitamine K2 MK-7 emp\u00eache l\u2019accumulation du calcium dans les art\u00e8res, favorisant une bonne sant\u00e9 cardiovasculaire.) R\u00e9duire les ballonnements et les reflux acides . Am\u00e9liorer le transit intestinal . Vous pourrez s\u00e9lectionner le compl\u00e9ment alimentaire Granions Vitamines K2 D3 parmi les conditionnements suivants sur notre pharmacie en ligne\u00a0: flacon de 60 comprim\u00e9s (pour un programme de 2 mois). Avis du \t\t\t\t\t\t\t                                                                                pharmacien \t\t\t\t\t\t\t                                                                                sur Granions Vitamines K2 D3 Prendre 1 comprim\u00e9 par jour le matin, de pr\u00e9f\u00e9rence au cours du petit d\u00e9jeuner, avec un grand verre d\u2019eau.  Pr\u00e9cautions d\u2019emploi : ce compl\u00e9ment alimentaire doit \u00eatre utilis\u00e9 dans le cadre d\u2019un mode de vie sain et ne remplace pas une alimentation vari\u00e9e et \u00e9quilibr\u00e9e. Ne pas d\u00e9passer la dose journali\u00e8re recommand\u00e9e. Tenir hors de port\u00e9e des jeunes enfants. Granions K2-D3 est d\u00e9conseill\u00e9 aux femmes enceintes, allaitantes, aux enfants de moins de 10 ans et aux personnes sous traitement anticoagulant. \u00c0 conserver \u00e0 l\u2019abri de la chaleur, de la lumi\u00e8re et de l\u2019humidit\u00e9. Marque Granions R\u00e9f\u00e9rence(s) 3760155219326 Mis \u00e0 jour le : 27\/01\/2026<\/p>","protected":false},"excerpt":{"rendered":"<p>Vitamines K2 D3 est un compl\u00e9ment alimentaire du laboratoire des Granions sous forme de comprim\u00e9s, et recommand\u00e9 pour soutenir votre<\/p>","protected":false},"featured_media":17834,"comment_status":"open","ping_status":"closed","template":"","meta":{"_acf_changed":false},"product_brand":[],"product_cat":[275],"product_tag":[],"class_list":{"0":"post-17835","1":"product","2":"type-product","3":"status-publish","4":"has-post-thumbnail","6":"product_cat-aide-technique","8":"first","9":"instock","10":"shipping-taxable","11":"product-type-simple"},"acf":[],"df_price":"","df_sale_price":"","df_regular_price":"","df_image_link":"https:\/\/rahtek-dz.com\/wp-content\/uploads\/2026\/02\/w-501-h-501-zc-2-granions-vitamines-k2-d3-granions4-1770204649.jpg-300x300.webp","_links":{"self":[{"href":"https:\/\/rahtek-dz.com\/ar\/wp-json\/wp\/v2\/product\/17835","targetHints":{"allow":["GET"]}}],"collection":[{"href":"https:\/\/rahtek-dz.com\/ar\/wp-json\/wp\/v2\/product"}],"about":[{"href":"https:\/\/rahtek-dz.com\/ar\/wp-json\/wp\/v2\/types\/product"}],"replies":[{"embeddable":true,"href":"https:\/\/rahtek-dz.com\/ar\/wp-json\/wp\/v2\/comments?post=17835"}],"wp:featuredmedia":[{"embeddable":true,"href":"https:\/\/rahtek-dz.com\/ar\/wp-json\/wp\/v2\/media\/17834"}],"wp:attachment":[{"href":"https:\/\/rahtek-dz.com\/ar\/wp-json\/wp\/v2\/media?parent=17835"}],"wp:term":[{"taxonomy":"product_brand","embeddable":true,"href":"https:\/\/rahtek-dz.com\/ar\/wp-json\/wp\/v2\/product_brand?post=17835"},{"taxonomy":"product_cat","embeddable":true,"href":"https:\/\/rahtek-dz.com\/ar\/wp-json\/wp\/v2\/product_cat?post=17835"},{"taxonomy":"product_tag","embeddable":true,"href":"https:\/\/rahtek-dz.com\/ar\/wp-json\/wp\/v2\/product_tag?post=17835"}],"curies":[{"name":"wp","href":"https:\/\/api.w.org\/{rel}","templated":true}]}}