{"id":17837,"date":"2026-02-11T12:03:39","date_gmt":"2026-02-11T11:03:39","guid":{"rendered":"https:\/\/rahtek-dz.com\/product\/fervexrhume\/"},"modified":"2026-02-11T12:03:39","modified_gmt":"2026-02-11T11:03:39","slug":"fervexrhume","status":"publish","type":"product","link":"https:\/\/rahtek-dz.com\/ar\/product\/fervexrhume\/","title":{"rendered":"FervexRhume"},"content":{"rendered":"<p>FervexRhume est un m\u00e9dicament \u00e0 base de parac\u00e9tamol et de cholorph\u00e9namine utilis\u00e9 pour soulager les sympt\u00f4mes li\u00e9s aux rhumes : \u00e9coulement nasal, \u00e9ternuements, larmoiements, maux de t\u00eate et fi\u00e8vre. Pourquoi prendre\u00a0FervexRhume comprim\u00e9s ? Fervexrhume est compos\u00e9 de parac\u00e9tamol qui permet de combattre la fi\u00e8vre et les douleurs , ainsi qu&rsquo;un antihistaminique \u00e0 l&rsquo;effet ass\u00e9chant sur les s\u00e9cr\u00e9tions nasales. Cette association permet de lutter contre les\u00a0maux de l&rsquo;hiver tels que le rhume la rhinite l&rsquo; \u00e9tat grippal la rhinopharyngite Ainsi, les comprim\u00e9s Fervexrhume vont traiter les sympt\u00f4mes suivants :\u00a0l&rsquo;\u00e9coulement nasal clair, les larmoiements, les \u00e9ternuements, les maux de t\u00eate et la fi\u00e8vre. Comment utiliser FervexRhume ? Posologie usuelle : chez les adultes et les enfants de plus de 15 ans, avaler 1 comprim\u00e9 avec un verre d&rsquo;eau, 1 \u00e0 4 fois par jour, avec un intervalle minimum de 4 heures. Avalez les comprim\u00e9s avec un verre d&rsquo;eau. En cas d&rsquo;insuffisance r\u00e9nale, respecter un intervalle de 8h entre les prises. Avis du \t\t\t\t\t\t\t                                                                                pharmacien \t\t\t\t\t\t\t                                                                                sur FervexRhume Ne prenez pas FervexRhume en cas de : maladie grave du foie, risque de glaucome \u00e0 angle ferm\u00e9, risque de blocage des urines (ad\u00e9nome de la prostate), enfant de moins de 15 ans Pr\u00e9cautions d&#8217;emploi : Ne pas utiliser FervexRhume en association avec d&rsquo;autres m\u00e9dicaments contenant du parac\u00e9tamol. Ne pas d\u00e9passer la dose maximale de 3 g de parac\u00e9tamol par jour. Evitez la consommation d&rsquo;alcool car celle ci accroit le risque de somnolence. Ce m\u00e9dicament peut \u00eatre utilis\u00e9 pendant la grossesse : utilisez cependant la dose la plus faible possible et pendant la dur\u00e9e la plus courte possible D\u00e9conseill\u00e9 pendant l&rsquo;allaitement En cas de doutes, demandez toujours conseil \u00e0 votre m\u00e9decin. Marque UPSA R\u00e9f\u00e9rence(s) 3400930143032 Indications Etat grippal &#8211; Rhinite et rhinopharyngite aigu\u00eb Excipient \u00e0 effet notoire sorbitol &#8211; rouge allura AC laque aluminique &#8211; azorubine Excipient cire de carnauba &#8211; cire d&rsquo;abeille &#8211; cellulose microcristalline &#8211; amidon de ma\u00efs modifi\u00e9 &#8211; amidon de ma\u00efs &#8211; acide st\u00e9arique &#8211; acide sorbique &#8211; croscarmellose sel de Na &#8211; eau purifi\u00e9e &#8211; titane dioxyde &#8211; propyl\u00e8neglycol &#8211; povidone &#8211; polysorbate 20 &#8211; magn\u00e9sium st\u00e9arate &#8211; indigotine &#8211; hypromellose &#8211; glyc\u00e9rol dib\u00e9h\u00e9nate &#8211; glyc\u00e9rol b\u00e9h\u00e9nate Substance Active pseudo\u00e9ph\u00e9drine chlorhydrate &#8211; parac\u00e9tamol &#8211; chlorph\u00e9namine mal\u00e9ate &#8211; acide ascorbique Mol\u00e9cules titane dioxyde &#8211; sorbitol &#8211; cire de carnauba &#8211; cire d&rsquo;abeille &#8211; chlorph\u00e9namine mal\u00e9ate (4.0 mg) &#8211; cellulose microcristalline &#8211; azorubine &#8211; amidon de ma\u00efs modifi\u00e9 &#8211; amidon de ma\u00efs &#8211; acide st\u00e9arique &#8211; acide sorbique &#8211; acide ascorbique (200.0 mg) &#8211; croscarmellose sel de Na &#8211; eau purifi\u00e9e &#8211; rouge allura AC laque aluminique &#8211; pseudo\u00e9ph\u00e9drine chlorhydrate (60.0 mg) &#8211; propyl\u00e8neglycol &#8211; povidone &#8211; polysorbate 20 &#8211; parac\u00e9tamol (500.0 mg) &#8211; magn\u00e9sium st\u00e9arate &#8211; indigotine &#8211; hypromellose &#8211; glyc\u00e9rol dib\u00e9h\u00e9nate &#8211; glyc\u00e9rol b\u00e9h\u00e9nate Forme gal\u00e9nique comprim\u00e9 pellicul\u00e9 Mis \u00e0 jour le : 06\/02\/2026<\/p>","protected":false},"excerpt":{"rendered":"<p>FervexRhume est un m\u00e9dicament \u00e0 base de parac\u00e9tamol et de cholorph\u00e9namine utilis\u00e9 pour soulager les sympt\u00f4mes li\u00e9s aux rhumes :<\/p>","protected":false},"featured_media":17836,"comment_status":"open","ping_status":"closed","template":"","meta":{"_acf_changed":false},"product_brand":[],"product_cat":[275],"product_tag":[],"class_list":{"0":"post-17837","1":"product","2":"type-product","3":"status-publish","4":"has-post-thumbnail","6":"product_cat-aide-technique","8":"first","9":"instock","10":"shipping-taxable","11":"product-type-simple"},"acf":[],"df_price":"","df_sale_price":"","df_regular_price":"","df_image_link":"https:\/\/rahtek-dz.com\/wp-content\/uploads\/2026\/02\/w-501-h-501-zc-2-fervexrhume-upsa8-1747925137.jpg-300x300.webp","_links":{"self":[{"href":"https:\/\/rahtek-dz.com\/ar\/wp-json\/wp\/v2\/product\/17837","targetHints":{"allow":["GET"]}}],"collection":[{"href":"https:\/\/rahtek-dz.com\/ar\/wp-json\/wp\/v2\/product"}],"about":[{"href":"https:\/\/rahtek-dz.com\/ar\/wp-json\/wp\/v2\/types\/product"}],"replies":[{"embeddable":true,"href":"https:\/\/rahtek-dz.com\/ar\/wp-json\/wp\/v2\/comments?post=17837"}],"wp:featuredmedia":[{"embeddable":true,"href":"https:\/\/rahtek-dz.com\/ar\/wp-json\/wp\/v2\/media\/17836"}],"wp:attachment":[{"href":"https:\/\/rahtek-dz.com\/ar\/wp-json\/wp\/v2\/media?parent=17837"}],"wp:term":[{"taxonomy":"product_brand","embeddable":true,"href":"https:\/\/rahtek-dz.com\/ar\/wp-json\/wp\/v2\/product_brand?post=17837"},{"taxonomy":"product_cat","embeddable":true,"href":"https:\/\/rahtek-dz.com\/ar\/wp-json\/wp\/v2\/product_cat?post=17837"},{"taxonomy":"product_tag","embeddable":true,"href":"https:\/\/rahtek-dz.com\/ar\/wp-json\/wp\/v2\/product_tag?post=17837"}],"curies":[{"name":"wp","href":"https:\/\/api.w.org\/{rel}","templated":true}]}}