{"id":17841,"date":"2026-02-11T12:03:39","date_gmt":"2026-02-11T11:03:39","guid":{"rendered":"https:\/\/rahtek-dz.com\/product\/arkogelules-eschscholtzia\/"},"modified":"2026-02-11T12:03:39","modified_gmt":"2026-02-11T11:03:39","slug":"arkogelules-eschscholtzia","status":"publish","type":"product","link":"https:\/\/rahtek-dz.com\/ar\/product\/arkogelules-eschscholtzia\/","title":{"rendered":"Arkog\u00e9lules Eschscholtzia"},"content":{"rendered":"<p>Arkog\u00e9lules Eschscholtzia est un m\u00e9dicament \u00e0 base de plantes des laboratoires Arkopharma, traditionnellement utilis\u00e9 dans le traitement symptomatique de la nervosit\u00e9, notamment en cas de troubles l\u00e9gers du sommeil. Arkopharma Arkogelules Eschscholtzia : nervosit\u00e9 et troubles du sommeil Arkog\u00e9lules Eschscholtzia est un m\u00e9dicament formul\u00e9 avec la partie a\u00e9rienne de la plante. Il est traditionnellement utilis\u00e9 dans le traitement des sympt\u00f4mes des \u00e9tats neurotoniques des adultes et des enfants, plus particuli\u00e8rement en cas de troubles du sommeil mineurs. L&rsquo;Eschscholtzia est une plante \u00e0 vis\u00e9e s\u00e9dative. Elle est particuli\u00e8rement utilis\u00e9e en cas de nervosit\u00e9 et de troubles du sommeil l\u00e9gers car elle permet de calmer et d&rsquo;apaiser. Pr\u00e9sentation propos\u00e9e par votre pharmacie en ligne : bo\u00eete de 45 g\u00e9lules. Mode d&rsquo;administration et posologie des g\u00e9lules d&rsquo;Eschscholtzia Arkopharma Voie orale. R\u00e9serv\u00e9 \u00e0 l&rsquo;adulte et \u00e0 l&rsquo;enfant de plus de 12 ans. Ce m\u00e9dicament contient de l&rsquo;Eschscholtzia pr\u00e9sum\u00e9 sans danger pendant la grossesse et l&rsquo;allaitement. Par mesure de prudence, demandez au pr\u00e9alable l&rsquo;avis d&rsquo;un professionnel. Adulte : 2 g\u00e9lules le soir au moment du repas et 2 g\u00e9lules au coucher, avec un grand verre d&rsquo;eau. La posologie peut \u00eatre port\u00e9e \u00e0 5 g\u00e9lules si n\u00e9cessaire. Enfant de plus de 12 ans : 1 g\u00e9lule le soir au moment du repas et 1 g\u00e9lule au coucher, avec un grand verre d&rsquo;eau. Avis du \t\t\t\t\t\t\t                                                                                pharmacien \t\t\t\t\t\t\t                                                                                sur Arkog\u00e9lules Eschscholtzia Conseils en cas de troubles du sommeil Les m\u00e9dicaments ne sont pas la seule r\u00e9ponse aux troubles du sommeil. Pour am\u00e9liorer la qualit\u00e9 du sommeil , il est conseill\u00e9 d&rsquo;adopter une meilleure hygi\u00e8ne de vie, une consommation mod\u00e9r\u00e9e de th\u00e9, caf\u00e9 et alcool, d&rsquo;insonoriser la chambre ou de porter des protections auditives du type boules Quies . L&rsquo;Eschscholtzia : plante de la nervosit\u00e9 et du sommeil L&rsquo;Eschscholtzia ( Eschscholtzia californica ) est une plante aux fleurs jaunes caract\u00e9ristiques originaire de Californie. Elle fait partie de la m\u00eame famille que le\u00a0coquelicot.  L&rsquo;Eschscholtzia est notamment utilis\u00e9 dans les \u00e9tats de tension nerveuse l\u00e9g\u00e8re et dans les troubles mineurs du sommeil. Fiches \t\t\t\t\t\t                                                                                      conseils Sant\u00e9 Conseils de vie pour mieux dormir Le traitement de l\u2019insomnie passe avant tout par l\u2019observance de quelques r\u00e8gles d\u2019hygi\u00e8ne de vie. En cas &#8230; Marque Arkog\u00e9lules R\u00e9f\u00e9rence(s) 3400933437008 Ancienne(s) d\u00e9signation(s) produit 3578835506174 Forme gal\u00e9nique g\u00e9lule Indications Insomnie &#8211; Troubles psychiques mineurs Mol\u00e9cules eschscholtzia partie a\u00e9rienne fleurie (300.0 mg) &#8211; hypromellose Substance Active eschscholtzia partie a\u00e9rienne fleurie Excipient hypromellose Mis \u00e0 jour le : 02\/02\/2026<\/p>","protected":false},"excerpt":{"rendered":"<p>Arkog\u00e9lules Eschscholtzia est un m\u00e9dicament \u00e0 base de plantes des laboratoires Arkopharma, traditionnellement utilis\u00e9 dans le traitement symptomatique de la<\/p>","protected":false},"featured_media":17840,"comment_status":"open","ping_status":"closed","template":"","meta":{"_acf_changed":false},"product_brand":[],"product_cat":[275],"product_tag":[],"class_list":{"0":"post-17841","1":"product","2":"type-product","3":"status-publish","4":"has-post-thumbnail","6":"product_cat-aide-technique","8":"first","9":"instock","10":"shipping-taxable","11":"product-type-simple"},"acf":[],"df_price":"","df_sale_price":"","df_regular_price":"","df_image_link":"https:\/\/rahtek-dz.com\/wp-content\/uploads\/2026\/02\/w-501-h-501-zc-2-arkogelules-eschscholtzia-45-gelules-2-1509796792.jpg-300x300.webp","_links":{"self":[{"href":"https:\/\/rahtek-dz.com\/ar\/wp-json\/wp\/v2\/product\/17841","targetHints":{"allow":["GET"]}}],"collection":[{"href":"https:\/\/rahtek-dz.com\/ar\/wp-json\/wp\/v2\/product"}],"about":[{"href":"https:\/\/rahtek-dz.com\/ar\/wp-json\/wp\/v2\/types\/product"}],"replies":[{"embeddable":true,"href":"https:\/\/rahtek-dz.com\/ar\/wp-json\/wp\/v2\/comments?post=17841"}],"wp:featuredmedia":[{"embeddable":true,"href":"https:\/\/rahtek-dz.com\/ar\/wp-json\/wp\/v2\/media\/17840"}],"wp:attachment":[{"href":"https:\/\/rahtek-dz.com\/ar\/wp-json\/wp\/v2\/media?parent=17841"}],"wp:term":[{"taxonomy":"product_brand","embeddable":true,"href":"https:\/\/rahtek-dz.com\/ar\/wp-json\/wp\/v2\/product_brand?post=17841"},{"taxonomy":"product_cat","embeddable":true,"href":"https:\/\/rahtek-dz.com\/ar\/wp-json\/wp\/v2\/product_cat?post=17841"},{"taxonomy":"product_tag","embeddable":true,"href":"https:\/\/rahtek-dz.com\/ar\/wp-json\/wp\/v2\/product_tag?post=17841"}],"curies":[{"name":"wp","href":"https:\/\/api.w.org\/{rel}","templated":true}]}}