{"id":17855,"date":"2026-02-11T12:03:40","date_gmt":"2026-02-11T11:03:40","guid":{"rendered":"https:\/\/rahtek-dz.com\/product\/eurofine-aiguilles-hypodermiques-x100\/"},"modified":"2026-02-11T12:03:40","modified_gmt":"2026-02-11T11:03:40","slug":"eurofine-aiguilles-hypodermiques-x100","status":"publish","type":"product","link":"https:\/\/rahtek-dz.com\/ar\/product\/eurofine-aiguilles-hypodermiques-x100\/","title":{"rendered":"\u0661\u0660\u0660 \u0625\u0628\u0631\u0629 \u062a\u062d\u062a \u0627\u0644\u062c\u0644\u062f \u0645\u0646 \u064a\u0648\u0631\u0648\u0641\u0627\u064a\u0646"},"content":{"rendered":"<p>Description Eurofine aiguilles hypodermiques x100 Aiguille en acier inoxydable st\u00e9rile. Embase en polypropyl\u00e8ne translucide aux couleurs standards. Diam\u00e8tre ext\u00e9rieur de 0,45 \u00e0 1,2 mm. Longueurs disponibles : 12, 16, 25, 30, 40 et 50 mm. St\u00e9rilisation \u00e0 l&rsquo;oxyde d&rsquo;\u00e9thyl\u00e8ne. BN : Biseau normal \/ BC : Biseau court. Marque Euromedis R\u00e9f\u00e9rence(s) 3389360004376, 3389360004383, 3389360004390, 3389360004406, 3389360004413, 3389360004420, 3389360004437, 3389360004444, 3389360004451, 3389360004468, 3389360004475, 3389360004482, 3389360004499, 3389360011916, 3389360012036, 3389360014009 Mis \u00e0 jour le : 02\/12\/2025<\/p>","protected":false},"excerpt":{"rendered":"<p>Description Eurofine aiguilles hypodermiques x100 Aiguille en acier inoxydable st\u00e9rile. Embase en polypropyl\u00e8ne translucide aux couleurs standards. Diam\u00e8tre ext\u00e9rieur de<\/p>","protected":false},"featured_media":17854,"comment_status":"open","ping_status":"closed","template":"","meta":{"_acf_changed":false},"product_brand":[],"product_cat":[275],"product_tag":[],"class_list":{"0":"post-17855","1":"product","2":"type-product","3":"status-publish","4":"has-post-thumbnail","6":"product_cat-aide-technique","8":"first","9":"instock","10":"shipping-taxable","11":"product-type-simple"},"acf":[],"df_price":"","df_sale_price":"","df_regular_price":"","df_image_link":"https:\/\/rahtek-dz.com\/wp-content\/uploads\/2026\/02\/w-501-h-501-zc-2-eurofine-aiguilles-hypodermiques-x100-9-1599040355.jpg-300x300.webp","_links":{"self":[{"href":"https:\/\/rahtek-dz.com\/ar\/wp-json\/wp\/v2\/product\/17855","targetHints":{"allow":["GET"]}}],"collection":[{"href":"https:\/\/rahtek-dz.com\/ar\/wp-json\/wp\/v2\/product"}],"about":[{"href":"https:\/\/rahtek-dz.com\/ar\/wp-json\/wp\/v2\/types\/product"}],"replies":[{"embeddable":true,"href":"https:\/\/rahtek-dz.com\/ar\/wp-json\/wp\/v2\/comments?post=17855"}],"wp:featuredmedia":[{"embeddable":true,"href":"https:\/\/rahtek-dz.com\/ar\/wp-json\/wp\/v2\/media\/17854"}],"wp:attachment":[{"href":"https:\/\/rahtek-dz.com\/ar\/wp-json\/wp\/v2\/media?parent=17855"}],"wp:term":[{"taxonomy":"product_brand","embeddable":true,"href":"https:\/\/rahtek-dz.com\/ar\/wp-json\/wp\/v2\/product_brand?post=17855"},{"taxonomy":"product_cat","embeddable":true,"href":"https:\/\/rahtek-dz.com\/ar\/wp-json\/wp\/v2\/product_cat?post=17855"},{"taxonomy":"product_tag","embeddable":true,"href":"https:\/\/rahtek-dz.com\/ar\/wp-json\/wp\/v2\/product_tag?post=17855"}],"curies":[{"name":"wp","href":"https:\/\/api.w.org\/{rel}","templated":true}]}}